{"id":152194,"date":"2021-01-15T12:03:37","date_gmt":"2021-01-15T12:03:37","guid":{"rendered":"https:\/\/codengine3.ch\/?product=import-placeholder-for-206157"},"modified":"2021-01-15T14:46:52","modified_gmt":"2021-01-15T14:46:52","slug":"der-geist-am-berg","status":"publish","type":"product","link":"https:\/\/pizbube.ch\/en\/shop\/der-geist-am-berg\/","title":{"rendered":"Der Geist am Berg"},"content":{"rendered":"<p>Eine Liebe, ungest\u00fcm wie ein Gewitter im Gebirge. Ein modernes M\u00e4rchen vom<br \/>\nSchweizer Bestsellerautor Tim Krohn \u00fcber eine wilde Grenzg\u00e4ngerin zwischen Alp<br \/>\nund Tal, zwischen den Zeiten und zwischen Freiheit und Liebe. Hoch oben in den<br \/>\nBergen, auf der steinernen Alp, lebt Stine mit ihrer Mutter und dem Knecht<br \/>\nSeverin. Stine hasst das Tal, niemals will sie weg von der Alp, sie liebt es,<br \/>\nmit dem Schatten um die Wette zu laufen, der am Abend \u00fcber den Grat kriecht.<br \/>\nDoch der Berg zerf\u00e4llt, Ger\u00f6ll hat die Wiesen bedeckt. Immer wieder werden<br \/>\nZiegen von Steinen erschlagen.<\/p>\n<p>Als das Geld allzu knapp wird, tritt sie einen Job in der Bar des nahen<br \/>\nGrandhotels an. Dort trifft sie Bruno, den sie mit ihrem rauen Gesang und<br \/>\nihrer Wildheit verzaubert. Als Bruno zur\u00fcck zu seiner Verlobten nach Genf<br \/>\nf\u00e4hrt, besteigt Stine zum ersten Mal in ihrem Leben den Bus in die Stadt.  <\/p>\n<p>Auf der Suche nach Bruno muss Stine lernen, sich in der Gegenwart der<br \/>\nHotelbars und der Gro\u00dfstadt zurechtzu finden. Was dann geschieht, ist ein<br \/>\nAusbruch aus ihrem Leben, das in der Zeit stehen geblieben ist, und ein<br \/>\nAusbruch von Gef\u00fchlen, die Stine bisher vollkommen fremd waren. Sie k\u00e4mpft um<br \/>\nihre Liebe mit den Mitteln, die sie kennt, und zahlt einen bitteren Preis.<\/p>\n<p>Tim Krohns Bergnovelle erz\u00e4hlt die atmosph\u00e4rische Geschichte einer wilden<br \/>\njungen Frau, in einer Sprache, die so klar und rau ist wie der Berg, auf dem<br \/>\ndie Stine lebt. Einf\u00fchlsam und drastisch zugleich zeichnet er eine Bergwelt,<br \/>\ndie in der Vergangenheit zu liegen scheint und \u00fcber die doch ab und zu der<br \/>\nHubschrauber des Hotels hinwegfegt.  <\/p>","protected":false},"excerpt":{"rendered":"<p>Eine Liebe, ungest\u00fcm wie ein Gewitter im Gebirge. Ein modernes M\u00e4rchen vom Schweizer Bestsellerautor Tim Krohn \u00fcber eine wilde Grenzg\u00e4ngerin zwischen Alp und Tal, zwischen den Zeiten und zwischen Freiheit und Liebe. Hoch oben in den Bergen, auf der steinernen Alp, lebt Stine mit ihrer Mutter und dem Knecht Severin. Stine hasst das Tal, niemals [&#8230;]\n","protected":false},"featured_media":35096,"template":"","meta":[],"product_brand":[],"product_cat":[21629],"product_tag":[],"class_list":{"0":"post-152194","1":"product","2":"type-product","3":"status-publish","4":"has-post-thumbnail","6":"product_cat-belletristik","7":"pa_autor-krohn","8":"pa_erscheinungsjahr-21830","9":"pa_region-schweiz","10":"pa_sprache-de","12":"first","13":"instock","14":"taxable","15":"shipping-taxable","16":"purchasable","17":"product-type-simple"},"_links":{"self":[{"href":"https:\/\/pizbube.ch\/en\/wp-json\/wp\/v2\/product\/152194","targetHints":{"allow":["GET"]}}],"collection":[{"href":"https:\/\/pizbube.ch\/en\/wp-json\/wp\/v2\/product"}],"about":[{"href":"https:\/\/pizbube.ch\/en\/wp-json\/wp\/v2\/types\/product"}],"wp:featuredmedia":[{"embeddable":true,"href":"https:\/\/pizbube.ch\/en\/wp-json\/wp\/v2\/media\/35096"}],"wp:attachment":[{"href":"https:\/\/pizbube.ch\/en\/wp-json\/wp\/v2\/media?parent=152194"}],"wp:term":[{"taxonomy":"product_brand","embeddable":true,"href":"https:\/\/pizbube.ch\/en\/wp-json\/wp\/v2\/product_brand?post=152194"},{"taxonomy":"product_cat","embeddable":true,"href":"https:\/\/pizbube.ch\/en\/wp-json\/wp\/v2\/product_cat?post=152194"},{"taxonomy":"product_tag","embeddable":true,"href":"https:\/\/pizbube.ch\/en\/wp-json\/wp\/v2\/product_tag?post=152194"}],"curies":[{"name":"wp","href":"https:\/\/api.w.org\/{rel}","templated":true}]}}