{"id":152201,"date":"2021-01-15T12:03:38","date_gmt":"2021-01-15T12:03:38","guid":{"rendered":"https:\/\/codengine3.ch\/?product=import-placeholder-for-205795"},"modified":"2023-11-04T10:31:27","modified_gmt":"2023-11-04T09:31:27","slug":"julische-alpen-steiner-alpen-175000-wk-2801","status":"publish","type":"product","link":"https:\/\/pizbube.ch\/en\/shop\/julische-alpen-steiner-alpen-175000-wk-2801\/","title":{"rendered":"Julische Alpen-Steiner Alpen 1:75&#8217;000 WK 2801"},"content":{"rendered":"<p>WK 2801<\/p>\n<p>KOMPASS-Wanderkarten enthalten alles Wissenswerte f\u00fcr Wanderer wie aktuelle<br \/>\nWanderwege mit Markierungen, empfehlenswerte Radrouten und wichtige<br \/>\ntouristische Informationen.<\/p>\n<p>Der topographische Inhalt wird bei aller Detailgenauigkeit leicht lesbar und<br \/>\nanschaulich dargestellt.<br \/>\nEin \u00fcbersichtlich gestaltetes Beiheft mit zahlreichen Farbfotos informiert<br \/>\n\u00fcber Orte und Schutzh\u00fctten sowie empfehlenswerte Touren, Sehensw\u00fcrdigkeiten<br \/>\nund Freizeiteinrichtungen<\/p>\n<p><span class=\"value\">&#8211; Julius Kugy (1858 \u2013 1944) erlebte sie noch weitgehend als terra incognita, als hochalpines Sagenreich des goldenen Steinbocks Zlatorog. Heute sind die Julischen Alpen (die nicht nach dem Alpinpionier, sondern schon viel fr\u00fcher nach dem r\u00f6mischen Geschlecht der Julier benannt wurden) als gut erschlossenes Wander- und Bergsteigerparadies, das mit dem Nationalpark Triglav auch den notwendigen Schutz erhalten hat.<br \/>\n&#8211; \u00c4hnlich wild und schroff, aber viel weniger bekannt sind die \u00f6stlich benachbarten Steiner Alpen. Beide Gebirgsz\u00fcge bilden den alpinen Raum Sloweniens, an den sich \u00d6sterreich (K\u00e4rnten) und Italien (Friaul) anschlie\u00dfen \u2013 ein mittlerweile grenzenloses Natur- und Outdoor-Revier!<br \/>\n&#8211; KOMPASS stellt nun beide Gebiete mit einem Kartentitel im Ma\u00dfstab 1:75000 vor.<br \/>\nDie KOMPASS Wanderkarten \u00fcberzeugen durch<br \/>\n&#8211; eine GPS-genaue und aktuelle Karte zur einfachen Orientierung<br \/>\n&#8211; alles Wissenswerte f\u00fcr den Outdoor-Genie\u00dfer<br \/>\n&#8211; Herstellung auf rei\u00df- und wetterfestem Papier<\/span><\/p>","protected":false},"excerpt":{"rendered":"<p>WK 2801 KOMPASS-Wanderkarten enthalten alles Wissenswerte f\u00fcr Wanderer wie aktuelle Wanderwege mit Markierungen, empfehlenswerte Radrouten und wichtige touristische Informationen. Der topographische Inhalt wird bei aller Detailgenauigkeit leicht lesbar und anschaulich dargestellt. Ein \u00fcbersichtlich gestaltetes Beiheft mit zahlreichen Farbfotos informiert \u00fcber Orte und Schutzh\u00fctten sowie empfehlenswerte Touren, Sehensw\u00fcrdigkeiten und Freizeiteinrichtungen &#8211; Julius Kugy (1858 \u2013 1944) [&#8230;]\n","protected":false},"featured_media":170242,"template":"","meta":[],"product_brand":[],"product_cat":[21543],"product_tag":[],"class_list":{"0":"post-152201","1":"product","2":"type-product","3":"status-publish","4":"has-post-thumbnail","6":"product_cat-landkarten","7":"pa_autor-kompass","8":"pa_erscheinungsjahr-27129","9":"pa_region-osteuropa","10":"pa_sprache-de","12":"first","13":"instock","14":"taxable","15":"shipping-taxable","16":"purchasable","17":"product-type-simple"},"_links":{"self":[{"href":"https:\/\/pizbube.ch\/en\/wp-json\/wp\/v2\/product\/152201","targetHints":{"allow":["GET"]}}],"collection":[{"href":"https:\/\/pizbube.ch\/en\/wp-json\/wp\/v2\/product"}],"about":[{"href":"https:\/\/pizbube.ch\/en\/wp-json\/wp\/v2\/types\/product"}],"wp:featuredmedia":[{"embeddable":true,"href":"https:\/\/pizbube.ch\/en\/wp-json\/wp\/v2\/media\/170242"}],"wp:attachment":[{"href":"https:\/\/pizbube.ch\/en\/wp-json\/wp\/v2\/media?parent=152201"}],"wp:term":[{"taxonomy":"product_brand","embeddable":true,"href":"https:\/\/pizbube.ch\/en\/wp-json\/wp\/v2\/product_brand?post=152201"},{"taxonomy":"product_cat","embeddable":true,"href":"https:\/\/pizbube.ch\/en\/wp-json\/wp\/v2\/product_cat?post=152201"},{"taxonomy":"product_tag","embeddable":true,"href":"https:\/\/pizbube.ch\/en\/wp-json\/wp\/v2\/product_tag?post=152201"}],"curies":[{"name":"wp","href":"https:\/\/api.w.org\/{rel}","templated":true}]}}