{"id":152204,"date":"2021-01-15T12:03:38","date_gmt":"2021-01-15T12:03:38","guid":{"rendered":"https:\/\/codengine3.ch\/?product=import-placeholder-for-202767"},"modified":"2021-01-15T12:39:10","modified_gmt":"2021-01-15T12:39:10","slug":"snowboard-2","status":"publish","type":"product","link":"https:\/\/pizbube.ch\/en\/shop\/snowboard-2\/","title":{"rendered":"Snowboard"},"content":{"rendered":"<p>Mit diesem &#8218;Handbuch&#8216; liegt eine fundierte und praxisorientierte Darstellung<br \/>\naller Aspekte des Snowboardens vor.<br \/>\nSchwerpunkt ist die Fahrtechnik f\u00fcr alle K\u00f6nnensstufen: von der<br \/>\nElementarschule f\u00fcr Einsteiger \u00fcber die verst\u00e4ndliche Erkl\u00e4rung der<br \/>\nSchwungprinzipien sowie sinnvolle Tips zum Fahren in verschiedenen Schneearten<br \/>\nbis zur Freestyle- und Renntechnik. Die ausf\u00fchrliche Materialkunde orientiert<br \/>\nsich am neuesten Stand der Technik. Medizinische Aspekte, Snowboarden als<br \/>\nWettkampfsport und f\u00fcr Kinder, Tourenboarding, richtiges Verhalten im Gel\u00e4nde<br \/>\nund Lawinenkunde sind weitere Kernpunkte. Ein Abri\u00df der Geschichte dieser<br \/>\nSportart, Hinweise auf Organisationen und eine detaillierte Revier\u00fcbersicht<br \/>\nsowie ein kleines Lexikon der Fachausdr\u00fccke runden diesen Band ab.<\/p>","protected":false},"excerpt":{"rendered":"<p>Mit diesem &#8218;Handbuch&#8216; liegt eine fundierte und praxisorientierte Darstellung aller Aspekte des Snowboardens vor. Schwerpunkt ist die Fahrtechnik f\u00fcr alle K\u00f6nnensstufen: von der Elementarschule f\u00fcr Einsteiger \u00fcber die verst\u00e4ndliche Erkl\u00e4rung der Schwungprinzipien sowie sinnvolle Tips zum Fahren in verschiedenen Schneearten bis zur Freestyle- und Renntechnik. Die ausf\u00fchrliche Materialkunde orientiert sich am neuesten Stand der Technik. [&#8230;]\n","protected":false},"featured_media":30214,"template":"","meta":[],"product_brand":[],"product_cat":[21538],"product_tag":[],"class_list":{"0":"post-152204","1":"product","2":"type-product","3":"status-publish","4":"has-post-thumbnail","6":"product_cat-lehrbuecher","7":"pa_autor-hatje","8":"pa_autor-steiner","9":"pa_erscheinungsjahr-22151","10":"pa_region-alpin-winter","11":"pa_sprache-de","13":"first","14":"outofstock","15":"taxable","16":"shipping-taxable","17":"purchasable","18":"product-type-simple"},"_links":{"self":[{"href":"https:\/\/pizbube.ch\/en\/wp-json\/wp\/v2\/product\/152204","targetHints":{"allow":["GET"]}}],"collection":[{"href":"https:\/\/pizbube.ch\/en\/wp-json\/wp\/v2\/product"}],"about":[{"href":"https:\/\/pizbube.ch\/en\/wp-json\/wp\/v2\/types\/product"}],"wp:featuredmedia":[{"embeddable":true,"href":"https:\/\/pizbube.ch\/en\/wp-json\/wp\/v2\/media\/30214"}],"wp:attachment":[{"href":"https:\/\/pizbube.ch\/en\/wp-json\/wp\/v2\/media?parent=152204"}],"wp:term":[{"taxonomy":"product_brand","embeddable":true,"href":"https:\/\/pizbube.ch\/en\/wp-json\/wp\/v2\/product_brand?post=152204"},{"taxonomy":"product_cat","embeddable":true,"href":"https:\/\/pizbube.ch\/en\/wp-json\/wp\/v2\/product_cat?post=152204"},{"taxonomy":"product_tag","embeddable":true,"href":"https:\/\/pizbube.ch\/en\/wp-json\/wp\/v2\/product_tag?post=152204"}],"curies":[{"name":"wp","href":"https:\/\/api.w.org\/{rel}","templated":true}]}}