{"id":152205,"date":"2021-01-15T12:03:38","date_gmt":"2021-01-15T12:03:38","guid":{"rendered":"https:\/\/codengine3.ch\/?product=import-placeholder-for-205504"},"modified":"2021-01-15T14:41:45","modified_gmt":"2021-01-15T14:41:45","slug":"bergerlebnisse","status":"publish","type":"product","link":"https:\/\/pizbube.ch\/en\/shop\/bergerlebnisse\/","title":{"rendered":"Bergerlebnisse"},"content":{"rendered":"<p>Gedanken zu Natur und Philosophie  <\/p>\n<p>Man muss nicht mauerglatte Felsw\u00e4nde bezwingen und seine Grenzen auf h\u00f6chsten<br \/>\nEisgipfeln \u00fcberschreiten, man muss nicht jedem Trend folgen, um das Besondere<br \/>\nan und in den Bergen zu erleben. F\u00fcr mich sind die Sch\u00f6nheiten unserer nahen<br \/>\nGebirge nat\u00fcrliche Ziele: Ihre Gipfel, H\u00fctten und Seen werden Orte der<br \/>\nganzheitlichen Erfahrung &#8211; und aus dieser unmittelbaren Perspektive erwachen<br \/>\ngleichsam alte Weisheiten und eigene philosophische Gedanken zum Leben. Das<br \/>\nErleben der Bergwelt l\u00e4dt zum Nachdenken, Reflektieren und freien Genie\u00dfen<br \/>\nein. Erg\u00e4nzt durch kunstvolle Zeichnungen und individuelle Gedichte nimmt Sie<br \/>\ndieses B\u00fcchlein zu solch anregenden Bergerlebnissen in den Mieminger Bergen,<br \/>\ndem Wettersteingebirge, Karwendel und den Kitzb\u00fchler Alpen mit und entf\u00fchrt<br \/>\nden Leser gleichzeitig dar\u00fcber hinaus &#8211; in die Welt der freien Gedanken.  <\/p>","protected":false},"excerpt":{"rendered":"<p>Gedanken zu Natur und Philosophie Man muss nicht mauerglatte Felsw\u00e4nde bezwingen und seine Grenzen auf h\u00f6chsten Eisgipfeln \u00fcberschreiten, man muss nicht jedem Trend folgen, um das Besondere an und in den Bergen zu erleben. F\u00fcr mich sind die Sch\u00f6nheiten unserer nahen Gebirge nat\u00fcrliche Ziele: Ihre Gipfel, H\u00fctten und Seen werden Orte der ganzheitlichen Erfahrung &#8211; [&#8230;]\n","protected":false},"featured_media":34230,"template":"","meta":[],"product_brand":[],"product_cat":[21629],"product_tag":[],"class_list":{"0":"post-152205","1":"product","2":"type-product","3":"status-publish","4":"has-post-thumbnail","6":"product_cat-belletristik","7":"pa_autor-rauch","8":"pa_erscheinungsjahr-21776","9":"pa_region-deutschland","10":"pa_sprache-de","12":"first","13":"instock","14":"taxable","15":"shipping-taxable","16":"purchasable","17":"product-type-simple"},"_links":{"self":[{"href":"https:\/\/pizbube.ch\/en\/wp-json\/wp\/v2\/product\/152205","targetHints":{"allow":["GET"]}}],"collection":[{"href":"https:\/\/pizbube.ch\/en\/wp-json\/wp\/v2\/product"}],"about":[{"href":"https:\/\/pizbube.ch\/en\/wp-json\/wp\/v2\/types\/product"}],"wp:featuredmedia":[{"embeddable":true,"href":"https:\/\/pizbube.ch\/en\/wp-json\/wp\/v2\/media\/34230"}],"wp:attachment":[{"href":"https:\/\/pizbube.ch\/en\/wp-json\/wp\/v2\/media?parent=152205"}],"wp:term":[{"taxonomy":"product_brand","embeddable":true,"href":"https:\/\/pizbube.ch\/en\/wp-json\/wp\/v2\/product_brand?post=152205"},{"taxonomy":"product_cat","embeddable":true,"href":"https:\/\/pizbube.ch\/en\/wp-json\/wp\/v2\/product_cat?post=152205"},{"taxonomy":"product_tag","embeddable":true,"href":"https:\/\/pizbube.ch\/en\/wp-json\/wp\/v2\/product_tag?post=152205"}],"curies":[{"name":"wp","href":"https:\/\/api.w.org\/{rel}","templated":true}]}}