{"id":152206,"date":"2021-01-15T12:03:38","date_gmt":"2021-01-15T12:03:38","guid":{"rendered":"https:\/\/codengine3.ch\/?product=import-placeholder-for-206510"},"modified":"2021-10-04T18:47:53","modified_gmt":"2021-10-04T16:47:53","slug":"zen-klettern","status":"publish","type":"product","link":"https:\/\/pizbube.ch\/en\/shop\/zen-klettern\/","title":{"rendered":"Zen-Klettern"},"content":{"rendered":"<p>Zen &#8211; Klettern ein fl\u00fcssig geschriebenes Buch \u00fcber Zen und \u00fcber Klettern.<br \/>\nStatt um abstrahierte Klettertechniken, Trainingspl\u00e4ne und Ausgleichsgymnastik<br \/>\ngeht es hier um die Philosophie beim Klettern, oder einfacher ausgedr\u00fcckt: wie<br \/>\nschafft man es die Lust am klettern f\u00fcr immer aufrecht zu halten. Doch wer<br \/>\ntiefer schaut findet Weisheit in einfacher Sprache mit lebendigen Beispielen.<br \/>\nErsetzt man Klettern durch eine beliebige andere T\u00e4tigkeit und Zen durch ldas<br \/>\nLeben , so findet man immer wieder Anregungen lernend voran zu schreiten auf<br \/>\nseinem Lebensweg.<\/p>\n<p>Daniel Panchyrz klettert seid \u00fcber 15 Jahren und ist aktiver Fach\u00fcbungsleiter<br \/>\nbeim Deutschen Alpenverein. Er kam durch den Kampfsport fr\u00fch zum Zen. Durch<br \/>\nseine Arbeit mit Menschen in Hochseilg\u00e4rten, in Kletterhallen und an Felsen<br \/>\nkamen ihm die Ideen zu diesem Buch. Wenn er nicht schreibt oder klettert dann<br \/>\nist er in seiner Praxis f\u00fcr biodynamische K\u00f6rperpsychotherapie in K\u00f6ln t\u00e4tig.<\/p>","protected":false},"excerpt":{"rendered":"<p>Zen &#8211; Klettern ein fl\u00fcssig geschriebenes Buch \u00fcber Zen und \u00fcber Klettern. Statt um abstrahierte Klettertechniken, Trainingspl\u00e4ne und Ausgleichsgymnastik geht es hier um die Philosophie beim Klettern, oder einfacher ausgedr\u00fcckt: wie schafft man es die Lust am klettern f\u00fcr immer aufrecht zu halten. Doch wer tiefer schaut findet Weisheit in einfacher Sprache mit lebendigen Beispielen. [&#8230;]\n","protected":false},"featured_media":35562,"template":"","meta":[],"product_brand":[],"product_cat":[21542],"product_tag":[],"class_list":{"0":"post-152206","1":"product","2":"type-product","3":"status-publish","4":"has-post-thumbnail","6":"product_cat-sachbuecher-dokumentationen","7":"pa_autor-panchyrz","8":"pa_erscheinungsjahr-21763","9":"pa_region-deutschland","10":"pa_sprache-de","12":"first","13":"onbackorder","14":"taxable","15":"shipping-taxable","16":"purchasable","17":"product-type-simple"},"_links":{"self":[{"href":"https:\/\/pizbube.ch\/en\/wp-json\/wp\/v2\/product\/152206","targetHints":{"allow":["GET"]}}],"collection":[{"href":"https:\/\/pizbube.ch\/en\/wp-json\/wp\/v2\/product"}],"about":[{"href":"https:\/\/pizbube.ch\/en\/wp-json\/wp\/v2\/types\/product"}],"wp:featuredmedia":[{"embeddable":true,"href":"https:\/\/pizbube.ch\/en\/wp-json\/wp\/v2\/media\/35562"}],"wp:attachment":[{"href":"https:\/\/pizbube.ch\/en\/wp-json\/wp\/v2\/media?parent=152206"}],"wp:term":[{"taxonomy":"product_brand","embeddable":true,"href":"https:\/\/pizbube.ch\/en\/wp-json\/wp\/v2\/product_brand?post=152206"},{"taxonomy":"product_cat","embeddable":true,"href":"https:\/\/pizbube.ch\/en\/wp-json\/wp\/v2\/product_cat?post=152206"},{"taxonomy":"product_tag","embeddable":true,"href":"https:\/\/pizbube.ch\/en\/wp-json\/wp\/v2\/product_tag?post=152206"}],"curies":[{"name":"wp","href":"https:\/\/api.w.org\/{rel}","templated":true}]}}