{"id":152207,"date":"2021-01-15T12:03:39","date_gmt":"2021-01-15T12:03:39","guid":{"rendered":"https:\/\/codengine3.ch\/?product=import-placeholder-for-205267"},"modified":"2021-01-15T14:39:56","modified_gmt":"2021-01-15T14:39:56","slug":"vercors-160000","status":"publish","type":"product","link":"https:\/\/pizbube.ch\/en\/shop\/vercors-160000\/","title":{"rendered":"Vercors 1:60&#8217;000"},"content":{"rendered":"<p>Libris 10 Vercors &#8211; Quatres Montagnes &#8211; Royans &#8211; Gervanne (1:60.000)  <\/p>\n<p>Libris\/ Didier Richard &#8211; Karten sind sehr zuverl\u00e4ssig, genau und detailgetreu<br \/>\n(IGN- Basis)und enthalten Angaben zu \u00dcbernachtungs- und Einkehrm\u00f6glichkeiten.<br \/>\nDie Wanderrouten sind farblich gekennzeichnet, und durch die Bildsymbole<br \/>\nwissen Sie sofort, wo die Sehensw\u00fcrdigkeiten liegen.<br \/>\nMit Satellitenbild auf R\u00fcckseite.Legende in Franz\u00f6sisch, Englisch, Deutsch und<br \/>\nItalienisch.  <\/p>","protected":false},"excerpt":{"rendered":"<p>Libris 10 Vercors &#8211; Quatres Montagnes &#8211; Royans &#8211; Gervanne (1:60.000) Libris\/ Didier Richard &#8211; Karten sind sehr zuverl\u00e4ssig, genau und detailgetreu (IGN- Basis)und enthalten Angaben zu \u00dcbernachtungs- und Einkehrm\u00f6glichkeiten. Die Wanderrouten sind farblich gekennzeichnet, und durch die Bildsymbole wissen Sie sofort, wo die Sehensw\u00fcrdigkeiten liegen. Mit Satellitenbild auf R\u00fcckseite.Legende in Franz\u00f6sisch, Englisch, Deutsch und [&#8230;]\n","protected":false},"featured_media":33927,"template":"","meta":[],"product_brand":[],"product_cat":[21543],"product_tag":[],"class_list":{"0":"post-152207","1":"product","2":"type-product","3":"status-publish","4":"has-post-thumbnail","6":"product_cat-landkarten","7":"pa_autor-libris","8":"pa_erscheinungsjahr-21830","9":"pa_region-frankreich","10":"pa_sprache-d","11":"pa_sprache-e","12":"pa_sprache-f","13":"pa_sprache-i","15":"first","16":"instock","17":"taxable","18":"shipping-taxable","19":"purchasable","20":"product-type-simple"},"_links":{"self":[{"href":"https:\/\/pizbube.ch\/en\/wp-json\/wp\/v2\/product\/152207","targetHints":{"allow":["GET"]}}],"collection":[{"href":"https:\/\/pizbube.ch\/en\/wp-json\/wp\/v2\/product"}],"about":[{"href":"https:\/\/pizbube.ch\/en\/wp-json\/wp\/v2\/types\/product"}],"wp:featuredmedia":[{"embeddable":true,"href":"https:\/\/pizbube.ch\/en\/wp-json\/wp\/v2\/media\/33927"}],"wp:attachment":[{"href":"https:\/\/pizbube.ch\/en\/wp-json\/wp\/v2\/media?parent=152207"}],"wp:term":[{"taxonomy":"product_brand","embeddable":true,"href":"https:\/\/pizbube.ch\/en\/wp-json\/wp\/v2\/product_brand?post=152207"},{"taxonomy":"product_cat","embeddable":true,"href":"https:\/\/pizbube.ch\/en\/wp-json\/wp\/v2\/product_cat?post=152207"},{"taxonomy":"product_tag","embeddable":true,"href":"https:\/\/pizbube.ch\/en\/wp-json\/wp\/v2\/product_tag?post=152207"}],"curies":[{"name":"wp","href":"https:\/\/api.w.org\/{rel}","templated":true}]}}