{"id":152209,"date":"2021-01-15T12:03:39","date_gmt":"2021-01-15T12:03:39","guid":{"rendered":"https:\/\/codengine3.ch\/?product=import-placeholder-for-203524"},"modified":"2021-01-15T14:24:07","modified_gmt":"2021-01-15T14:24:07","slug":"la-haute-route-2","status":"publish","type":"product","link":"https:\/\/pizbube.ch\/en\/shop\/la-haute-route-2\/","title":{"rendered":"La Haute Route"},"content":{"rendered":"<p>\nAu XIXe si\u00e8cle, les pionniers partirent \u00e0 la d\u00e9couverte de terres hostiles et<br \/>\nde glaciers envahissants au cours d&#8216; aventures exaltantes. Cet ouvrage jette<br \/>\nun regard richement illustr\u00e9 sur l&#8216; \u00e2ge d&#8216; or de la conqu\u00eate des Alpes, dont<br \/>\nles acteurs s&#8216; orientaient d&#8216; apr\u00e8s la toute premi\u00e8re carte topographique du<br \/>\ng\u00e9n\u00e9ral Dufour et logeaient dans les anc\u00eatres rudimentaires des refuges<br \/>\nactuels.<\/p>\n<p>Le trac\u00e9 de la Haute Route, par contre, reste immuable de beaut\u00e9. La l\u00e9gende<br \/>\nest aliment\u00e9e, printemps comme \u00e9t\u00e9, par le v\u00e9cu de milliers de randonneurs qui<br \/>\neffleurent les 4000 entre les deux capitales de l&#8216; alpinisme. Si les<br \/>\nalpinistes sont aujourd&#8217;hui en terrain connu et \u00e9quip\u00e9 de cabanes<br \/>\nconfortables, l&#8216; aventure se vit toujours \u00e0 l&#8216; int\u00e9rieur de chacun, dans le<br \/>\ndialogue \u00e9tabli avec ses propres limites, dans le rapport puissant avec un<br \/>\nenvironnement hostile mais gratifiant, dans la solidarit\u00e9 face aux dangers et<br \/>\nle partage d&#8216; instants privil\u00e9gi\u00e9s avec ses compagnons de cord\u00e9e.<\/p>\n<p>NOUVELLE EDITION REVUE ET AUGMENTEE 2016  <\/p>","protected":false},"excerpt":{"rendered":"<p>Au XIXe si\u00e8cle, les pionniers partirent \u00e0 la d\u00e9couverte de terres hostiles et de glaciers envahissants au cours d&#8216; aventures exaltantes. Cet ouvrage jette un regard richement illustr\u00e9 sur l&#8216; \u00e2ge d&#8216; or de la conqu\u00eate des Alpes, dont les acteurs s&#8216; orientaient d&#8216; apr\u00e8s la toute premi\u00e8re carte topographique du g\u00e9n\u00e9ral Dufour et logeaient [&#8230;]\n","protected":false},"featured_media":33020,"template":"","meta":[],"product_brand":[],"product_cat":[21542],"product_tag":[],"class_list":{"0":"post-152209","1":"product","2":"type-product","3":"status-publish","4":"has-post-thumbnail","6":"product_cat-sachbuecher-dokumentationen","7":"pa_autor-perraudin","8":"pa_erscheinungsjahr-21571","9":"pa_region-schweiz","10":"pa_sprache-fr","12":"first","13":"instock","14":"taxable","15":"shipping-taxable","16":"purchasable","17":"product-type-simple"},"_links":{"self":[{"href":"https:\/\/pizbube.ch\/en\/wp-json\/wp\/v2\/product\/152209","targetHints":{"allow":["GET"]}}],"collection":[{"href":"https:\/\/pizbube.ch\/en\/wp-json\/wp\/v2\/product"}],"about":[{"href":"https:\/\/pizbube.ch\/en\/wp-json\/wp\/v2\/types\/product"}],"wp:featuredmedia":[{"embeddable":true,"href":"https:\/\/pizbube.ch\/en\/wp-json\/wp\/v2\/media\/33020"}],"wp:attachment":[{"href":"https:\/\/pizbube.ch\/en\/wp-json\/wp\/v2\/media?parent=152209"}],"wp:term":[{"taxonomy":"product_brand","embeddable":true,"href":"https:\/\/pizbube.ch\/en\/wp-json\/wp\/v2\/product_brand?post=152209"},{"taxonomy":"product_cat","embeddable":true,"href":"https:\/\/pizbube.ch\/en\/wp-json\/wp\/v2\/product_cat?post=152209"},{"taxonomy":"product_tag","embeddable":true,"href":"https:\/\/pizbube.ch\/en\/wp-json\/wp\/v2\/product_tag?post=152209"}],"curies":[{"name":"wp","href":"https:\/\/api.w.org\/{rel}","templated":true}]}}