{"id":152210,"date":"2021-01-15T12:03:39","date_gmt":"2021-01-15T12:03:39","guid":{"rendered":"https:\/\/codengine3.ch\/?product=import-placeholder-for-207245"},"modified":"2021-01-15T16:01:08","modified_gmt":"2021-01-15T16:01:08","slug":"haute-route-chamonix-zermatt-ski-de-randonnee","status":"publish","type":"product","link":"https:\/\/pizbube.ch\/en\/shop\/haute-route-chamonix-zermatt-ski-de-randonnee\/","title":{"rendered":"Haute Route Chamonix &#8211; Zermatt. Ski de randonn\u00e9e"},"content":{"rendered":"<p>La Haute Route, le plus c\u00e9l\u00e8bre raid \u00e0 ski au monde.<br \/>\nTraversant glaciers et hauts cols depuis Chamonix jusqu&#8217;\u00e0 Zermatt, ce parcours<br \/>\nexceptionnel offre une semaine de ski de randonn\u00e9e au coeur des plus<br \/>\nprestigieux massifs des Alpes.<br \/>\nPremier topo-guide avec trac\u00e9s sur photos de toutes les \u00e9tapes, cet ouvrage<br \/>\npropose \u00e9galement de nombreux conseils (r\u00e9paration, strat\u00e9gie, mat\u00e9riel,<br \/>\nrenseignements pratiques, refuges et cabanes, historique) repla\u00e7ant le raid<br \/>\ndans sa dimension alpine.  <\/p>\n<p>Quatre combinaisons sont minutieusement d\u00e9crites : la Haute Route-Classique<br \/>\navec le parcours usuel combin\u00e9 en 7 \u00e9tapes, la Haute Route Historique par le<br \/>\nfameux Plateau du Couloir et le col du Sonadon en 7 \u00e9tapes, la Haute Route<br \/>\nInt\u00e9grale sans liaison m\u00e9canique par le col du Grand Saint-Bernard en 8<br \/>\n\u00e9tapes, la Haute Route \u00e0 l&#8217;Envers de Zermatt \u00e0 Chamonix en privil\u00e9giant du<br \/>\ngrand ski en 6 \u00e9tapes.  <\/p>","protected":false},"excerpt":{"rendered":"<p>La Haute Route, le plus c\u00e9l\u00e8bre raid \u00e0 ski au monde. Traversant glaciers et hauts cols depuis Chamonix jusqu&#8217;\u00e0 Zermatt, ce parcours exceptionnel offre une semaine de ski de randonn\u00e9e au coeur des plus prestigieux massifs des Alpes. Premier topo-guide avec trac\u00e9s sur photos de toutes les \u00e9tapes, cet ouvrage propose \u00e9galement de nombreux conseils [&#8230;]\n","protected":false},"featured_media":36893,"template":"","meta":[],"product_brand":[],"product_cat":[21540],"product_tag":[],"class_list":{"0":"post-152210","1":"product","2":"type-product","3":"status-publish","4":"has-post-thumbnail","6":"product_cat-fuehrerliteratur-alpin-winter","7":"pa_autor-damilano-lavigne","8":"pa_erscheinungsjahr-21621","9":"pa_region-schweiz","10":"pa_sprache-fr","12":"first","13":"instock","14":"taxable","15":"shipping-taxable","16":"purchasable","17":"product-type-simple"},"_links":{"self":[{"href":"https:\/\/pizbube.ch\/en\/wp-json\/wp\/v2\/product\/152210","targetHints":{"allow":["GET"]}}],"collection":[{"href":"https:\/\/pizbube.ch\/en\/wp-json\/wp\/v2\/product"}],"about":[{"href":"https:\/\/pizbube.ch\/en\/wp-json\/wp\/v2\/types\/product"}],"wp:featuredmedia":[{"embeddable":true,"href":"https:\/\/pizbube.ch\/en\/wp-json\/wp\/v2\/media\/36893"}],"wp:attachment":[{"href":"https:\/\/pizbube.ch\/en\/wp-json\/wp\/v2\/media?parent=152210"}],"wp:term":[{"taxonomy":"product_brand","embeddable":true,"href":"https:\/\/pizbube.ch\/en\/wp-json\/wp\/v2\/product_brand?post=152210"},{"taxonomy":"product_cat","embeddable":true,"href":"https:\/\/pizbube.ch\/en\/wp-json\/wp\/v2\/product_cat?post=152210"},{"taxonomy":"product_tag","embeddable":true,"href":"https:\/\/pizbube.ch\/en\/wp-json\/wp\/v2\/product_tag?post=152210"}],"curies":[{"name":"wp","href":"https:\/\/api.w.org\/{rel}","templated":true}]}}