{"id":152211,"date":"2021-01-15T12:03:39","date_gmt":"2021-01-15T12:03:39","guid":{"rendered":"https:\/\/codengine3.ch\/?product=import-placeholder-for-202916"},"modified":"2021-01-15T12:52:26","modified_gmt":"2021-01-15T12:52:26","slug":"ski-de-randonnee-bas-valais-du-lac-leman-au-vallon-de-tourtemagne","status":"publish","type":"product","link":"https:\/\/pizbube.ch\/en\/shop\/ski-de-randonnee-bas-valais-du-lac-leman-au-vallon-de-tourtemagne\/","title":{"rendered":"Ski de randonn\u00e9e Bas-Valais. Du lac L\u00e9man au vallon de Tourtemagne"},"content":{"rendered":"<p>Du Lac L\u00e9man aux Dents du Midi\/Grand Combin jusqu`\u00e0 la Dent-Blanche: La chaine<br \/>\nprincipale entre Mont Blanc et Mont Rose a naturellement un grand attraction.<br \/>\nDe nombreux grand sommets se pr\u00eatent id\u00e9alement au ski alpin. En plus de la<br \/>\nHaute Route classic, diff\u00e9rentes travers\u00e9es sont aussi d\u00e9crites! SAC guide.  <\/p>\n<p>La cha\u00eene principale entre Mont-Blanc et Mont Rose a naturellement un grand<br \/>\npouvoir d`attraction. De nombreux grands sommets se pr\u00eatent id\u00eaalement au ski<br \/>\nalpin et, pour certains d`entre eux, la couverture neigeuse en facilite<br \/>\nl`acc\u00e8s. Sur les deux versants des vall\u00e9es valaisannes, orient\u00e9es g\u00e9n\u00e9ralement<br \/>\nnord-sud, on trouve de nombreux buts d`excursion int\u00e9ressants. Ce guide en<br \/>\npr\u00e9sente une s\u00e9lection. En plus de la Haute Route classique, diff\u00e9rentes<br \/>\ntravers\u00e9es sont aussi d\u00e9crites.<\/p>\n<p>Description de l`itin\u00e9raire:<br \/>\nChablais<br \/>\nMassif du Mont-Blanc<br \/>\nAlpes Pennines I<br \/>\nAlpes Pennines II<\/p>","protected":false},"excerpt":{"rendered":"<p>Du Lac L\u00e9man aux Dents du Midi\/Grand Combin jusqu`\u00e0 la Dent-Blanche: La chaine principale entre Mont Blanc et Mont Rose a naturellement un grand attraction. De nombreux grand sommets se pr\u00eatent id\u00e9alement au ski alpin. En plus de la Haute Route classic, diff\u00e9rentes travers\u00e9es sont aussi d\u00e9crites! SAC guide. La cha\u00eene principale entre Mont-Blanc et [&#8230;]\n","protected":false},"featured_media":30400,"template":"","meta":[],"product_brand":[],"product_cat":[21540],"product_tag":[],"class_list":{"0":"post-152211","1":"product","2":"type-product","3":"status-publish","4":"has-post-thumbnail","6":"product_cat-fuehrerliteratur-alpin-winter","7":"pa_autor-sanga","8":"pa_erscheinungsjahr-21591","9":"pa_region-schweiz","10":"pa_sprache-fr","12":"first","13":"outofstock","14":"taxable","15":"shipping-taxable","16":"purchasable","17":"product-type-simple"},"_links":{"self":[{"href":"https:\/\/pizbube.ch\/en\/wp-json\/wp\/v2\/product\/152211","targetHints":{"allow":["GET"]}}],"collection":[{"href":"https:\/\/pizbube.ch\/en\/wp-json\/wp\/v2\/product"}],"about":[{"href":"https:\/\/pizbube.ch\/en\/wp-json\/wp\/v2\/types\/product"}],"wp:featuredmedia":[{"embeddable":true,"href":"https:\/\/pizbube.ch\/en\/wp-json\/wp\/v2\/media\/30400"}],"wp:attachment":[{"href":"https:\/\/pizbube.ch\/en\/wp-json\/wp\/v2\/media?parent=152211"}],"wp:term":[{"taxonomy":"product_brand","embeddable":true,"href":"https:\/\/pizbube.ch\/en\/wp-json\/wp\/v2\/product_brand?post=152211"},{"taxonomy":"product_cat","embeddable":true,"href":"https:\/\/pizbube.ch\/en\/wp-json\/wp\/v2\/product_cat?post=152211"},{"taxonomy":"product_tag","embeddable":true,"href":"https:\/\/pizbube.ch\/en\/wp-json\/wp\/v2\/product_tag?post=152211"}],"curies":[{"name":"wp","href":"https:\/\/api.w.org\/{rel}","templated":true}]}}