{"id":152212,"date":"2021-01-15T12:03:39","date_gmt":"2021-01-15T12:03:39","guid":{"rendered":"https:\/\/codengine3.ch\/?product=import-placeholder-for-201991"},"modified":"2024-11-29T10:35:20","modified_gmt":"2024-11-29T09:35:20","slug":"ouest-suisse-ski-de-randonnee","status":"publish","type":"product","link":"https:\/\/pizbube.ch\/en\/shop\/ouest-suisse-ski-de-randonnee\/","title":{"rendered":"Ouest-Suisse, Ski de randonn\u00e9e"},"content":{"rendered":"<p>Pr\u00e9alpes Franco- Suisse, Alpes Bernoises occidentales, Alpes Vaudoises, Pr\u00e9alpes Fribourgeoises.<\/p>\n<p>Des Pr\u00e9alpes franco-suisses aux Alpes bernoises occidentales, des Mar\u00e9cottes au lac Noir, du L\u00e9man au lac de Thoune, le lecteur trouvera les courses \u00e0 sa port\u00e9e, suivant un classement \u00e9tabli par difficult\u00e9. La r\u00e9\u00e9dition de cet ouvrage s&#8217;imposait; elle a fait l&#8217;objet d&#8217;une mise \u00e0 jour compl\u00e8te. 153 itin\u00e9raires de ski-alpinisme; Nouvelle \u00e9dition augment\u00e9e d\u00b4une dizaine de nouvelles courses, principalement localis\u00e9es dans les environs de Kandersteg.<\/p>\n<p>Dans ce guide, on d\u00e9couvrira \u2013 des Pr\u00e9alpes franco-suisses jusqu\u2019aux Alpes bernoises occidentales, des Mar\u00e9cottes au lac Noir, du L\u00e9man au lac de Thoune \u2013 le plus souvent loin des stations et sites am\u00e9nag\u00e9s, plus de 140 itin\u00e9raires diff\u00e9rents et de nombreuses suggestions. Les auteurs ont ainsi donn\u00e9 un coup de jeune \u00e0 cette s\u00e9lection d\u2019itin\u00e9raires, en l\u2019\u00e9largissant jusqu\u2019aux magnifiques contreforts de l\u2019Oberland bernois.<br \/>\nDans cette vaste r\u00e9gion qui ne porte pas en elle-m\u00eame de sommet prestigieux, mais une multitude de cimes dont l\u2019int\u00e9r\u00eat pour le skieur-alpiniste n\u2019est plus \u00e0 d\u00e9montrer, les vallons d\u00e9pourvus d\u2019am\u00e9nagements ont \u00e9t\u00e9 sauvegard\u00e9s gr\u00e2ce au sens de la mesure des autorit\u00e9s locales et f\u00e9d\u00e9rales, et \u00e0 la vigilance des d\u00e9fenseurs de l\u2019environnement.<\/p>\n<p>4 i\u00e8me \u00e9dition 2011<\/p>","protected":false},"excerpt":{"rendered":"<p>Pr\u00e9alpes Franco- Suisse, Alpes Bernoises occidentales, Alpes Vaudoises, Pr\u00e9alpes Fribourgeoises. Des Pr\u00e9alpes franco-suisses aux Alpes bernoises occidentales, des Mar\u00e9cottes au lac Noir, du L\u00e9man au lac de Thoune, le lecteur trouvera les courses \u00e0 sa port\u00e9e, suivant un classement \u00e9tabli par difficult\u00e9. La r\u00e9\u00e9dition de cet ouvrage s&#8217;imposait; elle a fait l&#8217;objet d&#8217;une mise \u00e0 [&#8230;]\n","protected":false},"featured_media":169098,"template":"","meta":[],"product_brand":[],"product_cat":[21540],"product_tag":[],"class_list":{"0":"post-152212","1":"product","2":"type-product","3":"status-publish","4":"has-post-thumbnail","6":"product_cat-fuehrerliteratur-alpin-winter","7":"pa_autor-labande-sanga","8":"pa_erscheinungsjahr-21610","9":"pa_region-schweiz","10":"pa_sprache-fr","12":"first","13":"instock","14":"taxable","15":"shipping-taxable","16":"purchasable","17":"product-type-simple"},"_links":{"self":[{"href":"https:\/\/pizbube.ch\/en\/wp-json\/wp\/v2\/product\/152212","targetHints":{"allow":["GET"]}}],"collection":[{"href":"https:\/\/pizbube.ch\/en\/wp-json\/wp\/v2\/product"}],"about":[{"href":"https:\/\/pizbube.ch\/en\/wp-json\/wp\/v2\/types\/product"}],"wp:featuredmedia":[{"embeddable":true,"href":"https:\/\/pizbube.ch\/en\/wp-json\/wp\/v2\/media\/169098"}],"wp:attachment":[{"href":"https:\/\/pizbube.ch\/en\/wp-json\/wp\/v2\/media?parent=152212"}],"wp:term":[{"taxonomy":"product_brand","embeddable":true,"href":"https:\/\/pizbube.ch\/en\/wp-json\/wp\/v2\/product_brand?post=152212"},{"taxonomy":"product_cat","embeddable":true,"href":"https:\/\/pizbube.ch\/en\/wp-json\/wp\/v2\/product_cat?post=152212"},{"taxonomy":"product_tag","embeddable":true,"href":"https:\/\/pizbube.ch\/en\/wp-json\/wp\/v2\/product_tag?post=152212"}],"curies":[{"name":"wp","href":"https:\/\/api.w.org\/{rel}","templated":true}]}}