{"id":152213,"date":"2021-01-15T12:03:39","date_gmt":"2021-01-15T12:03:39","guid":{"rendered":"https:\/\/codengine3.ch\/?product=import-placeholder-for-201683"},"modified":"2021-01-15T12:03:44","modified_gmt":"2021-01-15T12:03:44","slug":"schoene-neue-alpen-eine-ortsbesichtigung","status":"publish","type":"product","link":"https:\/\/pizbube.ch\/en\/shop\/schoene-neue-alpen-eine-ortsbesichtigung\/","title":{"rendered":"Sch\u00f6ne neue Alpen &#8211; Eine Ortsbesichtigung"},"content":{"rendered":"<p>Begleitbuch zur gleichnahmigen Ausstellung in M\u00fcnchen und Z\u00fcrich, mit<br \/>\ninformativen Texten und vielen Photos<\/p>","protected":false},"excerpt":{"rendered":"<p>Begleitbuch zur gleichnahmigen Ausstellung in M\u00fcnchen und Z\u00fcrich, mit informativen Texten und vielen Photos<\/p>","protected":false},"featured_media":29063,"template":"","meta":[],"product_brand":[],"product_cat":[21542],"product_tag":[],"class_list":{"0":"post-152213","1":"product","2":"type-product","3":"status-publish","4":"has-post-thumbnail","6":"product_cat-sachbuecher-dokumentationen","7":"pa_autor-hamberger-und-alt","8":"pa_erscheinungsjahr-22060","9":"pa_region-deutschland","10":"pa_sprache-de","12":"first","13":"instock","14":"taxable","15":"shipping-taxable","16":"purchasable","17":"product-type-simple"},"_links":{"self":[{"href":"https:\/\/pizbube.ch\/en\/wp-json\/wp\/v2\/product\/152213","targetHints":{"allow":["GET"]}}],"collection":[{"href":"https:\/\/pizbube.ch\/en\/wp-json\/wp\/v2\/product"}],"about":[{"href":"https:\/\/pizbube.ch\/en\/wp-json\/wp\/v2\/types\/product"}],"wp:featuredmedia":[{"embeddable":true,"href":"https:\/\/pizbube.ch\/en\/wp-json\/wp\/v2\/media\/29063"}],"wp:attachment":[{"href":"https:\/\/pizbube.ch\/en\/wp-json\/wp\/v2\/media?parent=152213"}],"wp:term":[{"taxonomy":"product_brand","embeddable":true,"href":"https:\/\/pizbube.ch\/en\/wp-json\/wp\/v2\/product_brand?post=152213"},{"taxonomy":"product_cat","embeddable":true,"href":"https:\/\/pizbube.ch\/en\/wp-json\/wp\/v2\/product_cat?post=152213"},{"taxonomy":"product_tag","embeddable":true,"href":"https:\/\/pizbube.ch\/en\/wp-json\/wp\/v2\/product_tag?post=152213"}],"curies":[{"name":"wp","href":"https:\/\/api.w.org\/{rel}","templated":true}]}}