{"id":152223,"date":"2021-01-15T12:03:45","date_gmt":"2021-01-15T12:03:45","guid":{"rendered":"https:\/\/codengine3.ch\/?product=import-placeholder-for-204299"},"modified":"2021-01-15T14:31:47","modified_gmt":"2021-01-15T14:31:47","slug":"alpi-apuane-alp-27","status":"publish","type":"product","link":"https:\/\/pizbube.ch\/en\/shop\/alpi-apuane-alp-27\/","title":{"rendered":"Alpi Apuane ALP 27"},"content":{"rendered":"<p>Abbiamo iniziato a lavorare a questo numero sulle Alpi Apuane un anno fa.<br \/>\nL&#8217;idea si \u00e8 fatta strada discutendo con i collaboratori pi\u00f9 stretti sulla<br \/>\nvolont\u00e0 di staccarci per una volta dai luoghi celebrati dell&#8217;arco alpino e<br \/>\ndalle montagne extraeuropee di maggiore richiamo. \u00c8 annosa la questione: Alpi<br \/>\no Appennini. I numeri, alla fin fine, impongono le Alpi su tutto. Sempre e<br \/>\ncomunque. Ma le Alpi Apuane, con il loro sapore mediterraneo, la loro<br \/>\nmorfologia e l&#8217;importanza alpinistica, ci hanno offerto l&#8217;opportunit\u00e0 della<br \/>\nfamosa quadratura del cerchio. Potendo inoltre vantare un vero e proprio asso<br \/>\nnella manica. Il numero, infatti, sarebbe stato pensato, organizzato e<br \/>\nrealizzato con il contributo sostanziale di Mario Verin, fiorentino, forte<br \/>\nscalatore degli anni &#8217;70 e ineccepibile conoscitore delle Apuane, oggi<br \/>\nraffinato fotografo di spazi di montagna e di natura. Grazie a Verin \u00e8 stato<br \/>\npossibile incontrare Elso Biagi e Angelo Nerli, i due storici salitori della<br \/>\nparete nord del Pizzo d&#8217;Uccello; Paolo Melucci, apuanista negli anni &#8217;50 e<br \/>\n&#8217;60; il geologo-scalatore Giovanni Bertini e sua figlia Elisa, l&#8217;artefice<br \/>\ndella cartina generale e delle illustrazioni; Giustino Crescimbeni, Gian Carlo<br \/>\nPolacci, Roberto Vigiani e altri ancora.<\/p>","protected":false},"excerpt":{"rendered":"<p>Abbiamo iniziato a lavorare a questo numero sulle Alpi Apuane un anno fa. L&#8217;idea si \u00e8 fatta strada discutendo con i collaboratori pi\u00f9 stretti sulla volont\u00e0 di staccarci per una volta dai luoghi celebrati dell&#8217;arco alpino e dalle montagne extraeuropee di maggiore richiamo. \u00c8 annosa la questione: Alpi o Appennini. I numeri, alla fin fine, [&#8230;]\n","protected":false},"featured_media":32129,"template":"","meta":[],"product_brand":[],"product_cat":[21541],"product_tag":[],"class_list":{"0":"post-152223","1":"product","2":"type-product","3":"status-publish","4":"has-post-thumbnail","6":"product_cat-zeitschriften","7":"pa_autor-alp","8":"pa_erscheinungsjahr-21776","9":"pa_region-italien","10":"pa_sprache-it","12":"first","13":"instock","14":"taxable","15":"shipping-taxable","16":"purchasable","17":"product-type-simple"},"_links":{"self":[{"href":"https:\/\/pizbube.ch\/en\/wp-json\/wp\/v2\/product\/152223","targetHints":{"allow":["GET"]}}],"collection":[{"href":"https:\/\/pizbube.ch\/en\/wp-json\/wp\/v2\/product"}],"about":[{"href":"https:\/\/pizbube.ch\/en\/wp-json\/wp\/v2\/types\/product"}],"wp:featuredmedia":[{"embeddable":true,"href":"https:\/\/pizbube.ch\/en\/wp-json\/wp\/v2\/media\/32129"}],"wp:attachment":[{"href":"https:\/\/pizbube.ch\/en\/wp-json\/wp\/v2\/media?parent=152223"}],"wp:term":[{"taxonomy":"product_brand","embeddable":true,"href":"https:\/\/pizbube.ch\/en\/wp-json\/wp\/v2\/product_brand?post=152223"},{"taxonomy":"product_cat","embeddable":true,"href":"https:\/\/pizbube.ch\/en\/wp-json\/wp\/v2\/product_cat?post=152223"},{"taxonomy":"product_tag","embeddable":true,"href":"https:\/\/pizbube.ch\/en\/wp-json\/wp\/v2\/product_tag?post=152223"}],"curies":[{"name":"wp","href":"https:\/\/api.w.org\/{rel}","templated":true}]}}