{"id":152229,"date":"2021-01-15T12:03:45","date_gmt":"2021-01-15T12:03:45","guid":{"rendered":"https:\/\/codengine3.ch\/?product=import-placeholder-for-201703"},"modified":"2021-01-15T12:03:55","modified_gmt":"2021-01-15T12:03:55","slug":"klettern","status":"publish","type":"product","link":"https:\/\/pizbube.ch\/en\/shop\/klettern\/","title":{"rendered":"klettern"},"content":{"rendered":"<p>hot rocks &#8211; cold ice- big walls: umfassendes Magazin, wie es der Name sagt!<br \/>\n(erscheint monatlich)  <\/p>\n<p>klettern Juli + August 2013<\/p>\n<p>Besser klettern: Tipps von Stefan Glowacz +++ Sommerziele: Klettern in der<br \/>\nSchweiz +++ Alpinklettern: Knowhow f\u00fcr gro\u00dfe W\u00e4nde +++ Klettergurte im Test<br \/>\n+++ Neue Felsen im Frankenjura<\/p>","protected":false},"excerpt":{"rendered":"<p>hot rocks &#8211; cold ice- big walls: umfassendes Magazin, wie es der Name sagt! (erscheint monatlich) klettern Juli + August 2013 Besser klettern: Tipps von Stefan Glowacz +++ Sommerziele: Klettern in der Schweiz +++ Alpinklettern: Knowhow f\u00fcr gro\u00dfe W\u00e4nde +++ Klettergurte im Test +++ Neue Felsen im Frankenjura<\/p>","protected":false},"featured_media":39928,"template":"","meta":[],"product_brand":[],"product_cat":[21541],"product_tag":[],"class_list":{"0":"post-152229","1":"product","2":"type-product","3":"status-publish","4":"has-post-thumbnail","6":"product_cat-zeitschriften","7":"pa_region-deutschland","8":"pa_sprache-de","10":"first","11":"instock","12":"taxable","13":"shipping-taxable","14":"purchasable","15":"product-type-simple"},"_links":{"self":[{"href":"https:\/\/pizbube.ch\/en\/wp-json\/wp\/v2\/product\/152229","targetHints":{"allow":["GET"]}}],"collection":[{"href":"https:\/\/pizbube.ch\/en\/wp-json\/wp\/v2\/product"}],"about":[{"href":"https:\/\/pizbube.ch\/en\/wp-json\/wp\/v2\/types\/product"}],"wp:featuredmedia":[{"embeddable":true,"href":"https:\/\/pizbube.ch\/en\/wp-json\/wp\/v2\/media\/39928"}],"wp:attachment":[{"href":"https:\/\/pizbube.ch\/en\/wp-json\/wp\/v2\/media?parent=152229"}],"wp:term":[{"taxonomy":"product_brand","embeddable":true,"href":"https:\/\/pizbube.ch\/en\/wp-json\/wp\/v2\/product_brand?post=152229"},{"taxonomy":"product_cat","embeddable":true,"href":"https:\/\/pizbube.ch\/en\/wp-json\/wp\/v2\/product_cat?post=152229"},{"taxonomy":"product_tag","embeddable":true,"href":"https:\/\/pizbube.ch\/en\/wp-json\/wp\/v2\/product_tag?post=152229"}],"curies":[{"name":"wp","href":"https:\/\/api.w.org\/{rel}","templated":true}]}}