{"id":152231,"date":"2021-01-15T12:03:45","date_gmt":"2021-01-15T12:03:45","guid":{"rendered":"https:\/\/codengine3.ch\/?product=import-placeholder-for-206920"},"modified":"2023-01-13T08:48:33","modified_gmt":"2023-01-13T07:48:33","slug":"reise-in-den-himalaya","status":"publish","type":"product","link":"https:\/\/pizbube.ch\/en\/shop\/reise-in-den-himalaya\/","title":{"rendered":"Himalaya f\u00fcrs Handgep\u00e4ck &#8211; Reise in den Himalaya"},"content":{"rendered":"<p>Geschichten f\u00fcrs Handgep\u00e4ck<\/p>\n<p>Erz\u00e4hlungen aus den L\u00e4ndern des Himalaya berichten jenseits aller verkl\u00e4renden<br \/>\nNostalgie von dessen ungebrochener Anziehungskraft und vom Leben in den<br \/>\nabgelegenen Bergregionen.<\/p>\n<p>Auf dem &#8218;Dach der Welt&#8216; finden sich die vielf\u00e4ltigsten Kulturen und<br \/>\nReligionen. Autorinnen und Autoren aus Nepal, Bhutan, Tibet, China und Indien<br \/>\nberichten von Spiritualit\u00e4t und Alltag, politischen Umw\u00e4lzungen und religi\u00f6sen<br \/>\nMythen. Ob Tourist, Trekker oder Bergsteiger &#8211; wer in den Himalaya reist,<br \/>\nerlebt hier ein intensives Leseabenteuer vom Leben und Denken dieser<br \/>\nabgelegenen Bergregionen.<\/p>\n<p>Inhalt:<\/p>\n<div id=\"titinfobody\" class=\"area\">\n<p><em>Kunzang Choden<\/em> begibt sich auf die Suche nach dem Yeti<br \/>\n<em>Ma Yuan<\/em> ist ersch\u00fcttert von der rauen Bergwelt<br \/>\n<em>Kanak Mani Dixit<\/em> h\u00e4lt nicht viel vom Shangrila-Mythos<br \/>\n<em>Jin Zhiguo<\/em> hat M\u00fche, den Pilgern \u00fcber die Bergp\u00e4sse zu folgen<\/p>\n<p><em>Shankar Lamichhane<\/em> warnt vor dem t\u00e4uschenden Licht der untergehenden Sonne<br \/>\n<em>Tsewang Yishey Pema <\/em>f\u00fchrt und in die H\u00f6hle eines Eremiten<br \/>\n<em>Dor Bahadur Bista<\/em> erz\u00e4hlt von der M\u00fchsal, mehrere Frauen zu haben<br \/>\n<em>Gyalpo Tsering <\/em>leidet mit den tibetischen Fl\u00fcchtlingen in Indien<br \/>\n<em>Kumar Sanyal Prabodh<\/em> sinniert \u00fcber Sonderlinge, die im Himalaya ihr Gl\u00fcck suchen<\/p>\n<p><em>Tenzing Norgay <\/em>ist nach der Eroberung des Mount Everest der gl\u00fccklichste Mensch der Welt<br \/>\n<em>Sirish Rao <\/em>glaubt nicht an den Sinn des Bergsteigens<br \/>\n<em>Deepak Thapa <\/em>will mehr Achtung f\u00fcr die Sherpas<br \/>\n<em>H.P.S. Ahluwalia <\/em>wei\u00df, dass es Wichtigeres im Leben gibt als einen Gipfelsieg<br \/>\n<em>Dies und vieles mehr \u00fcber den Himalaya \u2026<\/em><\/p>\n<\/div>\n<div class=\"binding\">Broschiert<\/div>\n<div class=\"pages\">320 Seiten<\/div>","protected":false},"excerpt":{"rendered":"<p>Geschichten f\u00fcrs Handgep\u00e4ck Erz\u00e4hlungen aus den L\u00e4ndern des Himalaya berichten jenseits aller verkl\u00e4renden Nostalgie von dessen ungebrochener Anziehungskraft und vom Leben in den abgelegenen Bergregionen. Auf dem &#8218;Dach der Welt&#8216; finden sich die vielf\u00e4ltigsten Kulturen und Religionen. Autorinnen und Autoren aus Nepal, Bhutan, Tibet, China und Indien berichten von Spiritualit\u00e4t und Alltag, politischen Umw\u00e4lzungen und [&#8230;]\n","protected":false},"featured_media":159820,"template":"","meta":[],"product_brand":[],"product_cat":[21629],"product_tag":[],"class_list":{"0":"post-152231","1":"product","2":"type-product","3":"status-publish","4":"has-post-thumbnail","6":"product_cat-belletristik","7":"pa_autor-gruenefelder","8":"pa_erscheinungsjahr-21574","9":"pa_region-asien","10":"pa_sprache-de","12":"first","13":"onbackorder","14":"taxable","15":"shipping-taxable","16":"purchasable","17":"product-type-simple"},"_links":{"self":[{"href":"https:\/\/pizbube.ch\/en\/wp-json\/wp\/v2\/product\/152231","targetHints":{"allow":["GET"]}}],"collection":[{"href":"https:\/\/pizbube.ch\/en\/wp-json\/wp\/v2\/product"}],"about":[{"href":"https:\/\/pizbube.ch\/en\/wp-json\/wp\/v2\/types\/product"}],"wp:featuredmedia":[{"embeddable":true,"href":"https:\/\/pizbube.ch\/en\/wp-json\/wp\/v2\/media\/159820"}],"wp:attachment":[{"href":"https:\/\/pizbube.ch\/en\/wp-json\/wp\/v2\/media?parent=152231"}],"wp:term":[{"taxonomy":"product_brand","embeddable":true,"href":"https:\/\/pizbube.ch\/en\/wp-json\/wp\/v2\/product_brand?post=152231"},{"taxonomy":"product_cat","embeddable":true,"href":"https:\/\/pizbube.ch\/en\/wp-json\/wp\/v2\/product_cat?post=152231"},{"taxonomy":"product_tag","embeddable":true,"href":"https:\/\/pizbube.ch\/en\/wp-json\/wp\/v2\/product_tag?post=152231"}],"curies":[{"name":"wp","href":"https:\/\/api.w.org\/{rel}","templated":true}]}}