{"id":152233,"date":"2021-01-15T12:03:46","date_gmt":"2021-01-15T12:03:46","guid":{"rendered":"https:\/\/codengine3.ch\/?product=import-placeholder-for-205498"},"modified":"2021-01-15T14:41:44","modified_gmt":"2021-01-15T14:41:44","slug":"die-lawine","status":"publish","type":"product","link":"https:\/\/pizbube.ch\/en\/shop\/die-lawine\/","title":{"rendered":"Die Lawine"},"content":{"rendered":"<p>Thriller.<br \/>\nIn einem franz\u00f6sischen Ferienort in den Alpen findet einer der gef\u00e4hrlichsten<br \/>\nSki-Abfahrtsl\u00e4ufe der Welt statt. Internationale Sportler und unz\u00e4hlige<br \/>\nBesucher sind angereist, um das Highlight zu erleben. Niemand ahnt die nahende<br \/>\nKatastrophe. Doch pl\u00f6tzlich l\u00f6st sich eine riesige Lawine und begr\u00e4bt in<br \/>\nSekunden den gesamten Ort. Nur 18 Menschen \u00fcberleben das Ungl\u00fcck. Doch da<br \/>\ndroht die zweite Lawine &#8230;<br \/>\nEin spannender Thriller \u00fcber die Folgen der Klimaver\u00e4nderung in den Alpen.  <\/p>","protected":false},"excerpt":{"rendered":"<p>Thriller. In einem franz\u00f6sischen Ferienort in den Alpen findet einer der gef\u00e4hrlichsten Ski-Abfahrtsl\u00e4ufe der Welt statt. Internationale Sportler und unz\u00e4hlige Besucher sind angereist, um das Highlight zu erleben. Niemand ahnt die nahende Katastrophe. Doch pl\u00f6tzlich l\u00f6st sich eine riesige Lawine und begr\u00e4bt in Sekunden den gesamten Ort. Nur 18 Menschen \u00fcberleben das Ungl\u00fcck. Doch da [&#8230;]\n","protected":false},"featured_media":34224,"template":"","meta":[],"product_brand":[],"product_cat":[21629],"product_tag":[],"class_list":{"0":"post-152233","1":"product","2":"type-product","3":"status-publish","4":"has-post-thumbnail","6":"product_cat-belletristik","7":"pa_autor-drummont","8":"pa_erscheinungsjahr-21591","9":"pa_region-frankreich","10":"pa_sprache-de","12":"first","13":"outofstock","14":"taxable","15":"shipping-taxable","16":"purchasable","17":"product-type-simple"},"_links":{"self":[{"href":"https:\/\/pizbube.ch\/en\/wp-json\/wp\/v2\/product\/152233","targetHints":{"allow":["GET"]}}],"collection":[{"href":"https:\/\/pizbube.ch\/en\/wp-json\/wp\/v2\/product"}],"about":[{"href":"https:\/\/pizbube.ch\/en\/wp-json\/wp\/v2\/types\/product"}],"wp:featuredmedia":[{"embeddable":true,"href":"https:\/\/pizbube.ch\/en\/wp-json\/wp\/v2\/media\/34224"}],"wp:attachment":[{"href":"https:\/\/pizbube.ch\/en\/wp-json\/wp\/v2\/media?parent=152233"}],"wp:term":[{"taxonomy":"product_brand","embeddable":true,"href":"https:\/\/pizbube.ch\/en\/wp-json\/wp\/v2\/product_brand?post=152233"},{"taxonomy":"product_cat","embeddable":true,"href":"https:\/\/pizbube.ch\/en\/wp-json\/wp\/v2\/product_cat?post=152233"},{"taxonomy":"product_tag","embeddable":true,"href":"https:\/\/pizbube.ch\/en\/wp-json\/wp\/v2\/product_tag?post=152233"}],"curies":[{"name":"wp","href":"https:\/\/api.w.org\/{rel}","templated":true}]}}