{"id":152234,"date":"2021-01-15T12:03:46","date_gmt":"2021-01-15T12:03:46","guid":{"rendered":"https:\/\/codengine3.ch\/?product=import-placeholder-for-205940"},"modified":"2021-01-15T14:45:07","modified_gmt":"2021-01-15T14:45:07","slug":"sternenklare-naechte-im-karakorum","status":"publish","type":"product","link":"https:\/\/pizbube.ch\/en\/shop\/sternenklare-naechte-im-karakorum\/","title":{"rendered":"Sternenklare N\u00e4chte im Karakorum"},"content":{"rendered":"<p>Mit dem Roman Sternklare N\u00e4chte im Karakorum gelang Dusan Jelincic ein<br \/>\nauserordentlicher literarischer Wurf, der aus der sogenannten<br \/>\nBergsteigerliteratur ein literarisches Werk machte. Die Kritik war begeistert.<br \/>\nEin Roman mit alpinistischer Thematik, die Protagonisten sind reale Figuren.<br \/>\nDie Rahmenhandlung spielt im Himalaja bei eisigen St\u00fcrmen und Schneegest\u00f6ber,<br \/>\nsie kehrt uns die inneren Zust\u00e4nde der Alpinisten hervor, die sie zunehmend zu<br \/>\nbeherrschen beginnen. Der innere Monolog der Bergsteiger wird zum roten Faden<br \/>\nder Erz\u00e4hlung.<\/p>\n<p>Der Alpinismus als Metapher des Lebens. Ist doch der Aufstieg ein Synonym der<br \/>\nReise ins Intimste des Menschen. Auch dort sind Abgr\u00fcnde, sind Einsamkeit,<br \/>\nGr\u00f6\u00dfe und Kleinheit Formen, vor denen man sich verstecken m\u00f6chte. Auch die<br \/>\nAlpinisten versuchen davor zur fl\u00fcchten, doch die Trag\u00f6dien und die Toten beim<br \/>\nAufstieg katapultieren sie zur\u00fcck in die Realitat. Und damit beginnt erst der<br \/>\nwirkliche Kampf. Der Kampf ums \u00dcberleben.<\/p>","protected":false},"excerpt":{"rendered":"<p>Mit dem Roman Sternklare N\u00e4chte im Karakorum gelang Dusan Jelincic ein auserordentlicher literarischer Wurf, der aus der sogenannten Bergsteigerliteratur ein literarisches Werk machte. Die Kritik war begeistert. Ein Roman mit alpinistischer Thematik, die Protagonisten sind reale Figuren. Die Rahmenhandlung spielt im Himalaja bei eisigen St\u00fcrmen und Schneegest\u00f6ber, sie kehrt uns die inneren Zust\u00e4nde der Alpinisten [&#8230;]\n","protected":false},"featured_media":34798,"template":"","meta":[],"product_brand":[],"product_cat":[21629],"product_tag":[],"class_list":{"0":"post-152234","1":"product","2":"type-product","3":"status-publish","4":"has-post-thumbnail","6":"product_cat-belletristik","7":"pa_autor-jelincic","8":"pa_erscheinungsjahr-21693","9":"pa_region-asien","10":"pa_sprache-de","12":"first","13":"instock","14":"taxable","15":"shipping-taxable","16":"purchasable","17":"product-type-simple"},"_links":{"self":[{"href":"https:\/\/pizbube.ch\/en\/wp-json\/wp\/v2\/product\/152234","targetHints":{"allow":["GET"]}}],"collection":[{"href":"https:\/\/pizbube.ch\/en\/wp-json\/wp\/v2\/product"}],"about":[{"href":"https:\/\/pizbube.ch\/en\/wp-json\/wp\/v2\/types\/product"}],"wp:featuredmedia":[{"embeddable":true,"href":"https:\/\/pizbube.ch\/en\/wp-json\/wp\/v2\/media\/34798"}],"wp:attachment":[{"href":"https:\/\/pizbube.ch\/en\/wp-json\/wp\/v2\/media?parent=152234"}],"wp:term":[{"taxonomy":"product_brand","embeddable":true,"href":"https:\/\/pizbube.ch\/en\/wp-json\/wp\/v2\/product_brand?post=152234"},{"taxonomy":"product_cat","embeddable":true,"href":"https:\/\/pizbube.ch\/en\/wp-json\/wp\/v2\/product_cat?post=152234"},{"taxonomy":"product_tag","embeddable":true,"href":"https:\/\/pizbube.ch\/en\/wp-json\/wp\/v2\/product_tag?post=152234"}],"curies":[{"name":"wp","href":"https:\/\/api.w.org\/{rel}","templated":true}]}}