{"id":152241,"date":"2021-01-15T12:03:46","date_gmt":"2021-01-15T12:03:46","guid":{"rendered":"https:\/\/codengine3.ch\/?product=import-placeholder-for-203169"},"modified":"2021-01-15T12:54:47","modified_gmt":"2021-01-15T12:54:47","slug":"wasserwuestebaumsteinberg","status":"publish","type":"product","link":"https:\/\/pizbube.ch\/en\/shop\/wasserwuestebaumsteinberg\/","title":{"rendered":"WASSERW\u00dcSTEBAUMSTEINBERG"},"content":{"rendered":"<p>Neuer Fotobildband von Peter Mathis: Art is concentrated Nature 1.<br \/>\nEine Auswahl seiner besten Arbeiten. Sch\u00f6n gestaltet und pr\u00e4sentiert, darf<br \/>\njedes Bild f\u00fcr sich gen\u00fcgend Raum beanspruchen um auf den Betrachter wirken zu<br \/>\nk\u00f6nnen.<br \/>\nPoetische und dennoch realistische Texte, die auch zum Nachdenken anregen,<br \/>\nunterstreichen die Aussagekraft der Bilder. F\u00fcr Naturliebhaber ist es ein<br \/>\nGenuss zum Bl\u00e4ttern.<br \/>\nDer engagierte Hobbyfotograf erh\u00e4lt zus\u00e4tzlich noch Informationen zu den<br \/>\nBildern.  <\/p>","protected":false},"excerpt":{"rendered":"<p>Neuer Fotobildband von Peter Mathis: Art is concentrated Nature 1. Eine Auswahl seiner besten Arbeiten. Sch\u00f6n gestaltet und pr\u00e4sentiert, darf jedes Bild f\u00fcr sich gen\u00fcgend Raum beanspruchen um auf den Betrachter wirken zu k\u00f6nnen. Poetische und dennoch realistische Texte, die auch zum Nachdenken anregen, unterstreichen die Aussagekraft der Bilder. F\u00fcr Naturliebhaber ist es ein Genuss [&#8230;]\n","protected":false},"featured_media":30711,"template":"","meta":[],"product_brand":[],"product_cat":[21580],"product_tag":[],"class_list":{"0":"post-152241","1":"product","2":"type-product","3":"status-publish","4":"has-post-thumbnail","6":"product_cat-kunst-kultur","7":"pa_autor-mathis","8":"pa_erscheinungsjahr-22292","9":"pa_region-oesterreich","10":"pa_sprache-de","12":"first","13":"outofstock","14":"taxable","15":"shipping-taxable","16":"purchasable","17":"product-type-simple"},"_links":{"self":[{"href":"https:\/\/pizbube.ch\/en\/wp-json\/wp\/v2\/product\/152241","targetHints":{"allow":["GET"]}}],"collection":[{"href":"https:\/\/pizbube.ch\/en\/wp-json\/wp\/v2\/product"}],"about":[{"href":"https:\/\/pizbube.ch\/en\/wp-json\/wp\/v2\/types\/product"}],"wp:featuredmedia":[{"embeddable":true,"href":"https:\/\/pizbube.ch\/en\/wp-json\/wp\/v2\/media\/30711"}],"wp:attachment":[{"href":"https:\/\/pizbube.ch\/en\/wp-json\/wp\/v2\/media?parent=152241"}],"wp:term":[{"taxonomy":"product_brand","embeddable":true,"href":"https:\/\/pizbube.ch\/en\/wp-json\/wp\/v2\/product_brand?post=152241"},{"taxonomy":"product_cat","embeddable":true,"href":"https:\/\/pizbube.ch\/en\/wp-json\/wp\/v2\/product_cat?post=152241"},{"taxonomy":"product_tag","embeddable":true,"href":"https:\/\/pizbube.ch\/en\/wp-json\/wp\/v2\/product_tag?post=152241"}],"curies":[{"name":"wp","href":"https:\/\/api.w.org\/{rel}","templated":true}]}}