{"id":152242,"date":"2021-01-15T12:03:51","date_gmt":"2021-01-15T12:03:51","guid":{"rendered":"https:\/\/codengine3.ch\/?product=import-placeholder-for-203255"},"modified":"2021-01-15T12:55:32","modified_gmt":"2021-01-15T12:55:32","slug":"aus-den-bergen","status":"publish","type":"product","link":"https:\/\/pizbube.ch\/en\/shop\/aus-den-bergen\/","title":{"rendered":"Aus den Bergen"},"content":{"rendered":"<p>Aufnahmen von zeitloser Sch\u00f6nheit bietet J\u00fcrgen Winklers Klassiker mit<br \/>\nSchwarzwei\u00dffotografien aus dem Gebirge. Der renommierte Fotograf hat seine<br \/>\nbesten Arbeiten aus \u00fcber drei Jahrzehnten in diesem anspruchsvollen Bildband<br \/>\nzusammengefasst. Die Aufnahmen bestechen durch ihre klare Bildsprache und<br \/>\neinf\u00fchlsame Lichtgestaltung und dr\u00fccken die Faszination aus, die von der<br \/>\nUrlandschaft der Berge ausgeht. Endlich wird dieses Meisterwerk neu aufgelegt!<br \/>\n160 Seiten, mit 110 Abbildungen, Format 24,5 x 30,5 cm, gebunden mit<br \/>\nSchutzumschlag<\/p>","protected":false},"excerpt":{"rendered":"<p>Aufnahmen von zeitloser Sch\u00f6nheit bietet J\u00fcrgen Winklers Klassiker mit Schwarzwei\u00dffotografien aus dem Gebirge. Der renommierte Fotograf hat seine besten Arbeiten aus \u00fcber drei Jahrzehnten in diesem anspruchsvollen Bildband zusammengefasst. Die Aufnahmen bestechen durch ihre klare Bildsprache und einf\u00fchlsame Lichtgestaltung und dr\u00fccken die Faszination aus, die von der Urlandschaft der Berge ausgeht. Endlich wird dieses Meisterwerk [&#8230;]\n","protected":false},"featured_media":30825,"template":"","meta":[],"product_brand":[],"product_cat":[21580],"product_tag":[],"class_list":{"0":"post-152242","1":"product","2":"type-product","3":"status-publish","4":"has-post-thumbnail","6":"product_cat-kunst-kultur","7":"pa_autor-winkler","8":"pa_erscheinungsjahr-21920","9":"pa_region-deutschland","10":"pa_sprache-de","12":"first","13":"outofstock","14":"taxable","15":"shipping-taxable","16":"purchasable","17":"product-type-simple"},"_links":{"self":[{"href":"https:\/\/pizbube.ch\/en\/wp-json\/wp\/v2\/product\/152242","targetHints":{"allow":["GET"]}}],"collection":[{"href":"https:\/\/pizbube.ch\/en\/wp-json\/wp\/v2\/product"}],"about":[{"href":"https:\/\/pizbube.ch\/en\/wp-json\/wp\/v2\/types\/product"}],"wp:featuredmedia":[{"embeddable":true,"href":"https:\/\/pizbube.ch\/en\/wp-json\/wp\/v2\/media\/30825"}],"wp:attachment":[{"href":"https:\/\/pizbube.ch\/en\/wp-json\/wp\/v2\/media?parent=152242"}],"wp:term":[{"taxonomy":"product_brand","embeddable":true,"href":"https:\/\/pizbube.ch\/en\/wp-json\/wp\/v2\/product_brand?post=152242"},{"taxonomy":"product_cat","embeddable":true,"href":"https:\/\/pizbube.ch\/en\/wp-json\/wp\/v2\/product_cat?post=152242"},{"taxonomy":"product_tag","embeddable":true,"href":"https:\/\/pizbube.ch\/en\/wp-json\/wp\/v2\/product_tag?post=152242"}],"curies":[{"name":"wp","href":"https:\/\/api.w.org\/{rel}","templated":true}]}}