{"id":152245,"date":"2021-01-15T12:03:51","date_gmt":"2021-01-15T12:03:51","guid":{"rendered":"https:\/\/codengine3.ch\/?product=import-placeholder-for-201700"},"modified":"2021-01-15T12:03:54","modified_gmt":"2021-01-15T12:03:54","slug":"montblanc-die-eroberung-durch-die-fotografie","status":"publish","type":"product","link":"https:\/\/pizbube.ch\/en\/shop\/montblanc-die-eroberung-durch-die-fotografie\/","title":{"rendered":"Montblanc, Die Eroberung durch die Fotografie"},"content":{"rendered":"<p>Der Montblanc gilt bis heute als der Berg der Berge und als Symbol f\u00fcr die<br \/>\nunbezwingbare Natur. Schroff und rau geformt, von ewigem Eis bedeckt,<br \/>\nentbehrte er noch in den Augen der Romantiker jeglicher \u00e4sthetischen Sch\u00f6nheit<br \/>\nund wurde ihnen so zum majest\u00e4tisch die Gewalt der g\u00f6ttlichen Sch\u00f6pfung<br \/>\nversinnbildlichenden Naturdenkmal. Nur wenige Jahre sp\u00e4ter wurde er von den<br \/>\nfr\u00fchen Alpinisten des 19. Jahrhunderts bestiegen und bezwungen, doch wie das<br \/>\nvorliegende Buch eindrucksvoll beweist, niemals vollkommen entzaubert.<br \/>\nDie Originalfotos des Bergs aus dem 19. Jahrhundert sind tief gepr\u00e4gt ist vom<br \/>\nRespekt des Menschen vor dieser unwirtlichen Natur. Erstaunen ergreift den<br \/>\nBetrachter, wenn er Zeuge der fr\u00fchen Besteigungen wird, erkennt, mit welch<br \/>\nprimitiven Ausr\u00fcstungen sich die Menschen im 19. Jahrhundert an diesen Berg<br \/>\nwagten, und unter den Alpinisten auch Frauen in langen Kleidern auf<br \/>\ngef\u00e4hrlichen Bergp\u00e4ssen entdeckt. Der Reiz des Abenteuers, der diese Entdecker<br \/>\nunseres Planeten vorantrieb, wird von den unglaublichen Fotos ungefiltert in<br \/>\nunsere Zeit transportiert.<br \/>\nDieses Buch ist nicht nur eine Offenbarung f\u00fcr alle Bergbegeisterten, sondern<br \/>\nauch f\u00fcr die Liebhaber guter Fotografie. Dar\u00fcber hinaus bietet es eine<br \/>\npackende Zeitreise, die auch alle diejenigen begeistern wird, die sich eher<br \/>\nf\u00fcr die historischen Aspekte des Themas interessieren.  <\/p>","protected":false},"excerpt":{"rendered":"<p>Der Montblanc gilt bis heute als der Berg der Berge und als Symbol f\u00fcr die unbezwingbare Natur. Schroff und rau geformt, von ewigem Eis bedeckt, entbehrte er noch in den Augen der Romantiker jeglicher \u00e4sthetischen Sch\u00f6nheit und wurde ihnen so zum majest\u00e4tisch die Gewalt der g\u00f6ttlichen Sch\u00f6pfung versinnbildlichenden Naturdenkmal. Nur wenige Jahre sp\u00e4ter wurde er [&#8230;]\n","protected":false},"featured_media":29081,"template":"","meta":[],"product_brand":[],"product_cat":[21580],"product_tag":[],"class_list":{"0":"post-152245","1":"product","2":"type-product","3":"status-publish","4":"has-post-thumbnail","6":"product_cat-kunst-kultur","7":"pa_autor-spies-et-alt","8":"pa_erscheinungsjahr-22292","9":"pa_region-frankreich","10":"pa_sprache-de","12":"first","13":"outofstock","14":"taxable","15":"shipping-taxable","16":"purchasable","17":"product-type-simple"},"_links":{"self":[{"href":"https:\/\/pizbube.ch\/en\/wp-json\/wp\/v2\/product\/152245","targetHints":{"allow":["GET"]}}],"collection":[{"href":"https:\/\/pizbube.ch\/en\/wp-json\/wp\/v2\/product"}],"about":[{"href":"https:\/\/pizbube.ch\/en\/wp-json\/wp\/v2\/types\/product"}],"wp:featuredmedia":[{"embeddable":true,"href":"https:\/\/pizbube.ch\/en\/wp-json\/wp\/v2\/media\/29081"}],"wp:attachment":[{"href":"https:\/\/pizbube.ch\/en\/wp-json\/wp\/v2\/media?parent=152245"}],"wp:term":[{"taxonomy":"product_brand","embeddable":true,"href":"https:\/\/pizbube.ch\/en\/wp-json\/wp\/v2\/product_brand?post=152245"},{"taxonomy":"product_cat","embeddable":true,"href":"https:\/\/pizbube.ch\/en\/wp-json\/wp\/v2\/product_cat?post=152245"},{"taxonomy":"product_tag","embeddable":true,"href":"https:\/\/pizbube.ch\/en\/wp-json\/wp\/v2\/product_tag?post=152245"}],"curies":[{"name":"wp","href":"https:\/\/api.w.org\/{rel}","templated":true}]}}