{"id":152246,"date":"2021-01-15T12:03:52","date_gmt":"2021-01-15T12:03:52","guid":{"rendered":"https:\/\/codengine3.ch\/?product=import-placeholder-for-205429"},"modified":"2021-01-15T14:41:10","modified_gmt":"2021-01-15T14:41:10","slug":"montblanc","status":"publish","type":"product","link":"https:\/\/pizbube.ch\/en\/shop\/montblanc\/","title":{"rendered":"Montblanc"},"content":{"rendered":"<p>Geographisch-historisch-topographische Beschreibung zu K. W. Kummer&#8217;s<br \/>\nStereorama oder Relief des Montblanc-Gebirges und dessen n\u00e4chster Umgebung.  <\/p>\n<p>Die Schrift von Carl Ritter \u00fcber den Montblanc-Stock wurde von verschiedener<br \/>\nSeite als die klassische Landschaftsschilderung des fr\u00fchen 19. Jahrhunderts<br \/>\neingesch\u00e4tzt, ebenb\u00fcrtig mit Alexander von Humboldts Beschreibung seiner<br \/>\nTeilbesteigung des Chimborazo. Grund genug, den Text f\u00fcr eine erneute<br \/>\nBewertung wieder vollst\u00e4ndig zug\u00e4nglich zu machen. Er dokumentiert die<br \/>\nAlpenbegeisterung am Beispiel des Montblancs, dessen erfolgreiche und<br \/>\ngescheiterte Besteigungsversuche chronologisch referiert werden und kritisiert<br \/>\ngleichzeitig bereits ironisch-distanzierend den aufkommenden Alpentourismus.  <\/p>\n<p>Der Text bezeugt den Stand der geologisch-geographischen Wissenschaft seiner<br \/>\nZeit und ist gleichzeitig Ausdruck romantischer Naturbegeisterung wie<br \/>\nromantischer Welterkl\u00e4rung. Dichtung und Forschung verschwimmen auf eine Art<br \/>\nund Weise, wie es heute nicht mehr m\u00f6glich ist. Beschreibungen werden<br \/>\npoetisch, Darstellungen gelangen zur Anschauung. Ritters schriftstellerische<br \/>\nKraft der Synthese ist enorm. Den Montblanc-Text zu lesen, hei\u00dft, mit Carl<br \/>\nRitter geistig zu reisen.  <\/p>","protected":false},"excerpt":{"rendered":"<p>Geographisch-historisch-topographische Beschreibung zu K. W. Kummer&#8217;s Stereorama oder Relief des Montblanc-Gebirges und dessen n\u00e4chster Umgebung. Die Schrift von Carl Ritter \u00fcber den Montblanc-Stock wurde von verschiedener Seite als die klassische Landschaftsschilderung des fr\u00fchen 19. Jahrhunderts eingesch\u00e4tzt, ebenb\u00fcrtig mit Alexander von Humboldts Beschreibung seiner Teilbesteigung des Chimborazo. Grund genug, den Text f\u00fcr eine erneute Bewertung wieder [&#8230;]\n","protected":false},"featured_media":34134,"template":"","meta":[],"product_brand":[],"product_cat":[21580],"product_tag":[],"class_list":{"0":"post-152246","1":"product","2":"type-product","3":"status-publish","4":"has-post-thumbnail","6":"product_cat-kunst-kultur","7":"pa_autor-ritter","8":"pa_erscheinungsjahr-21591","9":"pa_region-frankreich","10":"pa_sprache-de","12":"first","13":"instock","14":"taxable","15":"shipping-taxable","16":"purchasable","17":"product-type-simple"},"_links":{"self":[{"href":"https:\/\/pizbube.ch\/en\/wp-json\/wp\/v2\/product\/152246","targetHints":{"allow":["GET"]}}],"collection":[{"href":"https:\/\/pizbube.ch\/en\/wp-json\/wp\/v2\/product"}],"about":[{"href":"https:\/\/pizbube.ch\/en\/wp-json\/wp\/v2\/types\/product"}],"wp:featuredmedia":[{"embeddable":true,"href":"https:\/\/pizbube.ch\/en\/wp-json\/wp\/v2\/media\/34134"}],"wp:attachment":[{"href":"https:\/\/pizbube.ch\/en\/wp-json\/wp\/v2\/media?parent=152246"}],"wp:term":[{"taxonomy":"product_brand","embeddable":true,"href":"https:\/\/pizbube.ch\/en\/wp-json\/wp\/v2\/product_brand?post=152246"},{"taxonomy":"product_cat","embeddable":true,"href":"https:\/\/pizbube.ch\/en\/wp-json\/wp\/v2\/product_cat?post=152246"},{"taxonomy":"product_tag","embeddable":true,"href":"https:\/\/pizbube.ch\/en\/wp-json\/wp\/v2\/product_tag?post=152246"}],"curies":[{"name":"wp","href":"https:\/\/api.w.org\/{rel}","templated":true}]}}