{"id":152247,"date":"2021-01-15T12:03:52","date_gmt":"2021-01-15T12:03:52","guid":{"rendered":"https:\/\/codengine3.ch\/?product=import-placeholder-for-202071"},"modified":"2021-01-15T12:33:05","modified_gmt":"2021-01-15T12:33:05","slug":"voyage-au-coeur-du-mont-blanc-journey-to-the-heart-of-m","status":"publish","type":"product","link":"https:\/\/pizbube.ch\/en\/shop\/voyage-au-coeur-du-mont-blanc-journey-to-the-heart-of-m\/","title":{"rendered":"Voyage au coeur du Mont Blanc, Journey to the heart of M."},"content":{"rendered":"<p>magnificent photodocumentation of the Mont Blanc region: description of the<br \/>\nmayor peaks, with geografical, historical and personal indexes. world award-<br \/>\nwinner for the best mountain picture book!  <\/p>\n<p>En parcourant en tous sens, pendant plus de quarante ans, le massif du Mont-<br \/>\nBlanc, Pierre Tairraz, chercheur de lumi\u00e8re et de v\u00e9rit\u00e9, a donn\u00e9 une \u00e2me<br \/>\nparticuli\u00e8re \u00e0 ces parois surgies des entrailles de la terre. Il a trac\u00e9, dans<br \/>\nl&#8217;aust\u00e9rit\u00e9 des versants encore \u00e0 l&#8217;ombre, des lignes pures qui conduisent les<br \/>\nhommes vers les cimes.  <\/p>\n<p>En sept chapitres, il nous invite \u00e0 d\u00e9couvrir ce massif extraordinaire : le<br \/>\nMont-Blanc, seigneur des Alpes, surplombant tout le sud-est de la France ;<br \/>\nmais aussi le versant italien mystique et rude, tourn\u00e9 vers le Val d&#8217;Aoste ;<br \/>\nle versant suisse sauvage et peu parcouru ; des bassins enti\u00e8rement d\u00e9di\u00e9s \u00e0<br \/>\nl&#8217;altitude comme ceux de Miage ou d&#8217;Argenti\u00e8re.Depuis la premi\u00e8re parution de<br \/>\ncet ouvrage en 1996, d&#8217;autres livres ont \u00e9t\u00e9 consacr\u00e9s au Mont-Blanc, d&#8217;autres<br \/>\nphotographes se sont attel\u00e9s \u00e0 ce sujet in\u00e9puisable, mais aucun n&#8217;a pu faire<br \/>\noublier et remplacer le regard de Pierre Tairraz, inimitable et pourtant si<br \/>\nsouvent copi\u00e9.Ce livre, qui est un grand classique de la montagne, m\u00e9ritera<br \/>\nlongtemps d&#8217;\u00eatre r\u00e9imprim\u00e9. Cette nouvelle \u00e9dition est bilingue, fran\u00e7ais-<br \/>\nanglais.  <\/p>","protected":false},"excerpt":{"rendered":"<p>magnificent photodocumentation of the Mont Blanc region: description of the mayor peaks, with geografical, historical and personal indexes. world award- winner for the best mountain picture book! En parcourant en tous sens, pendant plus de quarante ans, le massif du Mont- Blanc, Pierre Tairraz, chercheur de lumi\u00e8re et de v\u00e9rit\u00e9, a donn\u00e9 une \u00e2me particuli\u00e8re [&#8230;]\n","protected":false},"featured_media":29453,"template":"","meta":[],"product_brand":[],"product_cat":[21542],"product_tag":[],"class_list":{"0":"post-152247","1":"product","2":"type-product","3":"status-publish","4":"has-post-thumbnail","6":"product_cat-sachbuecher-dokumentationen","7":"pa_autor-tairraz-colonel","8":"pa_erscheinungsjahr-22150","9":"pa_region-frankreich","10":"pa_sprache-e","11":"pa_sprache-f","13":"first","14":"outofstock","15":"taxable","16":"shipping-taxable","17":"purchasable","18":"product-type-simple"},"_links":{"self":[{"href":"https:\/\/pizbube.ch\/en\/wp-json\/wp\/v2\/product\/152247","targetHints":{"allow":["GET"]}}],"collection":[{"href":"https:\/\/pizbube.ch\/en\/wp-json\/wp\/v2\/product"}],"about":[{"href":"https:\/\/pizbube.ch\/en\/wp-json\/wp\/v2\/types\/product"}],"wp:featuredmedia":[{"embeddable":true,"href":"https:\/\/pizbube.ch\/en\/wp-json\/wp\/v2\/media\/29453"}],"wp:attachment":[{"href":"https:\/\/pizbube.ch\/en\/wp-json\/wp\/v2\/media?parent=152247"}],"wp:term":[{"taxonomy":"product_brand","embeddable":true,"href":"https:\/\/pizbube.ch\/en\/wp-json\/wp\/v2\/product_brand?post=152247"},{"taxonomy":"product_cat","embeddable":true,"href":"https:\/\/pizbube.ch\/en\/wp-json\/wp\/v2\/product_cat?post=152247"},{"taxonomy":"product_tag","embeddable":true,"href":"https:\/\/pizbube.ch\/en\/wp-json\/wp\/v2\/product_tag?post=152247"}],"curies":[{"name":"wp","href":"https:\/\/api.w.org\/{rel}","templated":true}]}}