{"id":152255,"date":"2021-01-15T12:03:53","date_gmt":"2021-01-15T12:03:53","guid":{"rendered":"https:\/\/codengine3.ch\/?product=import-placeholder-for-205106"},"modified":"2021-01-15T14:38:46","modified_gmt":"2021-01-15T14:38:46","slug":"die-schoensten-gipfelziele-ortler-dolomiten-julische-alpen","status":"publish","type":"product","link":"https:\/\/pizbube.ch\/en\/shop\/die-schoensten-gipfelziele-ortler-dolomiten-julische-alpen\/","title":{"rendered":"Die sch\u00f6nsten Gipfelziele: Ortler, Dolomiten, Julische Alpen"},"content":{"rendered":"<p>50 Touren in den S\u00fcdalpen  <\/p>\n<p>Imposante Gipfel der S\u00fcdalpen<br \/>\nNach den N\u00f6rdlichen Kalkalpen und den Zentralalpen komplettiert Mark Zahel mit<br \/>\ndiesem Band \u00fcber die S\u00fcdalpen seine reichhaltige Trilogie \u00fcber die gro\u00dfen<br \/>\nGipfel der Ostalpen. Von den stolzen Eisgipfeln der Ortlergruppe \u00fcber die<br \/>\nFelsburgen der Dolomiten bis zu den Julischen Alpen werden \u00fcber 50 Berge<br \/>\nausf\u00fchrlich vorgestellt &#8211; mit ihren Besonderheiten, allen tourenrelevanten<br \/>\nAngaben und eindrucksvollen Bildern. Ein Bildband, Lesebuch und Tourenf\u00fchrer<br \/>\nin einem!<br \/>\n168 Seiten, ca. 150 Abbildungen, Format 21,8 x 26,0 cm, Klappenbroschur mit<br \/>\nFadenheftung<\/p>","protected":false},"excerpt":{"rendered":"<p>50 Touren in den S\u00fcdalpen Imposante Gipfel der S\u00fcdalpen Nach den N\u00f6rdlichen Kalkalpen und den Zentralalpen komplettiert Mark Zahel mit diesem Band \u00fcber die S\u00fcdalpen seine reichhaltige Trilogie \u00fcber die gro\u00dfen Gipfel der Ostalpen. Von den stolzen Eisgipfeln der Ortlergruppe \u00fcber die Felsburgen der Dolomiten bis zu den Julischen Alpen werden \u00fcber 50 Berge ausf\u00fchrlich [&#8230;]\n","protected":false},"featured_media":33716,"template":"","meta":[],"product_brand":[],"product_cat":[21544],"product_tag":[],"class_list":{"0":"post-152255","1":"product","2":"type-product","3":"status-publish","4":"has-post-thumbnail","6":"product_cat-fuehrerliteratur-alpin-sommer","7":"pa_autor-zahel","8":"pa_erscheinungsjahr-21842","9":"pa_region-italien","10":"pa_sprache-de","12":"first","13":"outofstock","14":"taxable","15":"shipping-taxable","16":"purchasable","17":"product-type-simple"},"_links":{"self":[{"href":"https:\/\/pizbube.ch\/en\/wp-json\/wp\/v2\/product\/152255","targetHints":{"allow":["GET"]}}],"collection":[{"href":"https:\/\/pizbube.ch\/en\/wp-json\/wp\/v2\/product"}],"about":[{"href":"https:\/\/pizbube.ch\/en\/wp-json\/wp\/v2\/types\/product"}],"wp:featuredmedia":[{"embeddable":true,"href":"https:\/\/pizbube.ch\/en\/wp-json\/wp\/v2\/media\/33716"}],"wp:attachment":[{"href":"https:\/\/pizbube.ch\/en\/wp-json\/wp\/v2\/media?parent=152255"}],"wp:term":[{"taxonomy":"product_brand","embeddable":true,"href":"https:\/\/pizbube.ch\/en\/wp-json\/wp\/v2\/product_brand?post=152255"},{"taxonomy":"product_cat","embeddable":true,"href":"https:\/\/pizbube.ch\/en\/wp-json\/wp\/v2\/product_cat?post=152255"},{"taxonomy":"product_tag","embeddable":true,"href":"https:\/\/pizbube.ch\/en\/wp-json\/wp\/v2\/product_tag?post=152255"}],"curies":[{"name":"wp","href":"https:\/\/api.w.org\/{rel}","templated":true}]}}