{"id":152256,"date":"2021-01-15T12:03:53","date_gmt":"2021-01-15T12:03:53","guid":{"rendered":"https:\/\/codengine3.ch\/?product=import-placeholder-for-204892"},"modified":"2021-01-15T14:37:03","modified_gmt":"2021-01-15T14:37:03","slug":"i-grandi-spazi-delle-alpi-vol-5-ortles-adamello-orobie-raetikon-silvretta","status":"publish","type":"product","link":"https:\/\/pizbube.ch\/en\/shop\/i-grandi-spazi-delle-alpi-vol-5-ortles-adamello-orobie-raetikon-silvretta\/","title":{"rendered":"I GRANDI SPAZI DELLE ALPI Vol. 5 Ortles, Adamello, Or\u00f2bie, R\u00e4tikon, Silvretta"},"content":{"rendered":"<p>Ortles, Adamello, Or\u00f2bie, R\u00e4tikon, Silvretta  <\/p>\n<p>INDICE:<br \/>\nL&#8217;inquinamento luminoso- Il tramonto free climbing &#8211; Al difficile cospetto<br \/>\ndelle Or\u00f2bie &#8211; La svalutazione della montagna 1 &#8211; Il Parco Europeo delle Alpi<br \/>\nCentrali &#8211; Le incisioni rupestri in Val Cam\u00f2nica &#8211; Chi mi porter\u00e0 a vedere i<br \/>\ncervi? &#8211; Consenso ai parchi e informazione &#8211; Le rocce di Plutone &#8211; Un glaciale<br \/>\nlenzuolo di morte &#8211; La guerra sulle cime 1915-1918 &#8211; Il tempo della lentezza &#8211;<br \/>\nDue parchi nazionali &#8211; Alpinismo in Adamello e Presanella &#8211; Gocce 1 &#8211; Il Parco<br \/>\nNazionale dello St\u00e9lvio &#8211; Gocce 2 &#8211; Un ecomuseo spontaneo &#8211; Le montagne di<br \/>\nDavos &#8211; Tra orsi ed eremiti &#8211; Un idillio alpino &#8211; Memoria di granito &#8211; L&#8217;alba<br \/>\ndell&#8217;arrampicata sportiva &#8211; Antiche tradizioni tirolesi &#8211; Una esse violacea &#8211;<br \/>\nSvalutazione della montagna 2 &#8211; La casa della nonna &#8211; La madre di tutte le<br \/>\npareti &#8211; Un ghiacciaio a sorpresa  <\/p>","protected":false},"excerpt":{"rendered":"<p>Ortles, Adamello, Or\u00f2bie, R\u00e4tikon, Silvretta INDICE: L&#8217;inquinamento luminoso- Il tramonto free climbing &#8211; Al difficile cospetto delle Or\u00f2bie &#8211; La svalutazione della montagna 1 &#8211; Il Parco Europeo delle Alpi Centrali &#8211; Le incisioni rupestri in Val Cam\u00f2nica &#8211; Chi mi porter\u00e0 a vedere i cervi? &#8211; Consenso ai parchi e informazione &#8211; Le rocce [&#8230;]\n","protected":false},"featured_media":33433,"template":"","meta":[],"product_brand":[],"product_cat":[21542],"product_tag":[],"class_list":{"0":"post-152256","1":"product","2":"type-product","3":"status-publish","4":"has-post-thumbnail","6":"product_cat-sachbuecher-dokumentationen","7":"pa_autor-gogna-milani-raiser","8":"pa_erscheinungsjahr-22242","9":"pa_region-italien","10":"pa_sprache-it","12":"first","13":"instock","14":"taxable","15":"shipping-taxable","16":"purchasable","17":"product-type-simple"},"_links":{"self":[{"href":"https:\/\/pizbube.ch\/en\/wp-json\/wp\/v2\/product\/152256","targetHints":{"allow":["GET"]}}],"collection":[{"href":"https:\/\/pizbube.ch\/en\/wp-json\/wp\/v2\/product"}],"about":[{"href":"https:\/\/pizbube.ch\/en\/wp-json\/wp\/v2\/types\/product"}],"wp:featuredmedia":[{"embeddable":true,"href":"https:\/\/pizbube.ch\/en\/wp-json\/wp\/v2\/media\/33433"}],"wp:attachment":[{"href":"https:\/\/pizbube.ch\/en\/wp-json\/wp\/v2\/media?parent=152256"}],"wp:term":[{"taxonomy":"product_brand","embeddable":true,"href":"https:\/\/pizbube.ch\/en\/wp-json\/wp\/v2\/product_brand?post=152256"},{"taxonomy":"product_cat","embeddable":true,"href":"https:\/\/pizbube.ch\/en\/wp-json\/wp\/v2\/product_cat?post=152256"},{"taxonomy":"product_tag","embeddable":true,"href":"https:\/\/pizbube.ch\/en\/wp-json\/wp\/v2\/product_tag?post=152256"}],"curies":[{"name":"wp","href":"https:\/\/api.w.org\/{rel}","templated":true}]}}