{"id":152257,"date":"2021-01-15T12:03:53","date_gmt":"2021-01-15T12:03:53","guid":{"rendered":"https:\/\/codengine3.ch\/?product=import-placeholder-for-201713"},"modified":"2021-01-15T12:03:58","modified_gmt":"2021-01-15T12:03:58","slug":"ostalpen-band-6","status":"publish","type":"product","link":"https:\/\/pizbube.ch\/en\/shop\/ostalpen-band-6\/","title":{"rendered":"Ostalpen Band 6"},"content":{"rendered":"<p>S\u00fcdtirol Ost mit angrenzenden Dolomiten; Oberes Pustertal, Ahrntal, Gr\u00f6den,<br \/>\nSeiser Alm, Rosengarten, Pfunderer Berge. Ausf\u00fchrlicher Alpenvereins-<br \/>\nSkif\u00fchrer (mit \u00dcbersichtskarte)<\/p>","protected":false},"excerpt":{"rendered":"<p>S\u00fcdtirol Ost mit angrenzenden Dolomiten; Oberes Pustertal, Ahrntal, Gr\u00f6den, Seiser Alm, Rosengarten, Pfunderer Berge. Ausf\u00fchrlicher Alpenvereins- Skif\u00fchrer (mit \u00dcbersichtskarte)<\/p>","protected":false},"featured_media":29096,"template":"","meta":[],"product_brand":[],"product_cat":[21540],"product_tag":[],"class_list":{"0":"post-152257","1":"product","2":"type-product","3":"status-publish","4":"has-post-thumbnail","6":"product_cat-fuehrerliteratur-alpin-winter","7":"pa_autor-pescoller","8":"pa_erscheinungsjahr-22275","9":"pa_region-italien","10":"pa_sprache-de","12":"first","13":"instock","14":"taxable","15":"shipping-taxable","16":"purchasable","17":"product-type-simple"},"_links":{"self":[{"href":"https:\/\/pizbube.ch\/en\/wp-json\/wp\/v2\/product\/152257","targetHints":{"allow":["GET"]}}],"collection":[{"href":"https:\/\/pizbube.ch\/en\/wp-json\/wp\/v2\/product"}],"about":[{"href":"https:\/\/pizbube.ch\/en\/wp-json\/wp\/v2\/types\/product"}],"wp:featuredmedia":[{"embeddable":true,"href":"https:\/\/pizbube.ch\/en\/wp-json\/wp\/v2\/media\/29096"}],"wp:attachment":[{"href":"https:\/\/pizbube.ch\/en\/wp-json\/wp\/v2\/media?parent=152257"}],"wp:term":[{"taxonomy":"product_brand","embeddable":true,"href":"https:\/\/pizbube.ch\/en\/wp-json\/wp\/v2\/product_brand?post=152257"},{"taxonomy":"product_cat","embeddable":true,"href":"https:\/\/pizbube.ch\/en\/wp-json\/wp\/v2\/product_cat?post=152257"},{"taxonomy":"product_tag","embeddable":true,"href":"https:\/\/pizbube.ch\/en\/wp-json\/wp\/v2\/product_tag?post=152257"}],"curies":[{"name":"wp","href":"https:\/\/api.w.org\/{rel}","templated":true}]}}