{"id":152258,"date":"2021-01-15T12:03:53","date_gmt":"2021-01-15T12:03:53","guid":{"rendered":"https:\/\/codengine3.ch\/?product=import-placeholder-for-203257"},"modified":"2021-01-15T12:55:33","modified_gmt":"2021-01-15T12:55:33","slug":"lienzer-dolomiten-lesachtal-1-50-000","status":"publish","type":"product","link":"https:\/\/pizbube.ch\/en\/shop\/lienzer-dolomiten-lesachtal-1-50-000\/","title":{"rendered":"Lienzer Dolomiten Lesachtal 1: 50 000"},"content":{"rendered":"<p>Karnischer H\u00f6henweg<br \/>\nKompass Karte 47  <\/p>\n<p>Mit Kurzf\u00fchrer, alpinen Skirouten und Radtouren. Beiheft 64 S.; in<br \/>\nPlastikh\u00fclle.  <\/p>","protected":false},"excerpt":{"rendered":"<p>Karnischer H\u00f6henweg Kompass Karte 47 Mit Kurzf\u00fchrer, alpinen Skirouten und Radtouren. Beiheft 64 S.; in Plastikh\u00fclle.<\/p>","protected":false},"featured_media":30829,"template":"","meta":[],"product_brand":[],"product_cat":[21543],"product_tag":[],"class_list":{"0":"post-152258","1":"product","2":"type-product","3":"status-publish","4":"has-post-thumbnail","6":"product_cat-landkarten","7":"pa_autor-kompass","8":"pa_erscheinungsjahr-21597","9":"pa_region-oesterreich","10":"pa_sprache-de","12":"first","13":"instock","14":"taxable","15":"shipping-taxable","16":"purchasable","17":"product-type-simple"},"_links":{"self":[{"href":"https:\/\/pizbube.ch\/en\/wp-json\/wp\/v2\/product\/152258","targetHints":{"allow":["GET"]}}],"collection":[{"href":"https:\/\/pizbube.ch\/en\/wp-json\/wp\/v2\/product"}],"about":[{"href":"https:\/\/pizbube.ch\/en\/wp-json\/wp\/v2\/types\/product"}],"wp:featuredmedia":[{"embeddable":true,"href":"https:\/\/pizbube.ch\/en\/wp-json\/wp\/v2\/media\/30829"}],"wp:attachment":[{"href":"https:\/\/pizbube.ch\/en\/wp-json\/wp\/v2\/media?parent=152258"}],"wp:term":[{"taxonomy":"product_brand","embeddable":true,"href":"https:\/\/pizbube.ch\/en\/wp-json\/wp\/v2\/product_brand?post=152258"},{"taxonomy":"product_cat","embeddable":true,"href":"https:\/\/pizbube.ch\/en\/wp-json\/wp\/v2\/product_cat?post=152258"},{"taxonomy":"product_tag","embeddable":true,"href":"https:\/\/pizbube.ch\/en\/wp-json\/wp\/v2\/product_tag?post=152258"}],"curies":[{"name":"wp","href":"https:\/\/api.w.org\/{rel}","templated":true}]}}