{"id":152259,"date":"2021-01-15T12:03:53","date_gmt":"2021-01-15T12:03:53","guid":{"rendered":"https:\/\/codengine3.ch\/?product=import-placeholder-for-204393"},"modified":"2021-01-15T14:32:44","modified_gmt":"2021-01-15T14:32:44","slug":"skitourenfuehrer-ostalpen-band-5","status":"publish","type":"product","link":"https:\/\/pizbube.ch\/en\/shop\/skitourenfuehrer-ostalpen-band-5\/","title":{"rendered":"Skitourenf\u00fchrer Ostalpen Band 5"},"content":{"rendered":"<p>Zwischen Ges\u00e4use und Schneeberg;<br \/>\nDieser bislang j\u00fcngste Band in der Reihe der Alpenvereins-Skif\u00fchrer behandelt<br \/>\ndie Ober\u00f6sterreichischen Voralpen, Ybbstaler Alpen, T\u00fcrnitzer Alpen,<br \/>\nWienerwald, Gutensteiner Alpen, Rax-Schneeberg-Gruppe, M\u00fcrzsteger Alpen,<br \/>\nHochschwabgruppe, Ennstaler Alpen, Eisenerzer Alpen, Lavanttaler Alpen sowie<br \/>\ndas West- und Oststeierische Randgebiet.<br \/>\nEs werden in dieser Publikation insgesamt 218 Touren vorgestellt. In<br \/>\nZusammenhang mit dem Band 4 (Zwischen Hafnergruppe und Seckauer Tauern) ist<br \/>\ndamit die gesamte Steiermark skitouristisch abgedeckt. Schlie\u00dflich entspricht<br \/>\ndieser Band dem wintertouristischen Zeitgeist: Unterwegs sein auf klassischen<br \/>\nAnstiegen und Abfahrten wie auch auf jenen Routen, die von der j\u00fcngeren<br \/>\nGeneration entdeckt wurden. Der vorliegende Skitourenf\u00fchrer f\u00fcgt sich als<br \/>\nEinladung in jenem Sinne an, wie dieser allen AV-Skif\u00fchrern zugrunde liegt:<br \/>\nanhand ausgew\u00e4hlter Touren das individuell nahezu unaussch\u00f6pfbare<br \/>\nTourengel\u00e4nde der Alpen abschnittsweise vorzustellen. Hier, an der Peripherie<br \/>\nder Ostalpen, sind Gel\u00e4nde und H\u00f6henmeter zwar bescheidener gegen\u00fcber den<br \/>\nAusma\u00dfen der Gletscherregionen; doch geht es nicht bei jeder Tour vorrangig um<br \/>\ndas naturnahe Erlebnis?<br \/>\nIn Band 5 sind viele Touren enthalten, die f\u00fcr Gro\u00dfr\u00e4ume wie Graz und Wien<br \/>\neher wenig Anfahrtszeit erfordern; denn liegt das Skigl\u00fcck nicht oft genug vor<br \/>\nder Haust\u00fcre? Freilich, f\u00fcr solch ein nahes Skigl\u00fcck mu\u00df vorerst einmal die<br \/>\nrichtige Menge Schnee vorhanden sein. Aber sind endlich die Einzugsgebiete<br \/>\nst\u00e4dtischer Gro\u00dfr\u00e4ume solide verschneit, sollten solche Nahziele um so<br \/>\nbewu\u00dfter aufgesucht werden. Tragen solche \u00dcberlegungen nicht auch zu jenem in<br \/>\nj\u00fcngerer Zeit immer \u00f6fter zitierten sanften Tourismus bei. Mit Hinweisen zu<br \/>\nTourenzeit und Tourenbewertung, Schlechtwetterzielen sowie der wichtigen<br \/>\nLawinenwarndienste geben die Autoren zus\u00e4tzlich n\u00fctzliche Informationen f\u00fcr<br \/>\ndas Gelingen einer Skitour. Eine dreifarbige Beilagenkarte im Ma\u00dfstab<br \/>\n1:500.000 erleichtert dabei die rasche Orientierung bei der Tourenplanung.<\/p>","protected":false},"excerpt":{"rendered":"<p>Zwischen Ges\u00e4use und Schneeberg; Dieser bislang j\u00fcngste Band in der Reihe der Alpenvereins-Skif\u00fchrer behandelt die Ober\u00f6sterreichischen Voralpen, Ybbstaler Alpen, T\u00fcrnitzer Alpen, Wienerwald, Gutensteiner Alpen, Rax-Schneeberg-Gruppe, M\u00fcrzsteger Alpen, Hochschwabgruppe, Ennstaler Alpen, Eisenerzer Alpen, Lavanttaler Alpen sowie das West- und Oststeierische Randgebiet. Es werden in dieser Publikation insgesamt 218 Touren vorgestellt. In Zusammenhang mit dem Band 4 [&#8230;]\n","protected":false},"featured_media":32252,"template":"","meta":[],"product_brand":[],"product_cat":[21540],"product_tag":[],"class_list":{"0":"post-152259","1":"product","2":"type-product","3":"status-publish","4":"has-post-thumbnail","6":"product_cat-fuehrerliteratur-alpin-winter","7":"pa_autor-auferbauer","8":"pa_erscheinungsjahr-22275","9":"pa_region-oesterreich","10":"pa_sprache-de","12":"first","13":"instock","14":"taxable","15":"shipping-taxable","16":"purchasable","17":"product-type-simple"},"_links":{"self":[{"href":"https:\/\/pizbube.ch\/en\/wp-json\/wp\/v2\/product\/152259","targetHints":{"allow":["GET"]}}],"collection":[{"href":"https:\/\/pizbube.ch\/en\/wp-json\/wp\/v2\/product"}],"about":[{"href":"https:\/\/pizbube.ch\/en\/wp-json\/wp\/v2\/types\/product"}],"wp:featuredmedia":[{"embeddable":true,"href":"https:\/\/pizbube.ch\/en\/wp-json\/wp\/v2\/media\/32252"}],"wp:attachment":[{"href":"https:\/\/pizbube.ch\/en\/wp-json\/wp\/v2\/media?parent=152259"}],"wp:term":[{"taxonomy":"product_brand","embeddable":true,"href":"https:\/\/pizbube.ch\/en\/wp-json\/wp\/v2\/product_brand?post=152259"},{"taxonomy":"product_cat","embeddable":true,"href":"https:\/\/pizbube.ch\/en\/wp-json\/wp\/v2\/product_cat?post=152259"},{"taxonomy":"product_tag","embeddable":true,"href":"https:\/\/pizbube.ch\/en\/wp-json\/wp\/v2\/product_tag?post=152259"}],"curies":[{"name":"wp","href":"https:\/\/api.w.org\/{rel}","templated":true}]}}