{"id":152262,"date":"2021-01-15T12:03:58","date_gmt":"2021-01-15T12:03:58","guid":{"rendered":"https:\/\/codengine3.ch\/?product=import-placeholder-for-207276"},"modified":"2024-07-31T09:35:16","modified_gmt":"2024-07-31T07:35:16","slug":"pionier-am-k2","status":"publish","type":"product","link":"https:\/\/pizbube.ch\/en\/shop\/pionier-am-k2\/","title":{"rendered":"Pionier am K2"},"content":{"rendered":"<p>Jules Jacot Guillarmod<br \/>\nEntdecker und Fotograf im Himalaya, 1902 und 1905<\/p>\n<p>1902 versuchte eine internationale Expedition die Erstbesteigung des K2, des<br \/>\ndamals bekanntenh\u00f6chsten Berges der Welt. Jules Jacot Guillarmod dokumentierte<br \/>\nmit seinen Fotos die wagemutigen M\u00e4nner bei ihrem Versuch, sich diesem<br \/>\nriesigen, noch unbekannten Berg zu stellen. Durch diegegens\u00e4tzlichen<br \/>\nAuffassungen des englischen Exzentrikers Aleister Crowley und des seri\u00f6sen<br \/>\nSchweizer Arztes Jules Jacot Guillarmod nahm die Expedition einen dramatischen<br \/>\nVerlauf.<\/p>\n<p>Die Bergsteiger um Oscar Eckenstein waren die ersten Europaeer, die sich in<br \/>\ndie Naehe des K2 (8611) wagten. Im Juni 1902 erreichten sie den Fuss dieser<br \/>\nriesigen Pyramide und waren von ihrer imposanten Schoenheit tief ergriffen.<br \/>\nJules Jacot-Guillarmod, der Schweizer Arzt der Expedition, dokumentierte das<br \/>\nUnternehmen in unzaehligen Fotos, die nach \u00fcber einem Jahrhundert wieder<br \/>\nveroeffentlicht werden.Er fotografierte unter anderem die<br \/>\nHochgebirgslandschaften des Himalaya in anein- ander sich ergaenzende<br \/>\nAufnahmen. Dadurch entstand die Illusion einer Panorama-Aufnahme und<br \/>\nvermittelt dem Betrachter den Blick in einen damals noch voellig unerforschten<br \/>\nTeil der Erde.<\/p>\n<p>Jacot-Guillarmod schrieb Tagebuch und dokumentierte auf einzigartige Weise den<br \/>\nAlltag und die Gefuehlswelt dieser sechs Europaeer, die mit 150 Traegern durch<br \/>\nKaschmir und dem Karakorum zum Fusse des K2 marschierten. Er beschreibt in<br \/>\neindruecklichen Bildern die beeindruckenden Landschaften am Ober-Indus und<br \/>\nderen Bewohner, die er auch als Arzt behandelte. Mit wissenschaftlicher<br \/>\nGenauigkeit dokumentierte er das Leben der Menschen in ihren Doerfern, auf die<br \/>\nsie waehrend ihres Wegs zum K2 trafen.Zwei Monate lebten und forschten sie in<br \/>\nZeltlagern auf 6000 Metern am K2, was zu einer Zerreissprobe f\u00fcr die<br \/>\nTeilnehmer der Expedition wurde. Vor allem der skandalumwitterte englische<br \/>\nDichter und Okkulist Aleister Crowley, wurde durch sein Verhalten zur<br \/>\nallgegenwaertigen Figur der Expedition.1905 unternahm Jacot-Guillarmod eine<br \/>\nweitere Expedition, erstaunlicherweise wie- der mit Aleister Crowley. Diesmal<br \/>\nfuehrte ihn die Reise ans andere Ende der Himalaya-Kette, zum Kangchenjunga.<br \/>\nDie Uneinigkeiten aus der Expedition von 1902 zum K2 fuehrten hier zur<br \/>\nKatastrophe und endeten in einem finalen Drama.<br \/>\n160 Seiten, 24 x 30 cm, Leinen mit Schutzumschlag<\/p>","protected":false},"excerpt":{"rendered":"<p>Jules Jacot Guillarmod Entdecker und Fotograf im Himalaya, 1902 und 1905 1902 versuchte eine internationale Expedition die Erstbesteigung des K2, des damals bekanntenh\u00f6chsten Berges der Welt. Jules Jacot Guillarmod dokumentierte mit seinen Fotos die wagemutigen M\u00e4nner bei ihrem Versuch, sich diesem riesigen, noch unbekannten Berg zu stellen. Durch diegegens\u00e4tzlichen Auffassungen des englischen Exzentrikers Aleister Crowley [&#8230;]\n","protected":false},"featured_media":174136,"template":"","meta":[],"product_brand":[],"product_cat":[21542],"product_tag":[],"class_list":{"0":"post-152262","1":"product","2":"type-product","3":"status-publish","4":"has-post-thumbnail","6":"product_cat-sachbuecher-dokumentationen","7":"pa_autor-buffet","8":"pa_erscheinungsjahr-21621","9":"pa_region-asien","10":"pa_sprache-de","12":"first","13":"instock","14":"taxable","15":"shipping-taxable","16":"purchasable","17":"product-type-simple"},"_links":{"self":[{"href":"https:\/\/pizbube.ch\/en\/wp-json\/wp\/v2\/product\/152262","targetHints":{"allow":["GET"]}}],"collection":[{"href":"https:\/\/pizbube.ch\/en\/wp-json\/wp\/v2\/product"}],"about":[{"href":"https:\/\/pizbube.ch\/en\/wp-json\/wp\/v2\/types\/product"}],"wp:featuredmedia":[{"embeddable":true,"href":"https:\/\/pizbube.ch\/en\/wp-json\/wp\/v2\/media\/174136"}],"wp:attachment":[{"href":"https:\/\/pizbube.ch\/en\/wp-json\/wp\/v2\/media?parent=152262"}],"wp:term":[{"taxonomy":"product_brand","embeddable":true,"href":"https:\/\/pizbube.ch\/en\/wp-json\/wp\/v2\/product_brand?post=152262"},{"taxonomy":"product_cat","embeddable":true,"href":"https:\/\/pizbube.ch\/en\/wp-json\/wp\/v2\/product_cat?post=152262"},{"taxonomy":"product_tag","embeddable":true,"href":"https:\/\/pizbube.ch\/en\/wp-json\/wp\/v2\/product_tag?post=152262"}],"curies":[{"name":"wp","href":"https:\/\/api.w.org\/{rel}","templated":true}]}}