{"id":152274,"date":"2021-01-15T12:04:00","date_gmt":"2021-01-15T12:04:00","guid":{"rendered":"https:\/\/codengine3.ch\/?product=import-placeholder-for-204430"},"modified":"2021-01-15T14:33:08","modified_gmt":"2021-01-15T14:33:08","slug":"die-hoechsten-gipfel","status":"publish","type":"product","link":"https:\/\/pizbube.ch\/en\/shop\/die-hoechsten-gipfel\/","title":{"rendered":"Die h\u00f6chsten Gipfel"},"content":{"rendered":"<p>Die h\u00f6chsten Berge und die imposantesten Gebirgsz\u00fcge der Erde in einem Band!<br \/>\nDieses Buch zum Aufklappen l\u00e4sst den Leser die Gr\u00f6\u00dfe der steinernen Riesen<br \/>\nerstmals wirklich erahnen. Wissenschaftlich exakt und leicht verst\u00e4ndlich wird<br \/>\ndie geologische Entstehungsgeschichte und Geografie der Gebirge eindrucksvoll<br \/>\nbeschrieben. Doch was w\u00fcssten wir \u00fcber diese Welt aus Fels und Schnee ohne die<br \/>\nBergsteiger? Bis heute liegen Abenteuer und Gefahr, Gipfelgl\u00fcck und Scheitern<br \/>\nnah beieinander. Durch diesen Band er\u00f6ffnen sich dem Leser neue Perspektiven-<br \/>\nein Panorama der Berge das seinesgleichen sucht!<br \/>\n300 farb., s\/w. Fotos, 26 Aufklapptafeln<\/p>","protected":false},"excerpt":{"rendered":"<p>Die h\u00f6chsten Berge und die imposantesten Gebirgsz\u00fcge der Erde in einem Band! Dieses Buch zum Aufklappen l\u00e4sst den Leser die Gr\u00f6\u00dfe der steinernen Riesen erstmals wirklich erahnen. Wissenschaftlich exakt und leicht verst\u00e4ndlich wird die geologische Entstehungsgeschichte und Geografie der Gebirge eindrucksvoll beschrieben. Doch was w\u00fcssten wir \u00fcber diese Welt aus Fels und Schnee ohne die [&#8230;]\n","protected":false},"featured_media":32298,"template":"","meta":[],"product_brand":[],"product_cat":[21542],"product_tag":[],"class_list":{"0":"post-152274","1":"product","2":"type-product","3":"status-publish","4":"has-post-thumbnail","6":"product_cat-sachbuecher-dokumentationen","7":"pa_autor-gogna","8":"pa_erscheinungsjahr-21842","9":"pa_region-deutschland","10":"pa_sprache-de","12":"first","13":"instock","14":"taxable","15":"shipping-taxable","16":"purchasable","17":"product-type-simple"},"_links":{"self":[{"href":"https:\/\/pizbube.ch\/en\/wp-json\/wp\/v2\/product\/152274","targetHints":{"allow":["GET"]}}],"collection":[{"href":"https:\/\/pizbube.ch\/en\/wp-json\/wp\/v2\/product"}],"about":[{"href":"https:\/\/pizbube.ch\/en\/wp-json\/wp\/v2\/types\/product"}],"wp:featuredmedia":[{"embeddable":true,"href":"https:\/\/pizbube.ch\/en\/wp-json\/wp\/v2\/media\/32298"}],"wp:attachment":[{"href":"https:\/\/pizbube.ch\/en\/wp-json\/wp\/v2\/media?parent=152274"}],"wp:term":[{"taxonomy":"product_brand","embeddable":true,"href":"https:\/\/pizbube.ch\/en\/wp-json\/wp\/v2\/product_brand?post=152274"},{"taxonomy":"product_cat","embeddable":true,"href":"https:\/\/pizbube.ch\/en\/wp-json\/wp\/v2\/product_cat?post=152274"},{"taxonomy":"product_tag","embeddable":true,"href":"https:\/\/pizbube.ch\/en\/wp-json\/wp\/v2\/product_tag?post=152274"}],"curies":[{"name":"wp","href":"https:\/\/api.w.org\/{rel}","templated":true}]}}