{"id":152283,"date":"2021-01-15T12:04:00","date_gmt":"2021-01-15T12:04:00","guid":{"rendered":"https:\/\/codengine3.ch\/?product=import-placeholder-for-202266"},"modified":"2021-01-15T12:34:50","modified_gmt":"2021-01-15T12:34:50","slug":"lawinenhandbuch","status":"publish","type":"product","link":"https:\/\/pizbube.ch\/en\/shop\/lawinenhandbuch\/","title":{"rendered":"Lawinenhandbuch"},"content":{"rendered":"<p>\u00dcberblick \u00fcber den neuesten Wissenststand in verst\u00e4ndlicher und praktische<br \/>\nverwertbarer Form dar. Unverzichtbarer Lehrbehelf f\u00fcr den Unterricht in<br \/>\nLawinenkunde, umfassendes Nachschlagewerk f\u00fcr den Fachmann!<br \/>\nIn v\u00f6llig \u00fcberarbeiteter, erg\u00e4nzter Form und auf den letzten Stand gebracht &#8211;<br \/>\nwobei vor allem der Einsatz von Computer- und EDV-Programmen zu nennen ist -,<br \/>\nliegt nun das neue Lawinenhandbuch vor. Das Vorg\u00e4ngerbuch hat in k\u00fcrzester<br \/>\nZeit f\u00fcnf Auflagen erreicht und ist zum unentbehrlichen Standardwerk geworden.<br \/>\nF\u00fcr das Erkennen von Lawinen und zur wirksamen Vorbeugung ist umfassendes<br \/>\nWissen notwendig; Ortskenntnis, alpine Erfahrung und die oft strapazierte<br \/>\nIntuition allein reichen nicht aus. Dieses Handbuch gibt einen \u00dcberblick \u00fcber<br \/>\nden neuesten Wissensstand in verst\u00e4ndlicher und praktisch verwertbarer Form zu<br \/>\nden Themen Meteorologie, Schneekunde, Lawinenkunde, Pistensicherung, Skilauf<br \/>\nund Snowboarden im erschlossenen und freien Gel\u00e4nde, Skibergsteigen,<br \/>\nKameradenhilfe und Versch\u00fcttetensuche, Bergrettungseinsatz und Erste Hilfe.<br \/>\nDer unentbehrliche Ratgeber und wichtige Lehrbehelf f\u00fcr den Unterricht in<br \/>\nLawinenkunde ist zugleich auch ein umfassendes Nachschlagewerk f\u00fcr den<br \/>\nFachmann und interessierten Laien zur Beurteilung von Lawinengefahr und zum<br \/>\nrichtigen Verhalten bei Lawinenabg\u00e4ngen.  <\/p>","protected":false},"excerpt":{"rendered":"<p>\u00dcberblick \u00fcber den neuesten Wissenststand in verst\u00e4ndlicher und praktische verwertbarer Form dar. Unverzichtbarer Lehrbehelf f\u00fcr den Unterricht in Lawinenkunde, umfassendes Nachschlagewerk f\u00fcr den Fachmann! In v\u00f6llig \u00fcberarbeiteter, erg\u00e4nzter Form und auf den letzten Stand gebracht &#8211; wobei vor allem der Einsatz von Computer- und EDV-Programmen zu nennen ist -, liegt nun das neue Lawinenhandbuch vor. [&#8230;]\n","protected":false},"featured_media":29643,"template":"","meta":[],"product_brand":[],"product_cat":[21538],"product_tag":[],"class_list":{"0":"post-152283","1":"product","2":"type-product","3":"status-publish","4":"has-post-thumbnail","6":"product_cat-lehrbuecher","7":"pa_autor-land-tirol-hrsg","8":"pa_erscheinungsjahr-21750","9":"pa_region-alpin-winter","10":"pa_sprache-de","12":"first","13":"instock","14":"taxable","15":"shipping-taxable","16":"purchasable","17":"product-type-simple"},"_links":{"self":[{"href":"https:\/\/pizbube.ch\/en\/wp-json\/wp\/v2\/product\/152283","targetHints":{"allow":["GET"]}}],"collection":[{"href":"https:\/\/pizbube.ch\/en\/wp-json\/wp\/v2\/product"}],"about":[{"href":"https:\/\/pizbube.ch\/en\/wp-json\/wp\/v2\/types\/product"}],"wp:featuredmedia":[{"embeddable":true,"href":"https:\/\/pizbube.ch\/en\/wp-json\/wp\/v2\/media\/29643"}],"wp:attachment":[{"href":"https:\/\/pizbube.ch\/en\/wp-json\/wp\/v2\/media?parent=152283"}],"wp:term":[{"taxonomy":"product_brand","embeddable":true,"href":"https:\/\/pizbube.ch\/en\/wp-json\/wp\/v2\/product_brand?post=152283"},{"taxonomy":"product_cat","embeddable":true,"href":"https:\/\/pizbube.ch\/en\/wp-json\/wp\/v2\/product_cat?post=152283"},{"taxonomy":"product_tag","embeddable":true,"href":"https:\/\/pizbube.ch\/en\/wp-json\/wp\/v2\/product_tag?post=152283"}],"curies":[{"name":"wp","href":"https:\/\/api.w.org\/{rel}","templated":true}]}}