{"id":152287,"date":"2021-01-15T12:04:05","date_gmt":"2021-01-15T12:04:05","guid":{"rendered":"https:\/\/codengine3.ch\/?product=import-placeholder-for-201731"},"modified":"2026-03-13T09:12:57","modified_gmt":"2026-03-13T08:12:57","slug":"cote-dazur","status":"publish","type":"product","link":"https:\/\/pizbube.ch\/en\/shop\/cote-dazur\/","title":{"rendered":"C\u00f4te d&#8217;Azur &#8211; mit Nationalpark Calanques: 50 Touren zwischen Meer und Bergen, von Marseille \u00fcber Nizza bis Menton"},"content":{"rendered":"<p><span class=\"value\">Die C\u00f4te d\u2019Azur in S\u00fcdfrankreich ist ein Traumziel f\u00fcr alle, die Wandern, Natur und mediterranes Lebensgef\u00fchl verbinden m\u00f6chten. Nirgendwo sonst liegen traumhafte Str\u00e4nde, wilde Felslandschaften und duftende Macchia so nah beieinander. Beim Wandern an der C\u00f4te d\u2019Azur entdeckt man glitzernde Buchten, felsige Gipfel, Lavendel, Ginster und immer wieder spektakul\u00e4re Ausblicke aufs Mittelmeer.<\/span><\/p>\n<p>Der Rother Wanderf\u00fchrer \u201eC\u00f4te d\u2019Azur\u201c pr\u00e4sentiert 50 abwechslungsreiche Wanderungen entlang der Franz\u00f6sischen Riviera \u2013 von Marseille \u00fcber St. Tropez, Cannes und Nizza bis Menton. Ob K\u00fcstenwanderung mit Badepause, Panoramatour im Hinterland oder sportliche Bergtour in den Seealpen: Dieser Wanderf\u00fchrer macht Lust auf Wandern in S\u00fcdfrankreich. Ein besonderes Highlight sind die spektakul\u00e4ren Routen im Nationalpark Calanques mit seinen fjord\u00e4hnlichen Buchten sowie die herrlichen Inselwanderungen im Parc national de Port-Cros. Auch eine mehrt\u00e4gige Weitwanderung entlang der C\u00f4te d\u2019Azur ist ausf\u00fchrlich beschrieben.<\/p>\n<p>Jede Wanderung wird mit zuverl\u00e4ssiger Wegbeschreibung, detaillierter Karte, H\u00f6henprofil und GPS-Tracks zum Download vorgestellt. Viele Startpunkte sind bequem mit \u00f6ffentlichen Verkehrsmitteln erreichbar. Dazu gibt es zahlreiche Tipps zu Einkehrm\u00f6glichkeiten, Badebuchten und Sehensw\u00fcrdigkeiten entlang der Routen.<\/p>\n<p>224 Seiten; 49 Wanderk\u00e4rtchen im Ma\u00dfstab 1:25.000, 1:50.000 und 1:75.000, zwei Weitwanderkarten im Ma\u00dfstab 1:625.000,<br \/>\n57 H\u00f6henprofile, zwei \u00dcbersichtskarten, GPS-Tracks zum Download<br \/>\n9., aktualisierte Auflage 2026<\/p>","protected":false},"excerpt":{"rendered":"<p>Die C\u00f4te d\u2019Azur in S\u00fcdfrankreich ist ein Traumziel f\u00fcr alle, die Wandern, Natur und mediterranes Lebensgef\u00fchl verbinden m\u00f6chten. Nirgendwo sonst liegen traumhafte Str\u00e4nde, wilde Felslandschaften und duftende Macchia so nah beieinander. Beim Wandern an der C\u00f4te d\u2019Azur entdeckt man glitzernde Buchten, felsige Gipfel, Lavendel, Ginster und immer wieder spektakul\u00e4re Ausblicke aufs Mittelmeer. Der Rother Wanderf\u00fchrer [&#8230;]\n","protected":false},"featured_media":183422,"template":"","meta":[],"product_brand":[],"product_cat":[21605],"product_tag":[],"class_list":{"0":"post-152287","1":"product","2":"type-product","3":"status-publish","4":"has-post-thumbnail","6":"product_cat-wanderfuehrer-trekking","7":"pa_autor-wellhausen","8":"pa_erscheinungsjahr-27654","9":"pa_region-frankreich","10":"pa_sprache-de","12":"first","13":"instock","14":"taxable","15":"shipping-taxable","16":"purchasable","17":"product-type-simple"},"_links":{"self":[{"href":"https:\/\/pizbube.ch\/en\/wp-json\/wp\/v2\/product\/152287","targetHints":{"allow":["GET"]}}],"collection":[{"href":"https:\/\/pizbube.ch\/en\/wp-json\/wp\/v2\/product"}],"about":[{"href":"https:\/\/pizbube.ch\/en\/wp-json\/wp\/v2\/types\/product"}],"wp:featuredmedia":[{"embeddable":true,"href":"https:\/\/pizbube.ch\/en\/wp-json\/wp\/v2\/media\/183422"}],"wp:attachment":[{"href":"https:\/\/pizbube.ch\/en\/wp-json\/wp\/v2\/media?parent=152287"}],"wp:term":[{"taxonomy":"product_brand","embeddable":true,"href":"https:\/\/pizbube.ch\/en\/wp-json\/wp\/v2\/product_brand?post=152287"},{"taxonomy":"product_cat","embeddable":true,"href":"https:\/\/pizbube.ch\/en\/wp-json\/wp\/v2\/product_cat?post=152287"},{"taxonomy":"product_tag","embeddable":true,"href":"https:\/\/pizbube.ch\/en\/wp-json\/wp\/v2\/product_tag?post=152287"}],"curies":[{"name":"wp","href":"https:\/\/api.w.org\/{rel}","templated":true}]}}