{"id":152289,"date":"2021-01-15T12:04:06","date_gmt":"2021-01-15T12:04:06","guid":{"rendered":"https:\/\/codengine3.ch\/?product=import-placeholder-for-203264"},"modified":"2021-01-15T14:21:36","modified_gmt":"2021-01-15T14:21:36","slug":"calanques-entre-ciel-et-mer","status":"publish","type":"product","link":"https:\/\/pizbube.ch\/en\/shop\/calanques-entre-ciel-et-mer\/","title":{"rendered":"Calanques entre ciel et mer"},"content":{"rendered":"<p>Ce tout dernier ouvrage recense 112 randonn\u00e9es de d\u00e9couverte du Massif des<br \/>\nCalanques selon un format original. En effet, Jean Louis, artiste de talent,<br \/>\nillustre ses descriptions par ses propres aquarelles d&#8217;une fid\u00e9lit\u00e9 exemplaire<br \/>\n, des encres, des croquis, mais aussi apporte avec Alain de nombreuses<br \/>\nanecdotes volontiers amusantes et parfois incroyables mais enti\u00e8rement<br \/>\nv\u00e9ridiques! Lorsque l&#8217;on plonge dans cet ouvrage, on y decouvrira 51<br \/>\nrandonn\u00e9es pour tous mais aussi 36 randonn\u00e9es verticales tr\u00e8s originales, 19<br \/>\nvoies d&#8217;escalade facile mais de fort caract\u00e9re ainsi que 6 grands rappels en<br \/>\nfil d&#8217;araign\u00e9e! De quoi alimenter de belles journ\u00e9es dans les Calanques&#8230;  <\/p>","protected":false},"excerpt":{"rendered":"<p>Ce tout dernier ouvrage recense 112 randonn\u00e9es de d\u00e9couverte du Massif des Calanques selon un format original. En effet, Jean Louis, artiste de talent, illustre ses descriptions par ses propres aquarelles d&#8217;une fid\u00e9lit\u00e9 exemplaire , des encres, des croquis, mais aussi apporte avec Alain de nombreuses anecdotes volontiers amusantes et parfois incroyables mais enti\u00e8rement v\u00e9ridiques! [&#8230;]\n","protected":false},"featured_media":30839,"template":"","meta":[],"product_brand":[],"product_cat":[21605],"product_tag":[],"class_list":{"0":"post-152289","1":"product","2":"type-product","3":"status-publish","4":"has-post-thumbnail","6":"product_cat-wanderfuehrer-trekking","7":"pa_autor-fenouil-dupaquis","8":"pa_erscheinungsjahr-22292","9":"pa_region-frankreich","10":"pa_sprache-fr","12":"first","13":"instock","14":"taxable","15":"shipping-taxable","16":"purchasable","17":"product-type-simple"},"_links":{"self":[{"href":"https:\/\/pizbube.ch\/en\/wp-json\/wp\/v2\/product\/152289","targetHints":{"allow":["GET"]}}],"collection":[{"href":"https:\/\/pizbube.ch\/en\/wp-json\/wp\/v2\/product"}],"about":[{"href":"https:\/\/pizbube.ch\/en\/wp-json\/wp\/v2\/types\/product"}],"wp:featuredmedia":[{"embeddable":true,"href":"https:\/\/pizbube.ch\/en\/wp-json\/wp\/v2\/media\/30839"}],"wp:attachment":[{"href":"https:\/\/pizbube.ch\/en\/wp-json\/wp\/v2\/media?parent=152289"}],"wp:term":[{"taxonomy":"product_brand","embeddable":true,"href":"https:\/\/pizbube.ch\/en\/wp-json\/wp\/v2\/product_brand?post=152289"},{"taxonomy":"product_cat","embeddable":true,"href":"https:\/\/pizbube.ch\/en\/wp-json\/wp\/v2\/product_cat?post=152289"},{"taxonomy":"product_tag","embeddable":true,"href":"https:\/\/pizbube.ch\/en\/wp-json\/wp\/v2\/product_tag?post=152289"}],"curies":[{"name":"wp","href":"https:\/\/api.w.org\/{rel}","templated":true}]}}