{"id":152293,"date":"2021-01-15T12:04:06","date_gmt":"2021-01-15T12:04:06","guid":{"rendered":"https:\/\/codengine3.ch\/?product=import-placeholder-for-204422"},"modified":"2023-01-26T09:49:40","modified_gmt":"2023-01-26T08:49:40","slug":"peter-ammon-schweizer-bergleben-um-1950","status":"publish","type":"product","link":"https:\/\/pizbube.ch\/en\/shop\/peter-ammon-schweizer-bergleben-um-1950\/","title":{"rendered":"PETER AMMON Schweizer Bergleben um 1950"},"content":{"rendered":"<p>Peter Ammon ist einer der ersten Schweizer Fotografen, der bereits in den 50er<br \/>\nJahren grossformatige Farbbilder machte.<\/p>\n<p>Das Schweizer Bergleben zu erkunden war dem damals 25j\u00e4hrigen Luzerner auf die<br \/>\nSeele geschrieben. Mit den 125 ganzseitigen Aufnahmen wird ein St\u00fcck<br \/>\nVergangenheit der Schweiz auf eindr\u00fcckliche Weise festgehalten.<\/p>\n<p>200 Seiten 24x30cm 125 Bilder, color;<br \/>\nin allen vier Landessprachen.<\/p>","protected":false},"excerpt":{"rendered":"<p>Peter Ammon ist einer der ersten Schweizer Fotografen, der bereits in den 50er Jahren grossformatige Farbbilder machte. Das Schweizer Bergleben zu erkunden war dem damals 25j\u00e4hrigen Luzerner auf die Seele geschrieben. Mit den 125 ganzseitigen Aufnahmen wird ein St\u00fcck Vergangenheit der Schweiz auf eindr\u00fcckliche Weise festgehalten. 200 Seiten 24x30cm 125 Bilder, color; in allen vier [&#8230;]\n","protected":false},"featured_media":32289,"template":"","meta":[],"product_brand":[],"product_cat":[21580],"product_tag":[],"class_list":{"0":"post-152293","1":"product","2":"type-product","3":"status-publish","4":"has-post-thumbnail","6":"product_cat-kunst-kultur","7":"pa_autor-ammon-ziegler","8":"pa_erscheinungsjahr-21842","9":"pa_region-schweiz","10":"pa_sprache-d","11":"pa_sprache-f","12":"pa_sprache-i","13":"pa_sprache-romanisch","15":"first","16":"outofstock","17":"taxable","18":"shipping-taxable","19":"purchasable","20":"product-type-simple"},"_links":{"self":[{"href":"https:\/\/pizbube.ch\/en\/wp-json\/wp\/v2\/product\/152293","targetHints":{"allow":["GET"]}}],"collection":[{"href":"https:\/\/pizbube.ch\/en\/wp-json\/wp\/v2\/product"}],"about":[{"href":"https:\/\/pizbube.ch\/en\/wp-json\/wp\/v2\/types\/product"}],"wp:featuredmedia":[{"embeddable":true,"href":"https:\/\/pizbube.ch\/en\/wp-json\/wp\/v2\/media\/32289"}],"wp:attachment":[{"href":"https:\/\/pizbube.ch\/en\/wp-json\/wp\/v2\/media?parent=152293"}],"wp:term":[{"taxonomy":"product_brand","embeddable":true,"href":"https:\/\/pizbube.ch\/en\/wp-json\/wp\/v2\/product_brand?post=152293"},{"taxonomy":"product_cat","embeddable":true,"href":"https:\/\/pizbube.ch\/en\/wp-json\/wp\/v2\/product_cat?post=152293"},{"taxonomy":"product_tag","embeddable":true,"href":"https:\/\/pizbube.ch\/en\/wp-json\/wp\/v2\/product_tag?post=152293"}],"curies":[{"name":"wp","href":"https:\/\/api.w.org\/{rel}","templated":true}]}}