{"id":152295,"date":"2021-01-15T12:04:06","date_gmt":"2021-01-15T12:04:06","guid":{"rendered":"https:\/\/codengine3.ch\/?product=import-placeholder-for-205578"},"modified":"2021-01-15T14:42:19","modified_gmt":"2021-01-15T14:42:19","slug":"schoenheiten-des-alpsteins","status":"publish","type":"product","link":"https:\/\/pizbube.ch\/en\/shop\/schoenheiten-des-alpsteins\/","title":{"rendered":"Sch\u00f6nheiten des Alpsteins"},"content":{"rendered":"<p>Wellness f\u00fcrs Gem\u00fct: Der Film &#8218;Sch\u00f6nheiten des Alpsteins&#8216; zeigt in<br \/>\neinzigartigen Bildern die Kontraste in einer anderen Welt und doch direkt vor<br \/>\nder eigenen Haust\u00fcre. Es ist ein Heimatfilm der anderen, stillen Art. Gezeigt<br \/>\nwird die Natur und das Leben zwischen S\u00e4ntis und Hoher Kasten.  <\/p>\n<p>Thomas Rickenmann lehnt sich mit dem Film klar an Werke wie &#8218;Johle und Werche&#8216;<br \/>\nan, ohne diese zu kopieren. Er will die Leute mit dem Einfachen, dem<br \/>\nAllt\u00e4glichen begeistern. Und das gelingt ihm. Die Vielzahl an Kontrasten auf<br \/>\ndieser kleinen Fl\u00e4che liefert ihm die Grundlage daf\u00fcr. Dass er daf\u00fcr auf<br \/>\nexterne T\u00f6ne verzichtet, unterstreicht seine Absicht, den Zuschauer in eine<br \/>\nandere, aber dennoch bekannte Welt zu entf\u00fchren. Und er passt sich dabei mit<br \/>\nder Geschwindigkeit dem Leben auf der Alp an, wo nicht Minuten z\u00e4hlen, sondern<br \/>\nder Umgang mit der Natur. Man kann das durchaus als &#8218;Wellness f\u00fcrs Gem\u00fct&#8216;<br \/>\nbezeichnen.  <\/p>\n<p>Der Respekt, mit dem Rickenmann an Land und Leute herantritt, widerspiegelt<br \/>\nsich in jeder Szene. Und als Zuschauer geniesst man die Reise, die einen durch<br \/>\ns\u00e4mtliche vier Jahreszeiten f\u00fchrt.  <\/p>","protected":false},"excerpt":{"rendered":"<p>Wellness f\u00fcrs Gem\u00fct: Der Film &#8218;Sch\u00f6nheiten des Alpsteins&#8216; zeigt in einzigartigen Bildern die Kontraste in einer anderen Welt und doch direkt vor der eigenen Haust\u00fcre. Es ist ein Heimatfilm der anderen, stillen Art. Gezeigt wird die Natur und das Leben zwischen S\u00e4ntis und Hoher Kasten. Thomas Rickenmann lehnt sich mit dem Film klar an Werke [&#8230;]\n","protected":false},"featured_media":34337,"template":"","meta":[],"product_brand":[],"product_cat":[21628],"product_tag":[],"class_list":{"0":"post-152295","1":"product","2":"type-product","3":"status-publish","4":"has-post-thumbnail","6":"product_cat-video-dvd-multimedia","7":"pa_autor-rickernmann","8":"pa_erscheinungsjahr-21591","9":"pa_region-schweiz","10":"pa_sprache-de","12":"first","13":"instock","14":"taxable","15":"shipping-taxable","16":"purchasable","17":"product-type-simple"},"_links":{"self":[{"href":"https:\/\/pizbube.ch\/en\/wp-json\/wp\/v2\/product\/152295","targetHints":{"allow":["GET"]}}],"collection":[{"href":"https:\/\/pizbube.ch\/en\/wp-json\/wp\/v2\/product"}],"about":[{"href":"https:\/\/pizbube.ch\/en\/wp-json\/wp\/v2\/types\/product"}],"wp:featuredmedia":[{"embeddable":true,"href":"https:\/\/pizbube.ch\/en\/wp-json\/wp\/v2\/media\/34337"}],"wp:attachment":[{"href":"https:\/\/pizbube.ch\/en\/wp-json\/wp\/v2\/media?parent=152295"}],"wp:term":[{"taxonomy":"product_brand","embeddable":true,"href":"https:\/\/pizbube.ch\/en\/wp-json\/wp\/v2\/product_brand?post=152295"},{"taxonomy":"product_cat","embeddable":true,"href":"https:\/\/pizbube.ch\/en\/wp-json\/wp\/v2\/product_cat?post=152295"},{"taxonomy":"product_tag","embeddable":true,"href":"https:\/\/pizbube.ch\/en\/wp-json\/wp\/v2\/product_tag?post=152295"}],"curies":[{"name":"wp","href":"https:\/\/api.w.org\/{rel}","templated":true}]}}