{"id":152297,"date":"2021-01-15T12:04:07","date_gmt":"2021-01-15T12:04:07","guid":{"rendered":"https:\/\/codengine3.ch\/?product=import-placeholder-for-202829"},"modified":"2021-01-15T12:39:41","modified_gmt":"2021-01-15T12:39:41","slug":"outdoor-survival","status":"publish","type":"product","link":"https:\/\/pizbube.ch\/en\/shop\/outdoor-survival\/","title":{"rendered":"Outdoor Survival"},"content":{"rendered":"<p>Dieses Buch beschreibt alle Seiten des Lebens und \u00dcberlebens in freier Natur.<br \/>\nEs zeigt, wie man sich richtig ausr\u00fcstet und Touren vern\u00fcnftig plant. Es<br \/>\nbeschreibt die richtige mentale Einstellung in Extrem- Situationen, wie man<br \/>\nmit Karte und Kompass umgeht, welche Unterk\u00fcnfte in welchen Klimazonen<br \/>\ngeeignet sind, und wie man sich in Schnee, W\u00fcste, Tropen und gem\u00e4\u00dfigten Zonen<br \/>\nern\u00e4hrt. Das \u00dcberwinden von Hindernissen wird ebenso erkl\u00e4rt, wie das Anlegen<br \/>\neines Lagers, das Reinigen von Trinkwasser, die Herstellung von Tierfallen,<br \/>\neinfachen Waffen und Werkzeugen. Der Leser erf\u00e4hrt, wie man Gefahren<br \/>\nrechtzeitig erkennt, Erste Hilfe leistet und Notsignale gibt. Garth Hattingh<br \/>\nist Sportkletterer, Hiker, Taucher und Expeditionsleiter aus Leidenschaft.<br \/>\nSeit 30 Jahren unternimmt er Klettertouren in Fels, Eis und Schnee und<br \/>\nExpeditionen in den abgelegensten Gebieten Afrikas und S\u00fcdamerikas. Er<br \/>\nveranstaltet weltweit Survivalkurse und organisiert F\u00fchrungsseminare in<br \/>\nEngland. Hattingh war ma\u00dfgeblich an der Entwicklung des Wettkampfkletterns in<br \/>\nS\u00fcdafrika beteiligt, war Pr\u00e4sident des S\u00fcdafrikanischen Bergf\u00fchrerverbandes<br \/>\nund leitete die Ausbildungsabteilung des Mountain Club of South Africa.  <\/p>","protected":false},"excerpt":{"rendered":"<p>Dieses Buch beschreibt alle Seiten des Lebens und \u00dcberlebens in freier Natur. Es zeigt, wie man sich richtig ausr\u00fcstet und Touren vern\u00fcnftig plant. Es beschreibt die richtige mentale Einstellung in Extrem- Situationen, wie man mit Karte und Kompass umgeht, welche Unterk\u00fcnfte in welchen Klimazonen geeignet sind, und wie man sich in Schnee, W\u00fcste, Tropen und [&#8230;]\n","protected":false},"featured_media":30279,"template":"","meta":[],"product_brand":[],"product_cat":[21538],"product_tag":[],"class_list":{"0":"post-152297","1":"product","2":"type-product","3":"status-publish","4":"has-post-thumbnail","6":"product_cat-lehrbuecher","7":"pa_autor-hatting","8":"pa_erscheinungsjahr-21830","9":"pa_region-orientierung-wetter-ausbildung","10":"pa_sprache-de","12":"first","13":"instock","14":"taxable","15":"shipping-taxable","16":"purchasable","17":"product-type-simple"},"_links":{"self":[{"href":"https:\/\/pizbube.ch\/en\/wp-json\/wp\/v2\/product\/152297","targetHints":{"allow":["GET"]}}],"collection":[{"href":"https:\/\/pizbube.ch\/en\/wp-json\/wp\/v2\/product"}],"about":[{"href":"https:\/\/pizbube.ch\/en\/wp-json\/wp\/v2\/types\/product"}],"wp:featuredmedia":[{"embeddable":true,"href":"https:\/\/pizbube.ch\/en\/wp-json\/wp\/v2\/media\/30279"}],"wp:attachment":[{"href":"https:\/\/pizbube.ch\/en\/wp-json\/wp\/v2\/media?parent=152297"}],"wp:term":[{"taxonomy":"product_brand","embeddable":true,"href":"https:\/\/pizbube.ch\/en\/wp-json\/wp\/v2\/product_brand?post=152297"},{"taxonomy":"product_cat","embeddable":true,"href":"https:\/\/pizbube.ch\/en\/wp-json\/wp\/v2\/product_cat?post=152297"},{"taxonomy":"product_tag","embeddable":true,"href":"https:\/\/pizbube.ch\/en\/wp-json\/wp\/v2\/product_tag?post=152297"}],"curies":[{"name":"wp","href":"https:\/\/api.w.org\/{rel}","templated":true}]}}