{"id":152300,"date":"2021-01-15T12:04:07","date_gmt":"2021-01-15T12:04:07","guid":{"rendered":"https:\/\/codengine3.ch\/?product=import-placeholder-for-201739"},"modified":"2021-01-15T12:04:11","modified_gmt":"2021-01-15T12:04:11","slug":"waldfuehrer-fuer-neugierige","status":"publish","type":"product","link":"https:\/\/pizbube.ch\/en\/shop\/waldfuehrer-fuer-neugierige\/","title":{"rendered":"Waldf\u00fchrer f\u00fcr Neugierige"},"content":{"rendered":"<p>300 Fragen und Antworten \u00fcber W\u00e4lder und B\u00e4ume &#8211; die Themen sind systematisch<br \/>\ngegliedert, mit vielen Zeichnungen  <\/p>\n<p>Das Buch, welches seit 10 Jahren Erfolgsgeschichte schreibt, ist kein<br \/>\nPflanzen- oder Tierbestimmungsbuch. Es ist vielmehr ein praktischer Begleiter,<br \/>\nder Antworten auf die Fragen gibt, die sich aufmerksame Menschen stellen, wenn<br \/>\nsie im Wald unterwegs sind. Den roten Faden bilden denn auch 300 Fragen und<br \/>\nAntworten auf 240 Seiten, die in Zusammenhang mit dem Thema Wald immer wieder<br \/>\nauftauchen.  <\/p>","protected":false},"excerpt":{"rendered":"<p>300 Fragen und Antworten \u00fcber W\u00e4lder und B\u00e4ume &#8211; die Themen sind systematisch gegliedert, mit vielen Zeichnungen Das Buch, welches seit 10 Jahren Erfolgsgeschichte schreibt, ist kein Pflanzen- oder Tierbestimmungsbuch. Es ist vielmehr ein praktischer Begleiter, der Antworten auf die Fragen gibt, die sich aufmerksame Menschen stellen, wenn sie im Wald unterwegs sind. Den roten [&#8230;]\n","protected":false},"featured_media":29130,"template":"","meta":[],"product_brand":[],"product_cat":[21542],"product_tag":[],"class_list":{"0":"post-152300","1":"product","2":"type-product","3":"status-publish","4":"has-post-thumbnail","6":"product_cat-sachbuecher-dokumentationen","7":"pa_autor-domont","8":"pa_erscheinungsjahr-21591","9":"pa_region-schweiz","10":"pa_sprache-de","12":"first","13":"instock","14":"taxable","15":"shipping-taxable","16":"purchasable","17":"product-type-simple"},"_links":{"self":[{"href":"https:\/\/pizbube.ch\/en\/wp-json\/wp\/v2\/product\/152300","targetHints":{"allow":["GET"]}}],"collection":[{"href":"https:\/\/pizbube.ch\/en\/wp-json\/wp\/v2\/product"}],"about":[{"href":"https:\/\/pizbube.ch\/en\/wp-json\/wp\/v2\/types\/product"}],"wp:featuredmedia":[{"embeddable":true,"href":"https:\/\/pizbube.ch\/en\/wp-json\/wp\/v2\/media\/29130"}],"wp:attachment":[{"href":"https:\/\/pizbube.ch\/en\/wp-json\/wp\/v2\/media?parent=152300"}],"wp:term":[{"taxonomy":"product_brand","embeddable":true,"href":"https:\/\/pizbube.ch\/en\/wp-json\/wp\/v2\/product_brand?post=152300"},{"taxonomy":"product_cat","embeddable":true,"href":"https:\/\/pizbube.ch\/en\/wp-json\/wp\/v2\/product_cat?post=152300"},{"taxonomy":"product_tag","embeddable":true,"href":"https:\/\/pizbube.ch\/en\/wp-json\/wp\/v2\/product_tag?post=152300"}],"curies":[{"name":"wp","href":"https:\/\/api.w.org\/{rel}","templated":true}]}}