{"id":152303,"date":"2021-01-15T12:04:07","date_gmt":"2021-01-15T12:04:07","guid":{"rendered":"https:\/\/codengine3.ch\/?product=import-placeholder-for-206971"},"modified":"2021-01-15T14:53:53","modified_gmt":"2021-01-15T14:53:53","slug":"wanderlust-cd","status":"publish","type":"product","link":"https:\/\/pizbube.ch\/en\/shop\/wanderlust-cd\/","title":{"rendered":"Wanderlust (CD)"},"content":{"rendered":"<p>Man nehme ein Alphorn. Dieses traditionsreiche Instrument mit seinen<br \/>\nbegrenzten harmonischen M\u00f6glichkeiten. Und ein Didgeridoo und Muscheln und<br \/>\nPosaunen und noch mehr Alph\u00f6rner. Und h\u00f6re, wie sich die harmonischen<br \/>\nM\u00f6glichkeiten erweitern, wenn verschiedene H\u00f6rner gleichzeitig spielen. Wie<br \/>\ndas Alphorn in der Klangvielfalt nebst den anderen Ur-Instrumenten auflebt,<br \/>\nwie sich neue stilistische Ausdrucksr\u00e4ume auftun. Komponiertes wird neben<br \/>\nImprovisationen gestellt. Ein Groove steht neben einem tranceartigen Bordun.<br \/>\nEinfl\u00fcsse aus Jazz, afrikanischer Musik und Klassik werden genutzt, es<br \/>\nentsteht eine kreative Auseinandersetzung mit dem zu Unrecht auf Folklore<br \/>\nverpflichteten Alphorn. Dabei bleibt das Ganze improvisatorisch &#8211; lustvoll<br \/>\nkommunizieren die Drei miteinander, immer bereit, unbekannte Wege zu gehen.<br \/>\nH\u00f6rprobe unter: www.echo-vom-zuerihorn.ch  <\/p>","protected":false},"excerpt":{"rendered":"<p>Man nehme ein Alphorn. Dieses traditionsreiche Instrument mit seinen begrenzten harmonischen M\u00f6glichkeiten. Und ein Didgeridoo und Muscheln und Posaunen und noch mehr Alph\u00f6rner. Und h\u00f6re, wie sich die harmonischen M\u00f6glichkeiten erweitern, wenn verschiedene H\u00f6rner gleichzeitig spielen. Wie das Alphorn in der Klangvielfalt nebst den anderen Ur-Instrumenten auflebt, wie sich neue stilistische Ausdrucksr\u00e4ume auftun. Komponiertes wird [&#8230;]\n","protected":false},"featured_media":36530,"template":"","meta":[],"product_brand":[],"product_cat":[21628],"product_tag":[],"class_list":{"0":"post-152303","1":"product","2":"type-product","3":"status-publish","4":"has-post-thumbnail","6":"product_cat-video-dvd-multimedia","7":"pa_autor-gutersohn-morgenthaler-walls-zuerihorn","8":"pa_erscheinungsjahr-21610","9":"pa_region-schweiz","10":"pa_sprache-de","12":"first","13":"instock","14":"taxable","15":"shipping-taxable","16":"purchasable","17":"product-type-simple"},"_links":{"self":[{"href":"https:\/\/pizbube.ch\/en\/wp-json\/wp\/v2\/product\/152303","targetHints":{"allow":["GET"]}}],"collection":[{"href":"https:\/\/pizbube.ch\/en\/wp-json\/wp\/v2\/product"}],"about":[{"href":"https:\/\/pizbube.ch\/en\/wp-json\/wp\/v2\/types\/product"}],"wp:featuredmedia":[{"embeddable":true,"href":"https:\/\/pizbube.ch\/en\/wp-json\/wp\/v2\/media\/36530"}],"wp:attachment":[{"href":"https:\/\/pizbube.ch\/en\/wp-json\/wp\/v2\/media?parent=152303"}],"wp:term":[{"taxonomy":"product_brand","embeddable":true,"href":"https:\/\/pizbube.ch\/en\/wp-json\/wp\/v2\/product_brand?post=152303"},{"taxonomy":"product_cat","embeddable":true,"href":"https:\/\/pizbube.ch\/en\/wp-json\/wp\/v2\/product_cat?post=152303"},{"taxonomy":"product_tag","embeddable":true,"href":"https:\/\/pizbube.ch\/en\/wp-json\/wp\/v2\/product_tag?post=152303"}],"curies":[{"name":"wp","href":"https:\/\/api.w.org\/{rel}","templated":true}]}}