{"id":152304,"date":"2021-01-15T12:04:07","date_gmt":"2021-01-15T12:04:07","guid":{"rendered":"https:\/\/codengine3.ch\/?product=import-placeholder-for-201742"},"modified":"2021-01-15T12:04:12","modified_gmt":"2021-01-15T12:04:12","slug":"leman-genevois-pays-de-gex-chablais-faucigny-1-60-000","status":"publish","type":"product","link":"https:\/\/pizbube.ch\/en\/shop\/leman-genevois-pays-de-gex-chablais-faucigny-1-60-000\/","title":{"rendered":"L\u00e9man &#8211; Genevois &#8211; Pays de Gex &#8211; Chablais &#8211; Faucigny 1: 60 000"},"content":{"rendered":"<p>Libris 01 L\u00e9man &#8211; Genevois &#8211; Pays de Gex &#8211; Chablais &#8211; Faucigny  <\/p>\n<p>Libris\/ Didier Richard &#8211; Karten sind sehr zuverl\u00e4ssig, genau und detailgetreu<br \/>\n(IGN- Basis)und enthalten Angaben zu \u00dcbernachtungs- und Einkehrm\u00f6glichkeiten.<br \/>\nDie Wanderrouten sind farblich gekennzeichnet, und durch die Bildsymbole<br \/>\nwissen Sie sofort, wo die Sehensw\u00fcrdigkeiten liegen.<br \/>\nMit Satellitenbild auf R\u00fcckseite.Legende in Franz\u00f6sisch, Englisch, Deutsch und<br \/>\nItalienisch.  <\/p>","protected":false},"excerpt":{"rendered":"<p>Libris 01 L\u00e9man &#8211; Genevois &#8211; Pays de Gex &#8211; Chablais &#8211; Faucigny Libris\/ Didier Richard &#8211; Karten sind sehr zuverl\u00e4ssig, genau und detailgetreu (IGN- Basis)und enthalten Angaben zu \u00dcbernachtungs- und Einkehrm\u00f6glichkeiten. Die Wanderrouten sind farblich gekennzeichnet, und durch die Bildsymbole wissen Sie sofort, wo die Sehensw\u00fcrdigkeiten liegen. Mit Satellitenbild auf R\u00fcckseite.Legende in Franz\u00f6sisch, Englisch, [&#8230;]\n","protected":false},"featured_media":29134,"template":"","meta":[],"product_brand":[],"product_cat":[21543],"product_tag":[],"class_list":{"0":"post-152304","1":"product","2":"type-product","3":"status-publish","4":"has-post-thumbnail","6":"product_cat-landkarten","7":"pa_autor-libris","8":"pa_erscheinungsjahr-21920","9":"pa_region-frankreich","10":"pa_sprache-d","11":"pa_sprache-e","12":"pa_sprache-f","13":"pa_sprache-i","15":"first","16":"instock","17":"taxable","18":"shipping-taxable","19":"purchasable","20":"product-type-simple"},"_links":{"self":[{"href":"https:\/\/pizbube.ch\/en\/wp-json\/wp\/v2\/product\/152304","targetHints":{"allow":["GET"]}}],"collection":[{"href":"https:\/\/pizbube.ch\/en\/wp-json\/wp\/v2\/product"}],"about":[{"href":"https:\/\/pizbube.ch\/en\/wp-json\/wp\/v2\/types\/product"}],"wp:featuredmedia":[{"embeddable":true,"href":"https:\/\/pizbube.ch\/en\/wp-json\/wp\/v2\/media\/29134"}],"wp:attachment":[{"href":"https:\/\/pizbube.ch\/en\/wp-json\/wp\/v2\/media?parent=152304"}],"wp:term":[{"taxonomy":"product_brand","embeddable":true,"href":"https:\/\/pizbube.ch\/en\/wp-json\/wp\/v2\/product_brand?post=152304"},{"taxonomy":"product_cat","embeddable":true,"href":"https:\/\/pizbube.ch\/en\/wp-json\/wp\/v2\/product_cat?post=152304"},{"taxonomy":"product_tag","embeddable":true,"href":"https:\/\/pizbube.ch\/en\/wp-json\/wp\/v2\/product_tag?post=152304"}],"curies":[{"name":"wp","href":"https:\/\/api.w.org\/{rel}","templated":true}]}}