{"id":152306,"date":"2021-01-15T12:04:08","date_gmt":"2021-01-15T12:04:08","guid":{"rendered":"https:\/\/codengine3.ch\/?product=import-placeholder-for-202175"},"modified":"2021-01-15T12:34:02","modified_gmt":"2021-01-15T12:34:02","slug":"chablais-faucigny-genevois-1-50-000","status":"publish","type":"product","link":"https:\/\/pizbube.ch\/en\/shop\/chablais-faucigny-genevois-1-50-000\/","title":{"rendered":"Chablais, Faucigny, Genevois 1: 50 000"},"content":{"rendered":"<p>cartes d&#8217;itin\u00e9raires de randonn\u00e9es (ski, pedestre, mountainbike) avec<br \/>\ninformation sur des gites et refuges. Compatibilit\u00e9 GPS. (gute<br \/>\n\u00dcbersichtskarten)  <\/p>","protected":false},"excerpt":{"rendered":"<p>cartes d&#8217;itin\u00e9raires de randonn\u00e9es (ski, pedestre, mountainbike) avec information sur des gites et refuges. Compatibilit\u00e9 GPS. (gute \u00dcbersichtskarten)<\/p>","protected":false},"featured_media":29565,"template":"","meta":[],"product_brand":[],"product_cat":[21543],"product_tag":[],"class_list":{"0":"post-152306","1":"product","2":"type-product","3":"status-publish","4":"has-post-thumbnail","6":"product_cat-landkarten","7":"pa_autor-didier-richard","8":"pa_erscheinungsjahr-22144","9":"pa_region-frankreich","10":"pa_sprache-fr","12":"first","13":"outofstock","14":"taxable","15":"shipping-taxable","16":"purchasable","17":"product-type-simple"},"_links":{"self":[{"href":"https:\/\/pizbube.ch\/en\/wp-json\/wp\/v2\/product\/152306","targetHints":{"allow":["GET"]}}],"collection":[{"href":"https:\/\/pizbube.ch\/en\/wp-json\/wp\/v2\/product"}],"about":[{"href":"https:\/\/pizbube.ch\/en\/wp-json\/wp\/v2\/types\/product"}],"wp:featuredmedia":[{"embeddable":true,"href":"https:\/\/pizbube.ch\/en\/wp-json\/wp\/v2\/media\/29565"}],"wp:attachment":[{"href":"https:\/\/pizbube.ch\/en\/wp-json\/wp\/v2\/media?parent=152306"}],"wp:term":[{"taxonomy":"product_brand","embeddable":true,"href":"https:\/\/pizbube.ch\/en\/wp-json\/wp\/v2\/product_brand?post=152306"},{"taxonomy":"product_cat","embeddable":true,"href":"https:\/\/pizbube.ch\/en\/wp-json\/wp\/v2\/product_cat?post=152306"},{"taxonomy":"product_tag","embeddable":true,"href":"https:\/\/pizbube.ch\/en\/wp-json\/wp\/v2\/product_tag?post=152306"}],"curies":[{"name":"wp","href":"https:\/\/api.w.org\/{rel}","templated":true}]}}