{"id":152308,"date":"2021-01-15T12:04:13","date_gmt":"2021-01-15T12:04:13","guid":{"rendered":"https:\/\/codengine3.ch\/?product=import-placeholder-for-204072"},"modified":"2021-01-15T14:29:32","modified_gmt":"2021-01-15T14:29:32","slug":"wanderziel-huette","status":"publish","type":"product","link":"https:\/\/pizbube.ch\/en\/shop\/wanderziel-huette\/","title":{"rendered":"Wanderziel H\u00fctte"},"content":{"rendered":"<p>Ein Kulturf\u00fchrer zu 50 SAC- H\u00fctten: Immer mehr Bergwanderer steigen in luftige<br \/>\nH\u00f6hen und entdecken so die Vielfalt der SAC-H\u00fctten: traditionell gem\u00fctlich,<br \/>\nbeunruhigend modernoder beides kombiniert. Dieser SAC-Wander(ver)f\u00fchrer bietet<br \/>\nneben den 50 Tourentipps viele Geschichten rund um die H\u00fcttenziele. Der<br \/>\nbekannte Schriftsteller, Dres Balmer, erz\u00e4hlt vom Leben und von den<br \/>\nEigenheiten f\u00fcnfzig ausgew\u00e4hlter Objekte. Er war 2 Jahre f\u00fcr den SAC<br \/>\nunterwegs.Zur Wandersaison liegt dieser Kulturf\u00fchrer vor &#8211; p\u00fcnktlich zum SAC-<br \/>\nJahrder H\u00fctten 2006.<\/p>","protected":false},"excerpt":{"rendered":"<p>Ein Kulturf\u00fchrer zu 50 SAC- H\u00fctten: Immer mehr Bergwanderer steigen in luftige H\u00f6hen und entdecken so die Vielfalt der SAC-H\u00fctten: traditionell gem\u00fctlich, beunruhigend modernoder beides kombiniert. Dieser SAC-Wander(ver)f\u00fchrer bietet neben den 50 Tourentipps viele Geschichten rund um die H\u00fcttenziele. Der bekannte Schriftsteller, Dres Balmer, erz\u00e4hlt vom Leben und von den Eigenheiten f\u00fcnfzig ausgew\u00e4hlter Objekte. Er [&#8230;]\n","protected":false},"featured_media":31819,"template":"","meta":[],"product_brand":[],"product_cat":[21605],"product_tag":[],"class_list":{"0":"post-152308","1":"product","2":"type-product","3":"status-publish","4":"has-post-thumbnail","6":"product_cat-wanderfuehrer-trekking","7":"pa_autor-balmer","8":"pa_erscheinungsjahr-21763","9":"pa_region-schweiz","10":"pa_sprache-de","12":"first","13":"outofstock","14":"taxable","15":"shipping-taxable","16":"purchasable","17":"product-type-simple"},"_links":{"self":[{"href":"https:\/\/pizbube.ch\/en\/wp-json\/wp\/v2\/product\/152308","targetHints":{"allow":["GET"]}}],"collection":[{"href":"https:\/\/pizbube.ch\/en\/wp-json\/wp\/v2\/product"}],"about":[{"href":"https:\/\/pizbube.ch\/en\/wp-json\/wp\/v2\/types\/product"}],"wp:featuredmedia":[{"embeddable":true,"href":"https:\/\/pizbube.ch\/en\/wp-json\/wp\/v2\/media\/31819"}],"wp:attachment":[{"href":"https:\/\/pizbube.ch\/en\/wp-json\/wp\/v2\/media?parent=152308"}],"wp:term":[{"taxonomy":"product_brand","embeddable":true,"href":"https:\/\/pizbube.ch\/en\/wp-json\/wp\/v2\/product_brand?post=152308"},{"taxonomy":"product_cat","embeddable":true,"href":"https:\/\/pizbube.ch\/en\/wp-json\/wp\/v2\/product_cat?post=152308"},{"taxonomy":"product_tag","embeddable":true,"href":"https:\/\/pizbube.ch\/en\/wp-json\/wp\/v2\/product_tag?post=152308"}],"curies":[{"name":"wp","href":"https:\/\/api.w.org\/{rel}","templated":true}]}}