{"id":152309,"date":"2021-01-15T12:04:13","date_gmt":"2021-01-15T12:04:13","guid":{"rendered":"https:\/\/codengine3.ch\/?product=import-placeholder-for-201745"},"modified":"2021-01-15T12:04:16","modified_gmt":"2021-01-15T12:04:16","slug":"jung-stirbt-wen-die-goetter-lieben-dvd","status":"publish","type":"product","link":"https:\/\/pizbube.ch\/en\/shop\/jung-stirbt-wen-die-goetter-lieben-dvd\/","title":{"rendered":"Jung stirbt, wen die G\u00f6tter lieben DVD"},"content":{"rendered":"<p>Das kurze Leben des Kletteres Wolfgang G\u00fcllich.  <\/p>\n<p>Wolfgang G\u00fcllich ist ein Idol nur in der \u00fcberschaubaren Welt der<br \/>\nSportkletterer, und doch hatten ihn weltweit Millionen von Menschen auf der<br \/>\nKinoleinwand bewundert: Im Hollywoodstreifen `Cliffhanger` hing er mit einer<br \/>\nHand an einer schmalen Felsleiste \u00fcber dem Abgrund &#8211; als Double von keinem<br \/>\ngeringeren als Sylvester Stallone. Zwar hat sich zwischen dem bescheidenen<br \/>\nKletterer und dem Filmstar w\u00e4hrend der Dreharbeiten eine herzliche<br \/>\nFreundschaft entwickelt, die gro\u00dfe Show aber hat G\u00fcllich nie interessiert.<br \/>\nEr hat als Kletterer Ma\u00dfst\u00e4be gesetzt: an den Felsen in seiner Heimat, der<br \/>\nPfalz, in seiner Wahlheimat Frankenjura, aber ebenso an Riesenw\u00e4nden im<br \/>\nKarakorum und in Patagonien. Aber so schreibt Bergauf-Bergab-Autor Malte<br \/>\nRoeper, `sportliche Leistung ist eine Form von Ruhm, die schnell verblassen<br \/>\nkann. Zum Idol wird einer erst durch seine Pers\u00f6nlichkeit`. Malte Roeper und<br \/>\nder Kameramann Jochen Schmoll w\u00fcrdigen das Leben eines der gr\u00f6\u00dften Kletterer<br \/>\naller Zeiten.  <\/p>\n<p>DVD, Deutsch. 60 Min..<\/p>","protected":false},"excerpt":{"rendered":"<ul>\n<li><a href=\"https:\/\/youtu.be\/pvPkGxloNmM\" target=\"_blank\" rel=\"noopener\">Video: Jung stirbt, wen die G\u00f6tter lieben<\/a><\/li>\n<\/ul>","protected":false},"featured_media":29137,"template":"","meta":[],"product_brand":[],"product_cat":[21628],"product_tag":[],"class_list":{"0":"post-152309","1":"product","2":"type-product","3":"status-publish","4":"has-post-thumbnail","6":"product_cat-video-dvd-multimedia","7":"pa_autor-pause-roeper","8":"pa_erscheinungsjahr-21842","9":"pa_region-deutschland","10":"pa_sprache-de","12":"first","13":"outofstock","14":"taxable","15":"shipping-taxable","16":"purchasable","17":"product-type-simple"},"_links":{"self":[{"href":"https:\/\/pizbube.ch\/en\/wp-json\/wp\/v2\/product\/152309","targetHints":{"allow":["GET"]}}],"collection":[{"href":"https:\/\/pizbube.ch\/en\/wp-json\/wp\/v2\/product"}],"about":[{"href":"https:\/\/pizbube.ch\/en\/wp-json\/wp\/v2\/types\/product"}],"wp:featuredmedia":[{"embeddable":true,"href":"https:\/\/pizbube.ch\/en\/wp-json\/wp\/v2\/media\/29137"}],"wp:attachment":[{"href":"https:\/\/pizbube.ch\/en\/wp-json\/wp\/v2\/media?parent=152309"}],"wp:term":[{"taxonomy":"product_brand","embeddable":true,"href":"https:\/\/pizbube.ch\/en\/wp-json\/wp\/v2\/product_brand?post=152309"},{"taxonomy":"product_cat","embeddable":true,"href":"https:\/\/pizbube.ch\/en\/wp-json\/wp\/v2\/product_cat?post=152309"},{"taxonomy":"product_tag","embeddable":true,"href":"https:\/\/pizbube.ch\/en\/wp-json\/wp\/v2\/product_tag?post=152309"}],"curies":[{"name":"wp","href":"https:\/\/api.w.org\/{rel}","templated":true}]}}