{"id":152310,"date":"2021-01-15T12:04:13","date_gmt":"2021-01-15T12:04:13","guid":{"rendered":"https:\/\/codengine3.ch\/?product=import-placeholder-for-207269"},"modified":"2023-06-01T08:52:48","modified_gmt":"2023-06-01T06:52:48","slug":"kletterfuehrer-suedlicher-frankenjura","status":"publish","type":"product","link":"https:\/\/pizbube.ch\/en\/shop\/kletterfuehrer-suedlicher-frankenjura\/","title":{"rendered":"Kletterf\u00fchrer S\u00fcdlicher Frankenjura"},"content":{"rendered":"<p>Altm\u00fchltal, Donaudurchbruch, Labertal, Naabtal und Konstein<\/p>\n<p>Es gibt jetzt endlich die 3. Auflage des Kletterf\u00fchrers \u00fcber den S\u00fcdlichen<br \/>\nFrankenjura. Auf 584 Seiten beschreibt das Werk gut 1900 Routen an 115 Felsen.<br \/>\nErfasst sind die Gebiete Konstein, Unteres Altm\u00fchltal, Donaudurchbruch, Laber-<br \/>\nund Naabtal. Die Beschreibungen im Gebiet Konstein wurden von den Locals<br \/>\nMichael Steinhoff und Helmut Wundlechner komplett \u00fcberarbeitet. Vollst\u00e4ndig<br \/>\nneue Topos machen dort die Orientierung am Fels noch noch leichter. Zu nahezu<br \/>\njeder Route wartet ein erhellender Routenkommentar.<\/p>\n<p>Insgesamt 17 (\u00dcbersichts-) Karten stellen die Lage der Felsen dar und d\u00fcrften<br \/>\njedermann an seinen Wunschfels f\u00fchren. Neben den bekannten Zielen werden neu<br \/>\nerschlossene W\u00e4nde beschrieben, eine aktuelle Darstellung war den Autoren<br \/>\ndringlichste Verpflichtung. Die Verbundenheit mit der beschriebenen Region und<br \/>\nderen Kenntnis spiegelt sich in jedem einzelnen Fels- und Routenkommentar<br \/>\nwieder.<\/p>\n<p>Wenn auch die international bedeutsamen Zeiten im S\u00fcdlichen Frankenjura vorbei<br \/>\nsind, so blieb diese klassische Kletterregion doch ein \u00fcberregionales Ziel mit<br \/>\nau\u00dfergew\u00f6hnlicher landschaftlicher Anziehungskraft. Das F\u00fchrerwerk versucht<br \/>\nauch diesem Aspekt mit sog. \u201eSpots\u201c Rechnung zu tragen, die arch\u00e4ologische,<br \/>\ngeologische oder auch architektonische Besonderheiten beschreiben.<\/p>","protected":false},"excerpt":{"rendered":"<ul>\n<li><a href=\"https:\/\/pizbube.ch\/wp-content\/uploads\/attachments\/a_014\/4E552FF8C9BA8FD31C6A76BE382BE780.pdf\" target=\"_blank\" rel=\"noopener\">PDF: suedlicher_frankenjura_Leseprobe<\/a><\/li>\n<\/ul>","protected":false},"featured_media":38534,"template":"","meta":[],"product_brand":[],"product_cat":[21539],"product_tag":[],"class_list":{"0":"post-152310","1":"product","2":"type-product","3":"status-publish","4":"has-post-thumbnail","6":"product_cat-fuehrerliteratur-sportklettern-bouldern","7":"pa_autor-steinhoff-wundlechner-zieglmeier","8":"pa_erscheinungsjahr-21574","9":"pa_region-deutschland","10":"pa_sprache-de","12":"first","13":"outofstock","14":"taxable","15":"shipping-taxable","16":"purchasable","17":"product-type-simple"},"_links":{"self":[{"href":"https:\/\/pizbube.ch\/en\/wp-json\/wp\/v2\/product\/152310","targetHints":{"allow":["GET"]}}],"collection":[{"href":"https:\/\/pizbube.ch\/en\/wp-json\/wp\/v2\/product"}],"about":[{"href":"https:\/\/pizbube.ch\/en\/wp-json\/wp\/v2\/types\/product"}],"wp:featuredmedia":[{"embeddable":true,"href":"https:\/\/pizbube.ch\/en\/wp-json\/wp\/v2\/media\/38534"}],"wp:attachment":[{"href":"https:\/\/pizbube.ch\/en\/wp-json\/wp\/v2\/media?parent=152310"}],"wp:term":[{"taxonomy":"product_brand","embeddable":true,"href":"https:\/\/pizbube.ch\/en\/wp-json\/wp\/v2\/product_brand?post=152310"},{"taxonomy":"product_cat","embeddable":true,"href":"https:\/\/pizbube.ch\/en\/wp-json\/wp\/v2\/product_cat?post=152310"},{"taxonomy":"product_tag","embeddable":true,"href":"https:\/\/pizbube.ch\/en\/wp-json\/wp\/v2\/product_tag?post=152310"}],"curies":[{"name":"wp","href":"https:\/\/api.w.org\/{rel}","templated":true}]}}