{"id":152311,"date":"2021-01-15T12:04:13","date_gmt":"2021-01-15T12:04:13","guid":{"rendered":"https:\/\/codengine3.ch\/?product=import-placeholder-for-207200"},"modified":"2021-01-15T14:56:06","modified_gmt":"2021-01-15T14:56:06","slug":"wen-die-goetter-lieben-schicksale-von-elf-extrembergsteigern","status":"publish","type":"product","link":"https:\/\/pizbube.ch\/en\/shop\/wen-die-goetter-lieben-schicksale-von-elf-extrembergsteigern\/","title":{"rendered":"Wen die G\u00f6tter lieben &#8211; Schicksale von elf Extrembergsteigern"},"content":{"rendered":"<p>Schicksale von elf Extrembergsteigern  <\/p>\n<p>Elf Bergsteiger, die Marksteine in der Alpingeschichte setzten: Hans D\u00fclfer<br \/>\nund Paul Preu\u00df, trotz ihres fr\u00fchen Todes die gr\u00f6\u00dften Pioniere des<br \/>\nFelskletterns; Willo Welzenbach, Intellektueller und Wegbereiter des modernen<br \/>\nEiskletterns; Louis Lachenal, der &#8218;Sprinter&#8216; am Berg und eine alle Normen<br \/>\nsprengende Pers\u00f6nlichkeit; Diether Marchart, dem mit 19 Jahren die erste<br \/>\nSolodurchsteigung der Matterhorn-Nordwand gelang; Toni Kinshofer, der trotz<br \/>\nseiner Amputationen mit seinem \u00fcberragenden K\u00f6nnen im Fels wie im Eis<br \/>\nverbl\u00fcffte; G\u00fcnther Messner, der versuchte, aus dem Schatten des gro\u00dfen<br \/>\nBruders, Reinhold, zu treten; Heini Holzer, klein an Gestalt, in den Bergen<br \/>\naber ein ganz Gro\u00dfer; Xaver Bongard mit seinen technischen Solos und den<br \/>\nersten Basejumps; Alison Hargreaves, die sich verzweifelt bem\u00fchte, ihre<br \/>\nAufgaben als Mutter von zwei kleinen Kindern mit ihrem Drang nach Extremtouren<br \/>\nzu vereinbaren und schlie\u00dflich der &#8218;Paradiesvogel&#8216; Marco Siffredi, der mit dem<br \/>\nSnowboard Achttausender und 60 Grad steile Eisw\u00e4nde im Montblanc-Gebiet<br \/>\nbefuhr: Sie alle hatten den Alpinismus gepr\u00e4gt, ehe sie \u2013 viel zu fr\u00fch \u2013 den<br \/>\nTod fanden.  <\/p>\n<p>In Wort und Bild, darunter viele Originalfotos, wird ihr Lebensweg<br \/>\nnachgezeichnet; im Mittelpunkt stehen dabei die Schilderung ihrer gr\u00f6\u00dften<br \/>\nTouren und die Umst\u00e4nde ihres Todes.  <\/p>\n<p>Der Br\u00fcckenschlag \u00fcber 100 Jahre Alpingeschichte, von D\u00fclfer bis Siffredi,<br \/>\nerlaubt gleichzeitig einen Einblick in die Entwicklung der alpinen Ausr\u00fcstung,<br \/>\nin Fortschritte beim Training und in die ver\u00e4nderte Einstellung zum<br \/>\nBergsteigen. Ein Glossar mit alpinen Fachausdr\u00fccken und erkl\u00e4rende Hinweise zu<br \/>\nSchwierigkeitsbewertungen erleichtern dem weniger sachkundigen Leser die<br \/>\nLekt\u00fcre.<br \/>\n272 Seiten, Format 21,0 x 14,5 cm, 81 SW-Abbildungen, darunter viele<br \/>\nOriginalfotos  <\/p>","protected":false},"excerpt":{"rendered":"<p>Schicksale von elf Extrembergsteigern Elf Bergsteiger, die Marksteine in der Alpingeschichte setzten: Hans D\u00fclfer und Paul Preu\u00df, trotz ihres fr\u00fchen Todes die gr\u00f6\u00dften Pioniere des Felskletterns; Willo Welzenbach, Intellektueller und Wegbereiter des modernen Eiskletterns; Louis Lachenal, der &#8218;Sprinter&#8216; am Berg und eine alle Normen sprengende Pers\u00f6nlichkeit; Diether Marchart, dem mit 19 Jahren die erste Solodurchsteigung [&#8230;]\n","protected":false},"featured_media":36843,"template":"","meta":[],"product_brand":[],"product_cat":[21542],"product_tag":[],"class_list":{"0":"post-152311","1":"product","2":"type-product","3":"status-publish","4":"has-post-thumbnail","6":"product_cat-sachbuecher-dokumentationen","7":"pa_autor-remanofsky","8":"pa_erscheinungsjahr-21610","9":"pa_region-oesterreich","10":"pa_sprache-de","12":"first","13":"instock","14":"taxable","15":"shipping-taxable","16":"purchasable","17":"product-type-simple"},"_links":{"self":[{"href":"https:\/\/pizbube.ch\/en\/wp-json\/wp\/v2\/product\/152311","targetHints":{"allow":["GET"]}}],"collection":[{"href":"https:\/\/pizbube.ch\/en\/wp-json\/wp\/v2\/product"}],"about":[{"href":"https:\/\/pizbube.ch\/en\/wp-json\/wp\/v2\/types\/product"}],"wp:featuredmedia":[{"embeddable":true,"href":"https:\/\/pizbube.ch\/en\/wp-json\/wp\/v2\/media\/36843"}],"wp:attachment":[{"href":"https:\/\/pizbube.ch\/en\/wp-json\/wp\/v2\/media?parent=152311"}],"wp:term":[{"taxonomy":"product_brand","embeddable":true,"href":"https:\/\/pizbube.ch\/en\/wp-json\/wp\/v2\/product_brand?post=152311"},{"taxonomy":"product_cat","embeddable":true,"href":"https:\/\/pizbube.ch\/en\/wp-json\/wp\/v2\/product_cat?post=152311"},{"taxonomy":"product_tag","embeddable":true,"href":"https:\/\/pizbube.ch\/en\/wp-json\/wp\/v2\/product_tag?post=152311"}],"curies":[{"name":"wp","href":"https:\/\/api.w.org\/{rel}","templated":true}]}}