{"id":152313,"date":"2021-01-15T12:04:13","date_gmt":"2021-01-15T12:04:13","guid":{"rendered":"https:\/\/codengine3.ch\/?product=import-placeholder-for-204396"},"modified":"2021-01-15T14:32:45","modified_gmt":"2021-01-15T14:32:45","slug":"wolfgang-guellich-klettern-heisst-frei-sein","status":"publish","type":"product","link":"https:\/\/pizbube.ch\/en\/shop\/wolfgang-guellich-klettern-heisst-frei-sein\/","title":{"rendered":"WOLFGANG G\u00dcLLICH &#8211; KLETTERN HEISST FREI SEIN"},"content":{"rendered":"<p>W\u00e4hrend in der Biografie &#8218;Wolfgang G\u00fcllich- Ein Leben in der Senkrechten&#8216; der<br \/>\nLebensweg des Ausnahmekletterers nachvollzogen wird, ist das neue Buch<br \/>\nvollkommen anders. Eine Art &#8218;Lesebuch&#8216; von Wolfgangs selbst verfassten<br \/>\nArtikeln, ein sehr authentischer Text- und Bildband, ganz so, als l\u00e4ge<br \/>\nWolfgangs pers\u00f6nliches, bisweilen handgeschriebenes Kletterbuch vor dem<br \/>\nLeser.Der Mann hat ja nicht wenig geschrieben: Witziges, Nachdenkliches, mal<br \/>\nmoralisch, mal philosophisch. Wir denken, dass seine Statements immer noch<br \/>\naktuell, hochinteressant und vergn\u00fcglich zu lesen sind. Deshalb haben wir aus<br \/>\nseinen Manuskripten, Routenb\u00fcchern und handschriftlichen Notizen diesen<br \/>\naufw\u00e4ndigen Band zusammengestellt. Am Ende wurde er gut 270 Seiten schwer und<br \/>\nerhielt mit Leinen und Pr\u00e4gung einen ausgesuchten Einband. Es ist ein ganz<br \/>\nbesonderes<br \/>\nBuch, in dem dar\u00fcber hinaus \u00fcber 50 Topkletterer vergangener und heutiger Tage<br \/>\nihre Gedanken \u00fcber die Kletterlegende darlegen. Die Statements zeigen einmal<br \/>\nmehr, wie sehr die Person und der Kletterer G\u00fcllich den senkrechten Sport<br \/>\nbeeinflusst hat.<\/p>","protected":false},"excerpt":{"rendered":"<p>W\u00e4hrend in der Biografie &#8218;Wolfgang G\u00fcllich- Ein Leben in der Senkrechten&#8216; der Lebensweg des Ausnahmekletterers nachvollzogen wird, ist das neue Buch vollkommen anders. Eine Art &#8218;Lesebuch&#8216; von Wolfgangs selbst verfassten Artikeln, ein sehr authentischer Text- und Bildband, ganz so, als l\u00e4ge Wolfgangs pers\u00f6nliches, bisweilen handgeschriebenes Kletterbuch vor dem Leser.Der Mann hat ja nicht wenig geschrieben: [&#8230;]\n","protected":false},"featured_media":32257,"template":"","meta":[],"product_brand":[],"product_cat":[21542],"product_tag":[],"class_list":{"0":"post-152313","1":"product","2":"type-product","3":"status-publish","4":"has-post-thumbnail","6":"product_cat-sachbuecher-dokumentationen","7":"pa_autor-hepp-ballenberger","8":"pa_erscheinungsjahr-21763","9":"pa_region-deutschland","10":"pa_sprache-de","12":"first","13":"outofstock","14":"taxable","15":"shipping-taxable","16":"purchasable","17":"product-type-simple"},"_links":{"self":[{"href":"https:\/\/pizbube.ch\/en\/wp-json\/wp\/v2\/product\/152313","targetHints":{"allow":["GET"]}}],"collection":[{"href":"https:\/\/pizbube.ch\/en\/wp-json\/wp\/v2\/product"}],"about":[{"href":"https:\/\/pizbube.ch\/en\/wp-json\/wp\/v2\/types\/product"}],"wp:featuredmedia":[{"embeddable":true,"href":"https:\/\/pizbube.ch\/en\/wp-json\/wp\/v2\/media\/32257"}],"wp:attachment":[{"href":"https:\/\/pizbube.ch\/en\/wp-json\/wp\/v2\/media?parent=152313"}],"wp:term":[{"taxonomy":"product_brand","embeddable":true,"href":"https:\/\/pizbube.ch\/en\/wp-json\/wp\/v2\/product_brand?post=152313"},{"taxonomy":"product_cat","embeddable":true,"href":"https:\/\/pizbube.ch\/en\/wp-json\/wp\/v2\/product_cat?post=152313"},{"taxonomy":"product_tag","embeddable":true,"href":"https:\/\/pizbube.ch\/en\/wp-json\/wp\/v2\/product_tag?post=152313"}],"curies":[{"name":"wp","href":"https:\/\/api.w.org\/{rel}","templated":true}]}}