{"id":152314,"date":"2021-01-15T12:04:13","date_gmt":"2021-01-15T12:04:13","guid":{"rendered":"https:\/\/codengine3.ch\/?product=import-placeholder-for-205930"},"modified":"2023-10-24T10:35:27","modified_gmt":"2023-10-24T08:35:27","slug":"et-soudain-une-montagne-dans-le-ciel","status":"publish","type":"product","link":"https:\/\/pizbube.ch\/en\/shop\/et-soudain-une-montagne-dans-le-ciel\/","title":{"rendered":"Et soudain, une montagne dans le ciel&#8230;"},"content":{"rendered":"<p>Nicole Niquille a toujours \u00e9t\u00e9 de celles qui vont loin : premi\u00e8re femme guide<br \/>\nen Suisse, la montagne l&#8217;a entra\u00een\u00e9e jusque sur les c\u00eemes de l&#8217;Himalaya. En<br \/>\n1994, un accident l&#8217;emporte et c&#8217;est d\u00e9sormais en chaise roulante qu&#8217;elle se<br \/>\nd\u00e9place. Mais cela ne l&#8217;emp\u00eache pas de rester d\u00e9bordant d&#8217;\u00e9nergie.<\/p>\n<p>Elle est aujourd&#8217;hui restauratrice de montagne \u00e0 Tanay et a fait construire un<br \/>\nh\u00f4pital sur les crontreforts de l&#8217;Himalaya n\u00e9palais. Une vie hors du commun<br \/>\n&#8230; mais simple et franche.<\/p>","protected":false},"excerpt":{"rendered":"<p>Nicole Niquille a toujours \u00e9t\u00e9 de celles qui vont loin : premi\u00e8re femme guide en Suisse, la montagne l&#8217;a entra\u00een\u00e9e jusque sur les c\u00eemes de l&#8217;Himalaya. En 1994, un accident l&#8217;emporte et c&#8217;est d\u00e9sormais en chaise roulante qu&#8217;elle se d\u00e9place. Mais cela ne l&#8217;emp\u00eache pas de rester d\u00e9bordant d&#8217;\u00e9nergie. Elle est aujourd&#8217;hui restauratrice de montagne [&#8230;]\n","protected":false},"featured_media":34785,"template":"","meta":[],"product_brand":[],"product_cat":[21542],"product_tag":[],"class_list":{"0":"post-152314","1":"product","2":"type-product","3":"status-publish","4":"has-post-thumbnail","6":"product_cat-sachbuecher-dokumentationen","7":"pa_autor-niquille","8":"pa_erscheinungsjahr-21693","9":"pa_region-schweiz","10":"pa_sprache-fr","12":"first","13":"outofstock","14":"taxable","15":"shipping-taxable","16":"purchasable","17":"product-type-simple"},"_links":{"self":[{"href":"https:\/\/pizbube.ch\/en\/wp-json\/wp\/v2\/product\/152314","targetHints":{"allow":["GET"]}}],"collection":[{"href":"https:\/\/pizbube.ch\/en\/wp-json\/wp\/v2\/product"}],"about":[{"href":"https:\/\/pizbube.ch\/en\/wp-json\/wp\/v2\/types\/product"}],"wp:featuredmedia":[{"embeddable":true,"href":"https:\/\/pizbube.ch\/en\/wp-json\/wp\/v2\/media\/34785"}],"wp:attachment":[{"href":"https:\/\/pizbube.ch\/en\/wp-json\/wp\/v2\/media?parent=152314"}],"wp:term":[{"taxonomy":"product_brand","embeddable":true,"href":"https:\/\/pizbube.ch\/en\/wp-json\/wp\/v2\/product_brand?post=152314"},{"taxonomy":"product_cat","embeddable":true,"href":"https:\/\/pizbube.ch\/en\/wp-json\/wp\/v2\/product_cat?post=152314"},{"taxonomy":"product_tag","embeddable":true,"href":"https:\/\/pizbube.ch\/en\/wp-json\/wp\/v2\/product_tag?post=152314"}],"curies":[{"name":"wp","href":"https:\/\/api.w.org\/{rel}","templated":true}]}}