{"id":152316,"date":"2021-01-15T12:04:13","date_gmt":"2021-01-15T12:04:13","guid":{"rendered":"https:\/\/codengine3.ch\/?product=import-placeholder-for-206282"},"modified":"2024-04-12T12:38:54","modified_gmt":"2024-04-12T10:38:54","slug":"frueh-los-im-gespraech-mit-bergsteigerinnen-ueber-siebzig","status":"publish","type":"product","link":"https:\/\/pizbube.ch\/en\/shop\/frueh-los-im-gespraech-mit-bergsteigerinnen-ueber-siebzig\/","title":{"rendered":"Fr\u00fch los &#8211; Im Gespr\u00e4ch mit Bergsteigerinnen \u00fcber siebzig"},"content":{"rendered":"<p class=\"subtitle\">Im Gespr\u00e4ch mit Bergsteigerinnen \u00fcber siebzig<\/p>\n<p>13 Frauen zwischen 70 und 100 Jahren erz\u00e4hlen von ihren Erlebnissen auf<br \/>\nHochtouren, Skitouren und beim Klettern. Das Spektrum reicht von der<br \/>\nHobbybergsteigerin, die in den 1930er-Jahren lieber den Blumen nachstieg, als<br \/>\ndie Anweisungen des Bergf\u00fchrers zu befolgen, bis zur Extrembergsteigerin, die<br \/>\nin den 1970er-Jahren die Eiger Nordwand durchstieg und beinahe als erste Frau<br \/>\nauf dem Mount Everest stand. Dokumentiert wird, wie Frauen in einer Zeit das<br \/>\nBergsteigen betrieben, als dieses noch weitgehend als M\u00e4nnerdom\u00e4ne galt.<\/p>\n<p>Dar\u00fcber hinaus geben die Portr\u00e4ts Einblicke in 13 eigenst\u00e4ndige Frauenleben:<br \/>\nDa ist von der Kriegszeit die Rede, von der Erwerbsarbeit oder von der Einf\u00fchrung des Frauenstimmrechts.<\/p>\n<p>Aus der Perspektive der Frauen wird auch vieles \u00fcber M\u00e4nner erz\u00e4hlt: Etwa von den Bergsteigern, die den jungen<br \/>\nKletterinnen am Matterhorn w\u00fctend das Seil aus der Sicherung l\u00f6sten, vom Bergf\u00fchrer, der seine Tochter mit zur Arbeit nahm,<br \/>\nund vom Kollegen, der einiges einstecken musste, weil er hinter einer Frau geklettert war.<\/p>\n<p>358 Seiten<br \/>\n49 farbige und 38 sw Abbildungen<br \/>\ngebunden; 14.5 \u00d7 23.5 cm<br \/>\n2. \u00fcberarbeitete Auflage<\/p>","protected":false},"excerpt":{"rendered":"<p>Im Gespr\u00e4ch mit Bergsteigerinnen \u00fcber siebzig 13 Frauen zwischen 70 und 100 Jahren erz\u00e4hlen von ihren Erlebnissen auf Hochtouren, Skitouren und beim Klettern. Das Spektrum reicht von der Hobbybergsteigerin, die in den 1930er-Jahren lieber den Blumen nachstieg, als die Anweisungen des Bergf\u00fchrers zu befolgen, bis zur Extrembergsteigerin, die in den 1970er-Jahren die Eiger Nordwand durchstieg [&#8230;]\n","protected":false},"featured_media":162755,"template":"","meta":[],"product_brand":[],"product_cat":[21542],"product_tag":[],"class_list":{"0":"post-152316","1":"product","2":"type-product","3":"status-publish","4":"has-post-thumbnail","6":"product_cat-sachbuecher-dokumentationen","7":"pa_autor-purtschert","8":"pa_erscheinungsjahr-21610","9":"pa_region-schweiz","10":"pa_sprache-de","12":"first","13":"outofstock","14":"taxable","15":"shipping-taxable","16":"purchasable","17":"product-type-simple"},"_links":{"self":[{"href":"https:\/\/pizbube.ch\/en\/wp-json\/wp\/v2\/product\/152316","targetHints":{"allow":["GET"]}}],"collection":[{"href":"https:\/\/pizbube.ch\/en\/wp-json\/wp\/v2\/product"}],"about":[{"href":"https:\/\/pizbube.ch\/en\/wp-json\/wp\/v2\/types\/product"}],"wp:featuredmedia":[{"embeddable":true,"href":"https:\/\/pizbube.ch\/en\/wp-json\/wp\/v2\/media\/162755"}],"wp:attachment":[{"href":"https:\/\/pizbube.ch\/en\/wp-json\/wp\/v2\/media?parent=152316"}],"wp:term":[{"taxonomy":"product_brand","embeddable":true,"href":"https:\/\/pizbube.ch\/en\/wp-json\/wp\/v2\/product_brand?post=152316"},{"taxonomy":"product_cat","embeddable":true,"href":"https:\/\/pizbube.ch\/en\/wp-json\/wp\/v2\/product_cat?post=152316"},{"taxonomy":"product_tag","embeddable":true,"href":"https:\/\/pizbube.ch\/en\/wp-json\/wp\/v2\/product_tag?post=152316"}],"curies":[{"name":"wp","href":"https:\/\/api.w.org\/{rel}","templated":true}]}}