{"id":152317,"date":"2021-01-15T12:04:13","date_gmt":"2021-01-15T12:04:13","guid":{"rendered":"https:\/\/codengine3.ch\/?product=import-placeholder-for-205669"},"modified":"2021-01-15T14:43:01","modified_gmt":"2021-01-15T14:43:01","slug":"den-himmel-beruehren","status":"publish","type":"product","link":"https:\/\/pizbube.ch\/en\/shop\/den-himmel-beruehren\/","title":{"rendered":"Den Himmel ber\u00fchren"},"content":{"rendered":"<p>Mein Weg auf die h\u00f6chsten Gipfel und an die Pole  <\/p>\n<p>Die junge norwegische Abenteurerin Cecilie Skog, die mit imponierender Energie<br \/>\nals erste Frau beide Pole und die sieben h\u00f6chsten Gipfel der Welt bezwang,<br \/>\nberichtet ebenso spannend wie sympathisch von ihren Expeditionen zu den<br \/>\nextremsten Orten der Welt.  <\/p>\n<p>&#8218;Ich liebe Luft und Schnee in allen Farben, Zelte und den weiten Himmel.&#8216; Seit<br \/>\nihrer Kindheit f\u00fchlt Cecilie Skog sich im Freien am wohlsten. Im Winter<br \/>\nschuftete die Krankenschwester in der Klinik, sommers als Berg\u00adf\u00fchrerin. All<br \/>\nihre freie Zeit verbrachte das z\u00e4he kleine Energieb\u00fcndel im Gebirge. W\u00e4hrend<br \/>\nandere Aben\u00adteurer sich mit Astronautennahrung und Sponsoren\u00adgeldern<br \/>\nversorgen, lebte Cecilie Skog von T\u00fcten\u00adsuppen und trockenen Nudeln und<br \/>\ntr\u00e4umte davon, immer noch h\u00f6her zu klettern. Sie schaffte es bis auf den<br \/>\nGipfel des Everest, zum S\u00fcd- und, als erste Frau \u00fcberhaupt, zum Nord\u00adpol. In<br \/>\nihrer Autobiografie er\u00adz\u00e4hlt sie, wie sie sich mit Hartn\u00e4ckigkeit ihren<br \/>\nLe\u00adbenstraum er\u00adf\u00fcllte. Und wie sie in dem Bergsteiger Rolf Bae ihren<br \/>\nSeelen\u00adver\u00adwand\u00adten und die gro\u00dfe Liebe fand.<\/p>","protected":false},"excerpt":{"rendered":"<p>Mein Weg auf die h\u00f6chsten Gipfel und an die Pole Die junge norwegische Abenteurerin Cecilie Skog, die mit imponierender Energie als erste Frau beide Pole und die sieben h\u00f6chsten Gipfel der Welt bezwang, berichtet ebenso spannend wie sympathisch von ihren Expeditionen zu den extremsten Orten der Welt. &#8218;Ich liebe Luft und Schnee in allen Farben, [&#8230;]\n","protected":false},"featured_media":34469,"template":"","meta":[],"product_brand":[],"product_cat":[21542],"product_tag":[],"class_list":{"0":"post-152317","1":"product","2":"type-product","3":"status-publish","4":"has-post-thumbnail","6":"product_cat-sachbuecher-dokumentationen","7":"pa_autor-skog","8":"pa_erscheinungsjahr-21693","9":"pa_region-deutschland","10":"pa_sprache-de","12":"first","13":"outofstock","14":"taxable","15":"shipping-taxable","16":"purchasable","17":"product-type-simple"},"_links":{"self":[{"href":"https:\/\/pizbube.ch\/en\/wp-json\/wp\/v2\/product\/152317","targetHints":{"allow":["GET"]}}],"collection":[{"href":"https:\/\/pizbube.ch\/en\/wp-json\/wp\/v2\/product"}],"about":[{"href":"https:\/\/pizbube.ch\/en\/wp-json\/wp\/v2\/types\/product"}],"wp:featuredmedia":[{"embeddable":true,"href":"https:\/\/pizbube.ch\/en\/wp-json\/wp\/v2\/media\/34469"}],"wp:attachment":[{"href":"https:\/\/pizbube.ch\/en\/wp-json\/wp\/v2\/media?parent=152317"}],"wp:term":[{"taxonomy":"product_brand","embeddable":true,"href":"https:\/\/pizbube.ch\/en\/wp-json\/wp\/v2\/product_brand?post=152317"},{"taxonomy":"product_cat","embeddable":true,"href":"https:\/\/pizbube.ch\/en\/wp-json\/wp\/v2\/product_cat?post=152317"},{"taxonomy":"product_tag","embeddable":true,"href":"https:\/\/pizbube.ch\/en\/wp-json\/wp\/v2\/product_tag?post=152317"}],"curies":[{"name":"wp","href":"https:\/\/api.w.org\/{rel}","templated":true}]}}