{"id":152320,"date":"2021-01-15T12:04:14","date_gmt":"2021-01-15T12:04:14","guid":{"rendered":"https:\/\/codengine3.ch\/?product=import-placeholder-for-201749"},"modified":"2021-01-15T12:04:17","modified_gmt":"2021-01-15T12:04:17","slug":"groenland-die-unbekannten-berge-der-ostkueste","status":"publish","type":"product","link":"https:\/\/pizbube.ch\/en\/shop\/groenland-die-unbekannten-berge-der-ostkueste\/","title":{"rendered":"GR\u00d6NLAND- die unbekannten Berge der Ostk\u00fcste"},"content":{"rendered":"<p>beachtenswerte Dokumentation \u00fcber die grossartigen Gebirgslandschaften<br \/>\nOstgr\u00f6nlands (mit vielen Panoramafotos)<\/p>","protected":false},"excerpt":{"rendered":"<p>beachtenswerte Dokumentation \u00fcber die grossartigen Gebirgslandschaften Ostgr\u00f6nlands (mit vielen Panoramafotos)<\/p>","protected":false},"featured_media":45070,"template":"","meta":[],"product_brand":[],"product_cat":[21542],"product_tag":[],"class_list":{"0":"post-152320","1":"product","2":"type-product","3":"status-publish","4":"has-post-thumbnail","6":"product_cat-sachbuecher-dokumentationen","7":"pa_autor-reinthaler-florian","8":"pa_erscheinungsjahr-22060","9":"pa_region-arktis-antarktis-groenland-island","10":"pa_sprache-de","12":"first","13":"outofstock","14":"taxable","15":"shipping-taxable","16":"purchasable","17":"product-type-simple"},"_links":{"self":[{"href":"https:\/\/pizbube.ch\/en\/wp-json\/wp\/v2\/product\/152320","targetHints":{"allow":["GET"]}}],"collection":[{"href":"https:\/\/pizbube.ch\/en\/wp-json\/wp\/v2\/product"}],"about":[{"href":"https:\/\/pizbube.ch\/en\/wp-json\/wp\/v2\/types\/product"}],"wp:featuredmedia":[{"embeddable":true,"href":"https:\/\/pizbube.ch\/en\/wp-json\/wp\/v2\/media\/45070"}],"wp:attachment":[{"href":"https:\/\/pizbube.ch\/en\/wp-json\/wp\/v2\/media?parent=152320"}],"wp:term":[{"taxonomy":"product_brand","embeddable":true,"href":"https:\/\/pizbube.ch\/en\/wp-json\/wp\/v2\/product_brand?post=152320"},{"taxonomy":"product_cat","embeddable":true,"href":"https:\/\/pizbube.ch\/en\/wp-json\/wp\/v2\/product_cat?post=152320"},{"taxonomy":"product_tag","embeddable":true,"href":"https:\/\/pizbube.ch\/en\/wp-json\/wp\/v2\/product_tag?post=152320"}],"curies":[{"name":"wp","href":"https:\/\/api.w.org\/{rel}","templated":true}]}}