{"id":152324,"date":"2021-01-15T12:04:14","date_gmt":"2021-01-15T12:04:14","guid":{"rendered":"https:\/\/codengine3.ch\/?product=import-placeholder-for-201753"},"modified":"2021-01-15T12:04:18","modified_gmt":"2021-01-15T12:04:18","slug":"pyrenaeen-die-schoensten-canyoningtouren","status":"publish","type":"product","link":"https:\/\/pizbube.ch\/en\/shop\/pyrenaeen-die-schoensten-canyoningtouren\/","title":{"rendered":"Pyren\u00e4en, die sch\u00f6nsten Canyoningtouren"},"content":{"rendered":"<p>Die 88 sch\u00f6nsten Touren in den Schluchten der Pyren\u00e4en und Sierra de Guara:<br \/>\nDie Pyren\u00e4en und ihre Randgebiete, allen voran die Sierra de Guara, z\u00e4hlen zu<br \/>\nden absoluten Paradezielen f\u00fcr Canyoning-Freunde aus ganz Europa. Die Autoren<br \/>\ndieses ersten deutschsprachigen Canyoning-F\u00fchrers zu den Pyren\u00e4en, geh\u00f6ren mit<br \/>\nder Erkundung von mehr als 130 Schluchten zu den besten Kennern der Region.<br \/>\nSie stellen in ihrem gro\u00dfz\u00fcgig ausgestatteten Topo-Guide die 88 sch\u00f6nsten<br \/>\nCanyoning-Touren im Grenzgebirge zwischen Frankreich und Spanien vor. Die<br \/>\nTourenauswahl soll dabei nicht nur dem enormen Abwechslungsreichtum der<br \/>\nSchluchtlandschaften gerecht werden, sondern auch den verschiedenen Anspr\u00fcchen<br \/>\nan das sportliche Niveau Rechnung tragen. So richtet sich der F\u00fchrer nicht nur<br \/>\nan versierte Canyonisten, sondern auch an Einsteiger und an alle, die die Welt<br \/>\nder Schluchten f\u00fcrs Erste auf gef\u00fchrten Abstiegen erleben wollen. Jeder<br \/>\nTourenvorschlag wird detailliert beschrieben, u.a. auch mit Hinweisen zur<br \/>\nbesten Jahreszeit, zu Ausr\u00fcstung, Schwierigkeit usw., und zus\u00e4tzlich durch ein<br \/>\n\u00fcbersichtliches Topo skizziert.  <\/p>","protected":false},"excerpt":{"rendered":"<p>Die 88 sch\u00f6nsten Touren in den Schluchten der Pyren\u00e4en und Sierra de Guara: Die Pyren\u00e4en und ihre Randgebiete, allen voran die Sierra de Guara, z\u00e4hlen zu den absoluten Paradezielen f\u00fcr Canyoning-Freunde aus ganz Europa. Die Autoren dieses ersten deutschsprachigen Canyoning-F\u00fchrers zu den Pyren\u00e4en, geh\u00f6ren mit der Erkundung von mehr als 130 Schluchten zu den besten [&#8230;]\n","protected":false},"featured_media":29142,"template":"","meta":[],"product_brand":[],"product_cat":[21650],"product_tag":[],"class_list":{"0":"post-152324","1":"product","2":"type-product","3":"status-publish","4":"has-post-thumbnail","6":"product_cat-canyoningfuehrer","7":"pa_autor-buedeler","8":"pa_erscheinungsjahr-22133","9":"pa_region-spanien","10":"pa_sprache-de","12":"first","13":"outofstock","14":"taxable","15":"shipping-taxable","16":"purchasable","17":"product-type-simple"},"_links":{"self":[{"href":"https:\/\/pizbube.ch\/en\/wp-json\/wp\/v2\/product\/152324","targetHints":{"allow":["GET"]}}],"collection":[{"href":"https:\/\/pizbube.ch\/en\/wp-json\/wp\/v2\/product"}],"about":[{"href":"https:\/\/pizbube.ch\/en\/wp-json\/wp\/v2\/types\/product"}],"wp:featuredmedia":[{"embeddable":true,"href":"https:\/\/pizbube.ch\/en\/wp-json\/wp\/v2\/media\/29142"}],"wp:attachment":[{"href":"https:\/\/pizbube.ch\/en\/wp-json\/wp\/v2\/media?parent=152324"}],"wp:term":[{"taxonomy":"product_brand","embeddable":true,"href":"https:\/\/pizbube.ch\/en\/wp-json\/wp\/v2\/product_brand?post=152324"},{"taxonomy":"product_cat","embeddable":true,"href":"https:\/\/pizbube.ch\/en\/wp-json\/wp\/v2\/product_cat?post=152324"},{"taxonomy":"product_tag","embeddable":true,"href":"https:\/\/pizbube.ch\/en\/wp-json\/wp\/v2\/product_tag?post=152324"}],"curies":[{"name":"wp","href":"https:\/\/api.w.org\/{rel}","templated":true}]}}