{"id":152325,"date":"2021-01-15T12:04:14","date_gmt":"2021-01-15T12:04:14","guid":{"rendered":"https:\/\/codengine3.ch\/?product=import-placeholder-for-206232"},"modified":"2021-01-15T14:47:26","modified_gmt":"2021-01-15T14:47:26","slug":"canyons-du-haut-couserans","status":"publish","type":"product","link":"https:\/\/pizbube.ch\/en\/shop\/canyons-du-haut-couserans\/","title":{"rendered":"Canyons du Haut-Couserans"},"content":{"rendered":"<p>Ari\u00e9ge &#8211; Pyr\u00e9n\u00e9es<br \/>\nCe livre vous propose de sortir des sentiers battus pour aller \u00e0 la rencontre<br \/>\ndu Haut-Couserans, terre jusqu\u2019alors peu parcourue en mati\u00e8re de canyonisme.<br \/>\nIn\u00e9dites, une vingtaine de descentes y sont d\u00e9crites \u00e0 travers des<br \/>\ntopographies, des textes, des cartes et de nombreuses photos.  <\/p>\n<p>Du canyon d\u2019initiation aux descentes engag\u00e9es en terrain d\u2019aventure, toute<br \/>\nl\u2019\u00e9tendue des difficult\u00e9s s\u2019offre \u00e0 votre soif de d\u00e9couvrir de nouveaux<br \/>\nespaces.  <\/p>","protected":false},"excerpt":{"rendered":"<p>Ari\u00e9ge &#8211; Pyr\u00e9n\u00e9es Ce livre vous propose de sortir des sentiers battus pour aller \u00e0 la rencontre du Haut-Couserans, terre jusqu\u2019alors peu parcourue en mati\u00e8re de canyonisme. In\u00e9dites, une vingtaine de descentes y sont d\u00e9crites \u00e0 travers des topographies, des textes, des cartes et de nombreuses photos. Du canyon d\u2019initiation aux descentes engag\u00e9es en terrain [&#8230;]\n","protected":false},"featured_media":35204,"template":"","meta":[],"product_brand":[],"product_cat":[21650],"product_tag":[],"class_list":{"0":"post-152325","1":"product","2":"type-product","3":"status-publish","4":"has-post-thumbnail","6":"product_cat-canyoningfuehrer","7":"pa_autor-menager","8":"pa_erscheinungsjahr-21591","9":"pa_region-frankreich","10":"pa_sprache-fr","12":"first","13":"outofstock","14":"taxable","15":"shipping-taxable","16":"purchasable","17":"product-type-simple"},"_links":{"self":[{"href":"https:\/\/pizbube.ch\/en\/wp-json\/wp\/v2\/product\/152325","targetHints":{"allow":["GET"]}}],"collection":[{"href":"https:\/\/pizbube.ch\/en\/wp-json\/wp\/v2\/product"}],"about":[{"href":"https:\/\/pizbube.ch\/en\/wp-json\/wp\/v2\/types\/product"}],"wp:featuredmedia":[{"embeddable":true,"href":"https:\/\/pizbube.ch\/en\/wp-json\/wp\/v2\/media\/35204"}],"wp:attachment":[{"href":"https:\/\/pizbube.ch\/en\/wp-json\/wp\/v2\/media?parent=152325"}],"wp:term":[{"taxonomy":"product_brand","embeddable":true,"href":"https:\/\/pizbube.ch\/en\/wp-json\/wp\/v2\/product_brand?post=152325"},{"taxonomy":"product_cat","embeddable":true,"href":"https:\/\/pizbube.ch\/en\/wp-json\/wp\/v2\/product_cat?post=152325"},{"taxonomy":"product_tag","embeddable":true,"href":"https:\/\/pizbube.ch\/en\/wp-json\/wp\/v2\/product_tag?post=152325"}],"curies":[{"name":"wp","href":"https:\/\/api.w.org\/{rel}","templated":true}]}}