{"id":152326,"date":"2021-01-15T12:04:14","date_gmt":"2021-01-15T12:04:14","guid":{"rendered":"https:\/\/codengine3.ch\/?product=import-placeholder-for-205380"},"modified":"2022-03-08T12:10:44","modified_gmt":"2022-03-08T11:10:44","slug":"40-barrancos-de-asturias","status":"publish","type":"product","link":"https:\/\/pizbube.ch\/en\/shop\/40-barrancos-de-asturias\/","title":{"rendered":"40 barrancos de Asturias"},"content":{"rendered":"<p>Ponemos en tus manos una gu\u00eda que, sin duda, te sorprender\u00e1, por el enorme potencial barranquista del Principado de Asturias, y porque en esta gu\u00eda encontrar\u00e1s muchos barrancos in\u00e9ditos y poco concidos. As\u00ed, en cierto sentido, \u00e9sta es una gu\u00eda pionera que intenta dibujar los primeros trazos precisos en una zona en blanco del mapa barranquista peninsular.<\/p>\n<p>En estas p\u00e1ginas se encuentran ca\u00f1ones y barrancos de todo tipo y dificultad; foces cerradas y profundas, y torrenteras verticales y abiertas; barrancos en calizas y en cuarcitas; ca\u00f1ones sin r\u00e1peles y otros con m\u00e1s de 20, y\/o con grandes cascadas; descensos acu\u00e1ticos y barrancos secos todo el a\u00f1o; barrancos para agosto y para enero; barrancos con aproximaciones cortas y otros con accesos largos y complejos; incluso dos descensos de barrancos subterr\u00e1neos&#8230; como ves, la oferta es amplia, amigo lector y barranquista.<\/p>\n<p>Todos los barrancos rese\u00f1ados se encuentran pormenorizadamente descritos, con sus correspondientes croquis, y mapas de situaci\u00f3n y accesos, as\u00ed como acompa\u00f1ados de una complet\u00edsima ficha t\u00e9cnica. Adem\u00e1s, tambi\u00e9n encontrar\u00e1s informaci\u00f3n complementar\u00eda de inter\u00e9s como geolog\u00eda, historia tradicional y deportiva, toponimia e hidrolog\u00eda del barranco que te ayudar\u00e1n a conocer mejor tu terreno de aventura.<\/p>\n<p>Dimensiones: 14 cm x 21 cm<br \/>\nN\u00ba P\u00e1g.: 272<br \/>\nIdiomas: Castella<\/p>","protected":false},"excerpt":{"rendered":"<p>Ponemos en tus manos una gu\u00eda que, sin duda, te sorprender\u00e1, por el enorme potencial barranquista del Principado de Asturias, y porque en esta gu\u00eda encontrar\u00e1s muchos barrancos in\u00e9ditos y poco concidos. As\u00ed, en cierto sentido, \u00e9sta es una gu\u00eda pionera que intenta dibujar los primeros trazos precisos en una zona en blanco del mapa [&#8230;]\n","protected":false},"featured_media":34066,"template":"","meta":[],"product_brand":[],"product_cat":[21650],"product_tag":[],"class_list":{"0":"post-152326","1":"product","2":"type-product","3":"status-publish","4":"has-post-thumbnail","6":"product_cat-canyoningfuehrer","7":"pa_autor-solares","8":"pa_erscheinungsjahr-21591","9":"pa_region-spanien","10":"pa_sprache-sp","12":"first","13":"onbackorder","14":"taxable","15":"shipping-taxable","16":"purchasable","17":"product-type-simple"},"_links":{"self":[{"href":"https:\/\/pizbube.ch\/en\/wp-json\/wp\/v2\/product\/152326","targetHints":{"allow":["GET"]}}],"collection":[{"href":"https:\/\/pizbube.ch\/en\/wp-json\/wp\/v2\/product"}],"about":[{"href":"https:\/\/pizbube.ch\/en\/wp-json\/wp\/v2\/types\/product"}],"wp:featuredmedia":[{"embeddable":true,"href":"https:\/\/pizbube.ch\/en\/wp-json\/wp\/v2\/media\/34066"}],"wp:attachment":[{"href":"https:\/\/pizbube.ch\/en\/wp-json\/wp\/v2\/media?parent=152326"}],"wp:term":[{"taxonomy":"product_brand","embeddable":true,"href":"https:\/\/pizbube.ch\/en\/wp-json\/wp\/v2\/product_brand?post=152326"},{"taxonomy":"product_cat","embeddable":true,"href":"https:\/\/pizbube.ch\/en\/wp-json\/wp\/v2\/product_cat?post=152326"},{"taxonomy":"product_tag","embeddable":true,"href":"https:\/\/pizbube.ch\/en\/wp-json\/wp\/v2\/product_tag?post=152326"}],"curies":[{"name":"wp","href":"https:\/\/api.w.org\/{rel}","templated":true}]}}